{"id":1113,"date":"2022-05-25T13:11:12","date_gmt":"2022-05-25T11:11:12","guid":{"rendered":"https:\/\/nueva.afacatarroja.org\/contacto\/"},"modified":"2026-02-09T16:46:55","modified_gmt":"2026-02-09T15:46:55","slug":"contact","status":"publish","type":"page","link":"https:\/\/afacatarroja.org\/en\/contact\/","title":{"rendered":"Contact"},"content":{"rendered":"\n<div class=\"row row-collapse row-full-width\"  id=\"row-1367519243\">\n\n\n\t<div id=\"col-1312801650\" class=\"col small-12 large-12\"  >\n\t\t\t\t<div class=\"col-inner\"  >\n\t\t\t\n\t\t\t\n\n\n\t<section class=\"section\" id=\"section_1338360642\">\n\t\t<div class=\"section-bg fill\" >\n\t\t\t<img loading=\"lazy\" decoding=\"async\" width=\"1920\" height=\"911\" src=\"https:\/\/afacatarroja.org\/wp-content\/uploads\/2022\/05\/contacto-afac.jpg\" class=\"bg attachment-original size-original\" alt=\"\" \/>\t\t\t\t\t\t<div class=\"section-bg-overlay absolute fill\"><\/div>\n\t\t\t\n\n\t\t<\/div>\n\n\t\t\n\n\t\t<div class=\"section-content relative\">\n\t\t\t\n\n<div class=\"row row-collapse align-center\" style=\"max-width:\" id=\"row-1214599122\">\n\n\n\t<div id=\"col-761802606\" class=\"col small-12 large-12\"  >\n\t\t\t\t<div class=\"col-inner text-center dark\"  >\n\t\t\t\n\t\t\t\n\n\t<div id=\"text-3862619263\" class=\"text\">\n\t\t\n\n<h1><span style=\"font-size: 100%;\">Contact<\/span><\/h1>\n\t\t\n<style>\n#text-3862619263 {\n  font-size: 2.25rem;\n  color: rgb(0,0,0);\n}\n#text-3862619263 > * {\n  color: rgb(0,0,0);\n}\n<\/style>\n\t<\/div>\n\t\n\n\t\t<\/div>\n\t\t\t\t\n<style>\n#col-761802606 > .col-inner {\n  padding: 100px 20px 200px 0px;\n}\n@media (min-width:550px) {\n  #col-761802606 > .col-inner {\n    padding: 100px 0px 200px 0px;\n  }\n}\n<\/style>\n\t<\/div>\n\n\t\n\n<\/div>\n\n\t\t<\/div>\n\n\t\t\n<style>\n#section_1338360642 {\n  padding-top: 0px;\n  padding-bottom: 0px;\n  min-height: 0px;\n}\n#section_1338360642 .section-bg-overlay {\n  background-color: rgba(0, 0, 0, 0.12);\n}\n#section_1338360642 .section-bg img {\n  object-position: 55%30%;\n}\n@media (min-width:550px) {\n  #section_1338360642 {\n    padding-top: 0px;\n    padding-bottom: 0px;\n  }\n  #section_1338360642 .section-bg-overlay {\n    background-color: rgba(0, 0, 0, 0.21);\n  }\n}\n@media (min-width:850px) {\n  #section_1338360642 {\n    padding-top: 0px;\n    padding-bottom: 0px;\n  }\n  #section_1338360642 .section-bg-overlay {\n    background-color: rgba(255,255,255,.5);\n  }\n}\n<\/style>\n\t<\/section>\n\t\n\n\t\t<\/div>\n\t\t\t\t\t<\/div>\n\n\t\n\n<\/div>\n<div class=\"row row-large\" style=\"max-width:1400px\" id=\"row-1245931576\">\n\n\n\t<div id=\"col-206144713\" class=\"col small-12 large-12\"  >\n\t\t\t\t<div class=\"col-inner\" style=\"background-color:rgb(255, 255, 255);\" >\n\t\t\t\n\t\t\t\n\n<div class=\"row row-collapse row-full-width\"  id=\"row-1451634479\">\n\n\n\t<div id=\"col-2057284122\" class=\"col medium-12 small-12 large-6\"  >\n\t\t\t\t<div class=\"col-inner\"  >\n\t\t\t\n\t\t\t\n\n\t<div id=\"gap-1310277403\" class=\"gap-element clearfix\" style=\"display:block; height:auto;\">\n\t\t\n<style>\n#gap-1310277403 {\n  padding-top: 20px;\n}\n@media (min-width:550px) {\n  #gap-1310277403 {\n    padding-top: 20px;\n  }\n}\n@media (min-width:850px) {\n  #gap-1310277403 {\n    padding-top: 30px;\n  }\n}\n<\/style>\n\t<\/div>\n\t\n\n<div class=\"row\"  id=\"row-115661435\">\n\n\n\t<div id=\"col-394147677\" class=\"col medium-6 small-12 large-6\"  >\n\t\t\t\t<div class=\"col-inner\"  >\n\t\t\t\n\t\t\t\n\n\t<div class=\"img has-hover x md-x lg-x y md-y lg-y\" id=\"image_1150677231\">\n\t\t\t\t\t\t\t\t<div class=\"img-inner dark\" >\n\t\t\t<img loading=\"lazy\" decoding=\"async\" width=\"66\" height=\"66\" src=\"https:\/\/afacatarroja.org\/wp-content\/uploads\/2022\/05\/localizacion-icon.png\" class=\"attachment-large size-large\" alt=\"\" \/>\t\t\t\t\t\t\n\t\t\t\t\t<\/div>\n\t\t\t\t\t\t\t\t\n<style>\n#image_1150677231 {\n  width: 15%;\n}\n@media (min-width:550px) {\n  #image_1150677231 {\n    width: 25%;\n  }\n}\n<\/style>\n\t<\/div>\n\t\n\n<h3 class=\"uppercase\">WHERE WE ARE<\/h3>\n<p>C\/ Carmen Herrero Penella, 21 <br \/>(esquina a C\/ Ronda de l&#8217;Est)<br \/>46470 Catarroja<br \/>VALENCIA<\/p>\n\n\t\t<\/div>\n\t\t\t\t\t<\/div>\n\n\t\n\n\t<div id=\"col-615407945\" class=\"col medium-5 small-12 large-6\"  >\n\t\t\t\t<div class=\"col-inner\"  >\n\t\t\t\n\t\t\t\n\n\t<div class=\"img has-hover x md-x lg-x y md-y lg-y\" id=\"image_923709671\">\n\t\t\t\t\t\t\t\t<div class=\"img-inner dark\" >\n\t\t\t<img loading=\"lazy\" decoding=\"async\" width=\"66\" height=\"66\" src=\"https:\/\/afacatarroja.org\/wp-content\/uploads\/2022\/05\/horario-icon.png\" class=\"attachment-large size-large\" alt=\"\" \/>\t\t\t\t\t\t\n\t\t\t\t\t<\/div>\n\t\t\t\t\t\t\t\t\n<style>\n#image_923709671 {\n  width: 15%;\n}\n@media (min-width:550px) {\n  #image_923709671 {\n    width: 25%;\n  }\n}\n<\/style>\n\t<\/div>\n\t\n\n<h3 class=\"uppercase\">OUR SCHEDULE<\/h3>\n<p>Lunes a Viernes:<br \/>de 9:30 a 13:30 h<br \/>de 16:00 a 20:00 h<\/p>\n\n\t\t<\/div>\n\t\t\t\t\t<\/div>\n\n\t\n\n<\/div>\n<div class=\"row\"  id=\"row-489116703\">\n\n\n\t<div id=\"col-1327553558\" class=\"col medium-6 small-12 large-6\"  >\n\t\t\t\t<div class=\"col-inner\"  >\n\t\t\t\n\t\t\t\n\n\t<div class=\"img has-hover x md-x lg-x y md-y lg-y\" id=\"image_1998920124\">\n\t\t\t\t\t\t\t\t<div class=\"img-inner dark\" >\n\t\t\t<img loading=\"lazy\" decoding=\"async\" width=\"66\" height=\"66\" src=\"https:\/\/afacatarroja.org\/wp-content\/uploads\/2022\/05\/mail-icon.png\" class=\"attachment-large size-large\" alt=\"\" \/>\t\t\t\t\t\t\n\t\t\t\t\t<\/div>\n\t\t\t\t\t\t\t\t\n<style>\n#image_1998920124 {\n  width: 15%;\n}\n@media (min-width:550px) {\n  #image_1998920124 {\n    width: 25%;\n  }\n}\n<\/style>\n\t<\/div>\n\t\n\n<h3 class=\"uppercase\">E-mail<\/h3>\n<p><strong><a href=\"mailto:infoafacatarroja@gmail.com\">infoafacatarroja@gmail.com<\/a><\/strong><\/p>\n\n\t\t<\/div>\n\t\t\t\t\t<\/div>\n\n\t\n\n\t<div id=\"col-1144406109\" class=\"col medium-6 small-12 large-6\"  >\n\t\t\t\t<div class=\"col-inner\"  >\n\t\t\t\n\t\t\t\n\n<h3 class=\"uppercase\">SOCIAL NETWORKS<\/h3>\n<div class=\"social-icons follow-icons\" style=\"font-size:150%\"><a href=\"https:\/\/www.facebook.com\/afacatarroja\/?locale=es_ES\" target=\"_blank\" data-label=\"Facebook\" class=\"icon button circle is-outline tooltip facebook\" title=\"Follow on Facebook\" aria-label=\"Follow on Facebook\" rel=\"noopener nofollow\"><i class=\"icon-facebook\" aria-hidden=\"true\"><\/i><\/a><a href=\"https:\/\/www.instagram.com\/afacatarroja\/?hl=es\" target=\"_blank\" data-label=\"Instagram\" class=\"icon button circle is-outline tooltip instagram\" title=\"Follow on Instagram\" aria-label=\"Follow on Instagram\" rel=\"noopener nofollow\"><i class=\"icon-instagram\" aria-hidden=\"true\"><\/i><\/a><\/div>\n\n\n\t\t<\/div>\n\t\t\t\t\t<\/div>\n\n\t\n\n<\/div>\n\t<div id=\"gap-1451238501\" class=\"gap-element clearfix\" style=\"display:block; height:auto;\">\n\t\t\n<style>\n#gap-1451238501 {\n  padding-top: 41px;\n}\n<\/style>\n\t<\/div>\n\t\n\n<p><iframe src=\"https:\/\/www.google.com\/maps\/embed?pb=!1m18!1m12!1m3!1d3082.885837734119!2d-0.400701487961894!3d39.40408877150193!2m3!1f0!2f0!3f0!3m2!1i1024!2i768!4f13.1!3m3!1m2!1s0xd604e9ddd86b623%3A0x1dfaebda0acdccfc!2sC.%20Carmen%20Herrero%20Penella%2C%2021%2C%2046470%20Catarroja%2C%20Valencia!5e0!3m2!1ses!2ses!4v1770651957349!5m2!1ses!2ses\" width=\"600\" height=\"450\" style=\"border:0;\" allowfullscreen=\"\" loading=\"lazy\" referrerpolicy=\"no-referrer-when-downgrade\"><\/iframe><\/p>\n\n\n\t\t<\/div>\n\t\t\t\t\n<style>\n#col-2057284122 > .col-inner {\n  padding: 0px 0px 0px 20px;\n}\n<\/style>\n\t<\/div>\n\n\t\n\n\t<div id=\"col-2110148203\" class=\"col medium-12 small-12 large-6\"  >\n\t\t\t\t<div class=\"col-inner\"  >\n\t\t\t\n\t\t\t\n\n<h2><span style=\"font-size: 120%;\">Send us your query<\/span><\/h2>\n\t<div id=\"gap-2123732840\" class=\"gap-element clearfix\" style=\"display:block; height:auto;\">\n\t\t\n<style>\n#gap-2123732840 {\n  padding-top: 20px;\n}\n@media (min-width:550px) {\n  #gap-2123732840 {\n    padding-top: 20px;\n  }\n}\n@media (min-width:850px) {\n  #gap-2123732840 {\n    padding-top: 30px;\n  }\n}\n<\/style>\n\t<\/div>\n\t\n\n\n<div class=\"wpcf7 no-js\" id=\"wpcf7-f1531-o1\" lang=\"es-ES\" dir=\"ltr\" data-wpcf7-id=\"1531\">\n<div class=\"screen-reader-response\"><p role=\"status\" aria-live=\"polite\" aria-atomic=\"true\"><\/p> <ul><\/ul><\/div>\n<form action=\"\/en\/wp-json\/wp\/v2\/pages\/1113#wpcf7-f1531-o1\" method=\"post\" class=\"wpcf7-form init\" aria-label=\"Formulario de contacto\" novalidate=\"novalidate\" data-status=\"init\">\n<fieldset class=\"hidden-fields-container\"><input type=\"hidden\" name=\"_wpcf7\" value=\"1531\" \/><input type=\"hidden\" name=\"_wpcf7_version\" value=\"6.1.5\" \/><input type=\"hidden\" name=\"_wpcf7_locale\" value=\"es_ES\" \/><input type=\"hidden\" name=\"_wpcf7_unit_tag\" value=\"wpcf7-f1531-o1\" \/><input type=\"hidden\" name=\"_wpcf7_container_post\" value=\"0\" \/><input type=\"hidden\" name=\"_wpcf7_posted_data_hash\" value=\"\" \/><input type=\"hidden\" name=\"_cf7a__timestamp\" value=\"KQPWTLLvEepOCzAkngAaRA==\" \/><input type=\"hidden\" name=\"_cf7a_version\" value=\"1.0\" \/><input type=\"hidden\" name=\"_cf7a_address\" value=\"\" \/><input type=\"hidden\" name=\"_cf7a_referer\" value=\"\" \/><input type=\"hidden\" name=\"_cf7a_protocol\" value=\"\" \/><input type=\"hidden\" name=\"_cf7a_bot_fingerprint\" value=\"KQPWTLLvEepOCzAkngAaRA==\" \/><input type=\"hidden\" name=\"_cf7a_bot_fingerprint_extras\" \/><input type=\"hidden\" name=\"_cf7a_append_on_submit\" \/>\n<\/fieldset>\n<div class=\"form-flat\">\n\t<p><span class=\"wpcf7-form-control-wrap\" data-name=\"your-name\"><input type=\"text\" name=\"name\" value=\"\" autocomplete=\"fill\" class=\"fit-the-fullspace\" aria-hidden=\"true\" tabindex=\"-1\" \/><input size=\"40\" maxlength=\"400\" class=\"wpcf7-form-control wpcf7-text wpcf7-validates-as-required\" aria-required=\"true\" aria-invalid=\"false\" placeholder=\"Name and Surname*\" value=\"\" type=\"text\" name=\"your-name\" \/><\/span><br \/>\n<span class=\"wpcf7-form-control-wrap\" data-name=\"your-email\"><input size=\"40\" maxlength=\"400\" class=\"wpcf7-form-control wpcf7-email wpcf7-validates-as-required wpcf7-text wpcf7-validates-as-email\" aria-required=\"true\" aria-invalid=\"false\" placeholder=\"E-mail*\" value=\"\" type=\"email\" name=\"your-email\" \/><\/span><br \/>\n<span class=\"wpcf7-form-control-wrap\" data-name=\"your-phone\"><input size=\"40\" maxlength=\"400\" class=\"wpcf7-form-control wpcf7-tel wpcf7-validates-as-required wpcf7-text wpcf7-validates-as-tel\" aria-required=\"true\" aria-invalid=\"false\" placeholder=\"Phone*\" value=\"\" type=\"tel\" name=\"your-phone\" \/><\/span><br \/>\n<span class=\"wpcf7-form-control-wrap\" data-name=\"your-message\"><textarea cols=\"40\" rows=\"10\" maxlength=\"2000\" class=\"wpcf7-form-control wpcf7-textarea\" aria-invalid=\"false\" placeholder=\"Write your query here\" name=\"your-message\"><\/textarea><\/span>\n\t<\/p>\n\t<h6><br \/>\n<span><span class=\"wpcf7-form-control-wrap\" data-name=\"privacidad\"><span class=\"wpcf7-form-control wpcf7-acceptance\"><span class=\"wpcf7-list-item\"><input type=\"checkbox\" name=\"privacidad\" value=\"1\" aria-invalid=\"false\" \/><\/span><\/span><\/span> By completing this form, you expressly give your consent for ASSOCIACI\u00d3 DE FAMILIARS D'ALZHEIMER I ALTRES DEM\u00c8NCIES DE CATARROJA (AFAC) to process the data you provide for the time strictly necessary for the purposes that justify the assignment.<\/span>\n\t<\/h6>\n\t<p><span class=\"wpcf7-form-control-wrap\" data-name=\"random-math-quiz\"><label><span class=\"wpcf7-quiz-label\">14+10=?<\/span> <input type=\"text\" name=\"town\" value=\"\" autocomplete=\"fill\" class=\"fit-the-fullspace\" aria-hidden=\"true\" tabindex=\"-1\" \/><input size=\"40\" class=\"wpcf7-form-control wpcf7-quiz\" autocomplete=\"off\" aria-required=\"true\" aria-invalid=\"false\" type=\"text\" name=\"random-math-quiz\" \/><\/label><input type=\"hidden\" name=\"_wpcf7_quiz_answer_random-math-quiz\" value=\"6bbc19a27f2447bd1e7278f63f2f598b\" \/><\/span>\n\t<\/p>\n\t<p><input class=\"wpcf7-form-control wpcf7-submit has-spinner\" type=\"submit\" value=\"Enviar\" \/>\n\t<\/p>\n<\/div><div class=\"wpcf7-response-output\" aria-hidden=\"true\"><\/div>\n<\/form>\n<\/div>\n\n\n\t<div id=\"text-948953235\" class=\"text\">\n\t\t\n\n<p><span style=\"font-size: 110%;\"><strong>Basic information on personal data protection<\/strong><\/span><\/p>\n<p>In compliance with the General Protection Regulation in relation to the personal data that you are going to provide, the interested party is informed of the following:<\/p>\n<p><strong>Responsible<\/strong>: ASSOCIACI\u00d3 DE FAMILIARS D&#8217;ALZHEIMER I ALTRES DEM\u00c8NCIES DE CATARROJA (ASSOCIACI\u00d3 DE FAMILIARS D&#8217;ALZHEIMER I ALTRES DEM\u00c8NCIES DE CATARROJA)<\/p>\n<p><strong>Purposes<\/strong>: Management of the contact and the query made, and eventually, if there is a subsequent professional assignment, the professional, administrative, accounting and tax management of the assignment.<\/p>\n\t\t\n<style>\n#text-948953235 {\n  font-size: 0.8rem;\n}\n<\/style>\n\t<\/div>\n\t\n<div class=\"accordion\">\n\n\t<div id=\"accordion-1460392081\" class=\"accordion-item\">\n\t\t<a id=\"accordion-1460392081-label\" class=\"accordion-title plain\" href=\"#accordion-item-+-info\" aria-expanded=\"false\" aria-controls=\"accordion-1460392081-content\">\n\t\t\t<button class=\"toggle\" aria-label=\"Toggle\"><i class=\"icon-angle-down\" aria-hidden=\"true\"><\/i><\/button>\n\t\t\t<span>+ info<\/span>\n\t\t<\/a>\n\t\t<div id=\"accordion-1460392081-content\" class=\"accordion-inner\" aria-labelledby=\"accordion-1460392081-label\">\n\t\t\t\n\n\t<div id=\"text-2387855453\" class=\"text\">\n\t\t\n\n<p><strong>For what purpose do we process your data?<\/strong><br \/>To deal with your request for information and the provision of services by the association.<\/p>\n<p><strong>How long do we keep your data?<\/strong><br \/>The personal data provided will be kept for as long as it is needed to manage the contact, query or job.<\/p>\n\t\t\n<style>\n#text-2387855453 {\n  font-size: 0.8rem;\n}\n<\/style>\n\t<\/div>\n\t\n\n\t\t<\/div>\n\t<\/div>\n\t\n\n<\/div>\n\t<div id=\"text-2651274549\" class=\"text\">\n\t\t\n\n<p><strong>Legitimation<\/strong>: Express consent of the interested party.<\/p>\n\t\t\n<style>\n#text-2651274549 {\n  font-size: 0.8rem;\n}\n<\/style>\n\t<\/div>\n\t\n<div class=\"accordion\">\n\n\t<div id=\"accordion-181510686\" class=\"accordion-item\">\n\t\t<a id=\"accordion-181510686-label\" class=\"accordion-title plain\" href=\"#accordion-item-+-info\" aria-expanded=\"false\" aria-controls=\"accordion-181510686-content\">\n\t\t\t<button class=\"toggle\" aria-label=\"Toggle\"><i class=\"icon-angle-down\" aria-hidden=\"true\"><\/i><\/button>\n\t\t\t<span>+ info<\/span>\n\t\t<\/a>\n\t\t<div id=\"accordion-181510686-content\" class=\"accordion-inner\" aria-labelledby=\"accordion-181510686-label\">\n\t\t\t\n\n\t<div id=\"text-1262153201\" class=\"text\">\n\t\t\n\n<p><strong>Legitimation<\/strong><\/p>\n<p>Legitimation of the processing of your data is the express consent you give by sending the contact form or the query.<\/p>\n<p>If there is a professional assignment, the legitimacy of the processing will be the contractual relationship established by and compliance with the professional and legal obligations arising therefrom.<\/p>\n\t\t\n<style>\n#text-1262153201 {\n  font-size: 0.8rem;\n}\n<\/style>\n\t<\/div>\n\t\n\n\t\t<\/div>\n\t<\/div>\n\t\n\n<\/div>\n\t<div id=\"text-89290247\" class=\"text\">\n\t\t\n\n<p><strong>Assignment<\/strong>: With respect to contact and consultation there will be no assignments except those provided for by law.<\/p>\n\t\t\n<style>\n#text-89290247 {\n  font-size: 0.8rem;\n}\n<\/style>\n\t<\/div>\n\t\n<div class=\"accordion\">\n\n\t<div id=\"accordion-489611870\" class=\"accordion-item\">\n\t\t<a id=\"accordion-489611870-label\" class=\"accordion-title plain\" href=\"#accordion-item-+-info\" aria-expanded=\"false\" aria-controls=\"accordion-489611870-content\">\n\t\t\t<button class=\"toggle\" aria-label=\"Toggle\"><i class=\"icon-angle-down\" aria-hidden=\"true\"><\/i><\/button>\n\t\t\t<span>+ info<\/span>\n\t\t<\/a>\n\t\t<div id=\"accordion-489611870-content\" class=\"accordion-inner\" aria-labelledby=\"accordion-489611870-label\">\n\t\t\t\n\n\t<div id=\"text-3920258170\" class=\"text\">\n\t\t\n\n<p><strong>To which recipients will your data be communicated?<\/strong><br \/>Data derived from contact or consultation will not be communicated to third parties.<\/p>\n\t\t\n<style>\n#text-3920258170 {\n  font-size: 0.8rem;\n}\n<\/style>\n\t<\/div>\n\t\n\n\t\t<\/div>\n\t<\/div>\n\t\n\n<\/div>\n\t<div id=\"text-2779696613\" class=\"text\">\n\t\t\n\n<p><strong>Your rights<\/strong>: Access, Rectify and delete the data, request data portability, oppose the processing, and request the limitation of the processing.<\/p>\n\t\t\n<style>\n#text-2779696613 {\n  font-size: 0.8rem;\n}\n<\/style>\n\t<\/div>\n\t\n<div class=\"accordion\">\n\n\t<div id=\"accordion-2868093853\" class=\"accordion-item\">\n\t\t<a id=\"accordion-2868093853-label\" class=\"accordion-title plain\" href=\"#accordion-item-+-info\" aria-expanded=\"false\" aria-controls=\"accordion-2868093853-content\">\n\t\t\t<button class=\"toggle\" aria-label=\"Toggle\"><i class=\"icon-angle-down\" aria-hidden=\"true\"><\/i><\/button>\n\t\t\t<span>+ info<\/span>\n\t\t<\/a>\n\t\t<div id=\"accordion-2868093853-content\" class=\"accordion-inner\" aria-labelledby=\"accordion-2868093853-label\">\n\t\t\t\n\n\t<div id=\"text-314539040\" class=\"text\">\n\t\t\n\n<p><strong>What are your rights?<br \/><\/strong>Any person has the right to obtain confirmation as to whether or not we process personal data concerning him or her. Data subjects have the right to access their personal data and to obtain a copy of the personal data undergoing processing, to update it, as well as to request the rectification of inaccurate data or, where appropriate, to request its deletion when, among other reasons, the data is no longer necessary for the purposes for which it was collected.<\/p>\n<p>In certain circumstances provided for in Article 18 GDPR, data subjects may request the restriction of the processing of their data, in which case we will only retain the data for the purpose of carrying out the request.<\/p>\n<p>As a consequence of the application of the right to erasure or objection to the processing of personal data in the online environment, data subjects have the right to be forgotten according to the case law of the Court of Justice of the EU.<\/p>\n<p>Data subjects may object to the processing of their data.<\/p>\n<p><strong>How can these rights be exercised?<\/strong><br \/>By writing to: C\/ Almeria, n\u00fam. 9, baix A, Catarroja.<\/p>\n<p>By sending an e-mail to: info@afacatarroja.org<\/p>\n<p><strong>What complaint channels are there?<br \/><\/strong>If you consider that your rights have not been duly attended to, you have the right to file a complaint with the Spanish Data Protection Agency, whose contact details are:<\/p>\n<p>Telephone numbers: 901 100 099 \/ 91.266.35.17<\/p>\n<p>Postal Address: C\/ Jorge Juan, n\u00ba 6, CP: 28001 Madrid.<\/p>\n<p>Electronic Headquarters: https:\/\/sedeagpd.es\/sede-electronica-web\/<\/p>\n<p>Website: www.agpd.es<\/p>\n<p><strong>What categories of data may be processed by the Data Controller?<br \/><\/strong>The association will process the data you provide us with, which, given the scope of the consultations or orders, may be data of the following categories:<\/p>\n<p>&#8211; Data of an identifying nature<\/p>\n<p>&#8211; Contact data<\/p>\n<p>&#8211; Tax data<\/p>\n<p>&#8211; User&#8217;s medical data<\/p>\n\t\t\n<style>\n#text-314539040 {\n  font-size: 0.8rem;\n}\n<\/style>\n\t<\/div>\n\t\n\n\t\t<\/div>\n\t<\/div>\n\t\n\n<\/div>\n\n\t\t<\/div>\n\t\t\t\t\t<\/div>\n\n\t\n\n\n<style>\n#row-1451634479 > .col > .col-inner {\n  padding: 0px 15px 0px 15px;\n}\n<\/style>\n<\/div>\n\n\t\t<\/div>\n\t\t\t\t\n<style>\n#col-206144713 > .col-inner {\n  padding: 50px 20px 0px 20px;\n  margin: -0 0px 0px 0px;\n}\n@media (min-width:550px) {\n  #col-206144713 > .col-inner {\n    padding: 50px 20px 30px 20px;\n    margin: 0 0px 0px 0px;\n  }\n}\n@media (min-width:850px) {\n  #col-206144713 > .col-inner {\n    padding: 66px 5% 16px 5%;\n    margin: -135px 0px 0px 0px;\n  }\n}\n<\/style>\n\t<\/div>\n\n\t\n\n<\/div>\n\n","protected":false},"excerpt":{"rendered":"","protected":false},"author":1,"featured_media":0,"parent":0,"menu_order":0,"comment_status":"closed","ping_status":"closed","template":"page-blank.php","meta":{"footnotes":""},"class_list":["post-1113","page","type-page","status-publish","hentry"],"_links":{"self":[{"href":"https:\/\/afacatarroja.org\/en\/wp-json\/wp\/v2\/pages\/1113","targetHints":{"allow":["GET"]}}],"collection":[{"href":"https:\/\/afacatarroja.org\/en\/wp-json\/wp\/v2\/pages"}],"about":[{"href":"https:\/\/afacatarroja.org\/en\/wp-json\/wp\/v2\/types\/page"}],"author":[{"embeddable":true,"href":"https:\/\/afacatarroja.org\/en\/wp-json\/wp\/v2\/users\/1"}],"replies":[{"embeddable":true,"href":"https:\/\/afacatarroja.org\/en\/wp-json\/wp\/v2\/comments?post=1113"}],"version-history":[{"count":11,"href":"https:\/\/afacatarroja.org\/en\/wp-json\/wp\/v2\/pages\/1113\/revisions"}],"predecessor-version":[{"id":2804,"href":"https:\/\/afacatarroja.org\/en\/wp-json\/wp\/v2\/pages\/1113\/revisions\/2804"}],"wp:attachment":[{"href":"https:\/\/afacatarroja.org\/en\/wp-json\/wp\/v2\/media?parent=1113"}],"curies":[{"name":"wp","href":"https:\/\/api.w.org\/{rel}","templated":true}]}}