{"id":905,"date":"2022-07-12T16:19:43","date_gmt":"2022-07-12T16:19:43","guid":{"rendered":"https:\/\/nueva.afacatarroja.org\/?page_id=905"},"modified":"2022-07-12T16:20:43","modified_gmt":"2022-07-12T16:20:43","slug":"politica-de-cookies","status":"publish","type":"page","link":"https:\/\/afacatarroja.org\/ca\/politica-de-cookies\/","title":{"rendered":"Pol\u00edtica de cookies"},"content":{"rendered":"\n<div class=\"container section-title-container\" style=\"margin-top:40px;\"><h3 class=\"section-title section-title-normal\"><b aria-hidden=\"true\"><\/b><span class=\"section-title-main\" >Pol\u00edtica de cookies<\/span><b aria-hidden=\"true\"><\/b><\/h3><\/div>\n\n<div class=\"row\"  id=\"row-1136108046\">\n\n\n\t<div id=\"col-137097061\" class=\"col small-12 large-12\"  >\n\t\t\t\t<div class=\"col-inner\"  >\n\t\t\t\n\t\t\t\n\n<p>Desde la web de ASSOCIACI\u00d3 DE FAMILIARS D\u00b4ALZHEIMER I ALTRES DEM\u00c8NCIES DE CATARROJA SE UTILIZAN COOKIES, en concreto las cookies de sesi\u00f3n para los comentarios, Google Analytics y redes sociales.<\/p>\n<h3><strong>Tipos de Cookies\u00a0<\/strong><\/h3>\n<p><strong>Cookies Anal\u00edticas.<\/strong>\u00a0Son cookies que tienen por finalidad el mantenimiento peri\u00f3dico y garantizar el mejor funcionamiento y servicio al usuario, recopilando datos de tu actividad.<\/p>\n<p>Google Analytics utiliza cookies para ayudarnos a analizar el uso que hacen los usuarios del sitio. La informaci\u00f3n que genera la cookie acerca de tu uso del sitio (incluyendo tu direcci\u00f3n IP) ser\u00e1 directamente transmitida y archivada por Google en sus servidores de Estados Unidos y otros pa\u00edses. Google usar\u00e1 esta informaci\u00f3n por cuenta nuestra con el prop\u00f3sito de seguir la pista de tu uso del sitio, recopilando informes de la actividad del sitio y prestando otros servicios relacionados con la actividad del sitio y el uso de Internet. Google podr\u00e1 transmitir dicha informaci\u00f3n a terceros cuando as\u00ed se lo requiera la legislaci\u00f3n, o cuando dichos terceros procesen la informaci\u00f3n por cuenta de Google. Google no asociar\u00e1 tu direcci\u00f3n IP con ning\u00fan otro dato del que disponga Google. Si lo deseas puedes rechazar el tratamiento de los datos o la informaci\u00f3n rechazando el uso de cookies mediante la selecci\u00f3n de la configuraci\u00f3n apropiada de tu navegador. Sin embargo, si lo haces, puede ser que no puedas usar la plena funcionabilidad de este sitio. Al utilizar este sitio consientes el tratamiento de tu informaci\u00f3n por Google en la forma y para los fines arriba indicados. Estas cookies de Google Analytics generan un ID de usuario an\u00f3nimo, que es el que se utiliza para hacer un recuento de cuantas veces visita nuestra web el usuario. Tambi\u00e9n registra cuando fue la primera y la \u00faltima vez que visit\u00f3 la web. Asimismo, calcula cuando se ha terminado una sesi\u00f3n, origen de usuario y keywords (o texto de b\u00fasqueda en los buscadores web).<\/p>\n<p><strong>Cookies de Sesi\u00f3n<\/strong>. Su finalidad principal es identificar el tipo de dispositivo, apoyar la seguridad del sitio web o su funcionalidad b\u00e1sica. No contienen informaci\u00f3n personal que nos permita identificar a una persona. Existen solamente en el tiempo que dura tu visita, y se borran cuando cierras el navegador.<\/p>\n<p>No se guarda la direcci\u00f3n IP de los visitantes de la web.<br \/>Tampoco se guarda el hist\u00f3rico de visitas, la web si tiene una base de datos.<\/p>\n\n\t\t<\/div>\n\t\t\t\t\t<\/div>\n\n\t\n\n<\/div>\n\n","protected":false},"excerpt":{"rendered":"","protected":false},"author":1,"featured_media":0,"parent":0,"menu_order":0,"comment_status":"closed","ping_status":"closed","template":"page-blank.php","meta":{"footnotes":""},"class_list":["post-905","page","type-page","status-publish","hentry"],"_links":{"self":[{"href":"https:\/\/afacatarroja.org\/ca\/wp-json\/wp\/v2\/pages\/905","targetHints":{"allow":["GET"]}}],"collection":[{"href":"https:\/\/afacatarroja.org\/ca\/wp-json\/wp\/v2\/pages"}],"about":[{"href":"https:\/\/afacatarroja.org\/ca\/wp-json\/wp\/v2\/types\/page"}],"author":[{"embeddable":true,"href":"https:\/\/afacatarroja.org\/ca\/wp-json\/wp\/v2\/users\/1"}],"replies":[{"embeddable":true,"href":"https:\/\/afacatarroja.org\/ca\/wp-json\/wp\/v2\/comments?post=905"}],"version-history":[{"count":2,"href":"https:\/\/afacatarroja.org\/ca\/wp-json\/wp\/v2\/pages\/905\/revisions"}],"predecessor-version":[{"id":912,"href":"https:\/\/afacatarroja.org\/ca\/wp-json\/wp\/v2\/pages\/905\/revisions\/912"}],"wp:attachment":[{"href":"https:\/\/afacatarroja.org\/ca\/wp-json\/wp\/v2\/media?parent=905"}],"curies":[{"name":"wp","href":"https:\/\/api.w.org\/{rel}","templated":true}]}}