{"id":899,"date":"2022-07-12T16:11:23","date_gmt":"2022-07-12T14:11:23","guid":{"rendered":"https:\/\/nueva.afacatarroja.org\/?page_id=899"},"modified":"2022-07-12T16:14:02","modified_gmt":"2022-07-12T16:14:02","slug":"politica-de-privacitat","status":"publish","type":"page","link":"https:\/\/afacatarroja.org\/ca\/politica-de-privacitat\/","title":{"rendered":"Politica de privacitat"},"content":{"rendered":"\n<div class=\"container section-title-container\" style=\"margin-top:40px;\"><h3 class=\"section-title section-title-normal\"><b aria-hidden=\"true\"><\/b><span class=\"section-title-main\" >POL\u00cdTICA DE PRIVACITAT<\/span><b aria-hidden=\"true\"><\/b><\/h3><\/div>\n\n<div class=\"row\"  id=\"row-1436032788\">\n\n\n\t<div id=\"col-278789546\" class=\"col small-12 large-12\"  >\n\t\t\t\t<div class=\"col-inner\"  >\n\t\t\t\n\t\t\t\n\n<p>Los datos personales vinculados a esta web respetan las exigencias del Reglamento General de Protecci\u00f3n de Datos 2016\/679 y de la legislaci\u00f3n y normativa vigente en materia de protecci\u00f3n de datos personales tal como la LO 3\/2018 de 5 de diciembre.<br \/>ASSOCIACI\u00d3 DE FAMILIARS D\u00b4ALZHEIMER I ALTRES DEM\u00c8NCIES DE CATARROJA, recoge datos a trav\u00e9s de su p\u00e1gina web, y los trata cumpliendo con la normativa del Reglamento General de Protecci\u00f3n de Datos y la normativa espa\u00f1ola vigente sobre protecci\u00f3n de datos. As\u00ed la remisi\u00f3n de datos por los interesados es absolutamente voluntaria y es debidamente anunciada.<\/p>\n\n\t\t<\/div>\n\t\t\t\t\t<\/div>\n\n\t\n\n<\/div>\n\n","protected":false},"excerpt":{"rendered":"","protected":false},"author":1,"featured_media":0,"parent":0,"menu_order":0,"comment_status":"closed","ping_status":"closed","template":"page-blank.php","meta":{"footnotes":""},"class_list":["post-899","page","type-page","status-publish","hentry"],"_links":{"self":[{"href":"https:\/\/afacatarroja.org\/ca\/wp-json\/wp\/v2\/pages\/899","targetHints":{"allow":["GET"]}}],"collection":[{"href":"https:\/\/afacatarroja.org\/ca\/wp-json\/wp\/v2\/pages"}],"about":[{"href":"https:\/\/afacatarroja.org\/ca\/wp-json\/wp\/v2\/types\/page"}],"author":[{"embeddable":true,"href":"https:\/\/afacatarroja.org\/ca\/wp-json\/wp\/v2\/users\/1"}],"replies":[{"embeddable":true,"href":"https:\/\/afacatarroja.org\/ca\/wp-json\/wp\/v2\/comments?post=899"}],"version-history":[{"count":3,"href":"https:\/\/afacatarroja.org\/ca\/wp-json\/wp\/v2\/pages\/899\/revisions"}],"predecessor-version":[{"id":904,"href":"https:\/\/afacatarroja.org\/ca\/wp-json\/wp\/v2\/pages\/899\/revisions\/904"}],"wp:attachment":[{"href":"https:\/\/afacatarroja.org\/ca\/wp-json\/wp\/v2\/media?parent=899"}],"curies":[{"name":"wp","href":"https:\/\/api.w.org\/{rel}","templated":true}]}}