{"id":895,"date":"2022-05-25T13:55:06","date_gmt":"2022-05-25T11:55:06","guid":{"rendered":"https:\/\/nueva.afacatarroja.org\/?page_id=895"},"modified":"2022-07-12T16:07:29","modified_gmt":"2022-07-12T16:07:29","slug":"avis-legal","status":"publish","type":"page","link":"https:\/\/afacatarroja.org\/ca\/avis-legal\/","title":{"rendered":"Av\u00eds legal"},"content":{"rendered":"\n<div class=\"container section-title-container\" style=\"margin-top:40px;\"><h3 class=\"section-title section-title-normal\"><b aria-hidden=\"true\"><\/b><span class=\"section-title-main\" >Av\u00eds legal<\/span><b aria-hidden=\"true\"><\/b><\/h3><\/div>\n\n<div class=\"row\"  id=\"row-1677805553\">\n\n\n\t<div id=\"col-1824022155\" class=\"col small-12 large-12\"  >\n\t\t\t\t<div class=\"col-inner\"  >\n\t\t\t\n\t\t\t\n\n<p>La web afacatarroja.org es propiedad de ASSOCIACI\u00d3 DE FAMILIARS D\u00b4ALZHEIMER I ALTRES DEM\u00c8NCIES DE CATARROJA, con N.I.F. G-0523409, domicilio en C\/ Almeria, n\u00fam. 9, baix A y direcci\u00f3n general de correo electr\u00f3nico info@afacatarroja.org<\/p>\n<p>La web de ASSOCIACI\u00d3 DE FAMILIARS D\u00b4ALZHEIMER I ALTRES DEM\u00c8NCIES DE CATARROJA., tiene por objeto facilitar a los ciudadanos y a usuarios informaci\u00f3n relativa a los servicios que ofrece la asociaci\u00f3n, as\u00ed como proporcionar informaci\u00f3n que pueda resultar de inter\u00e9s.<\/p>\n<p><strong>Definiciones<\/strong><br \/>Condiciones de Uso: Los T\u00e9rminos y Condiciones que regulan el registro, acceso y uso de la web de ASSOCIACI\u00d3 DE FAMILIARS D\u00b4ALZHEIMER I ALTRES DEM\u00c8NCIES DE CATARROJA por parte del Usuario.<br \/>Usuario: La persona f\u00edsica o jur\u00eddica que utiliza esta p\u00e1gina web.<\/p>\n<p><strong>Condiciones de Uso<\/strong><br \/>Nuestra p\u00e1gina web, si recoge datos personales.<br \/>Con esta p\u00e1gina web, ASSOCIACI\u00d3 DE FAMILIARS D\u00b4ALZHEIMER I ALTRES DEM\u00c8NCIES DE CATARROJA, pretende prestar un servicio \u00fatil, por lo que las sugerencias de los usuarios son bienvenidas. Pero si no est\u00e1 de acuerdo con alguna de las condiciones contenidas en este aviso, deber\u00e1 dejar de utilizar la p\u00e1gina web.&nbsp;<br \/>Las condiciones establecidas a continuaci\u00f3n regulan el uso permitido de la web de ASSOCIACI\u00d3 DE FAMILIARS D\u00b4ALZHEIMER I ALTRES DEM\u00c8NCIES DE CATARROJA.<\/p>\n<p><strong>1. Acceso<\/strong><br \/>El acceso es p\u00fablico, cualquier persona interesada puede informarse de los servicios que desde la asociaci\u00f3n se prestan a los usuarios.<br \/><strong>2. Modificaciones de la p\u00e1gina e interrupciones o errores en el acceso.<\/strong><br \/>ASSOCIACI\u00d3 DE FAMILIARS D\u00b4ALZHEIMER I ALTRES DEM\u00c8NCIES DE CATARROJA, se reserva la facultad de efectuar, en cualquier momento y sin necesidad de previo aviso, modificaciones y actualizaciones de la informaci\u00f3n contenida en la p\u00e1gina web, de la configuraci\u00f3n y presentaci\u00f3n de \u00e9sta y de las condiciones de acceso.<br \/><strong>3. Contenidos y p\u00e1ginas enlazadas.<\/strong><br \/>La informaci\u00f3n contenida en esta web, tiene car\u00e1cter meramente informativo. La pol\u00edtica de la asociaci\u00f3n es tratar de que los contenidos est\u00e9n siempre actualizados, pero puede suceder que no lo est\u00e9n.<br \/>La funci\u00f3n de los links, o enlaces, que aparecen en esta p\u00e1gina es exclusivamente la de informar a los usuarios y a los clientes sobre la existencia de otras fuentes de informaci\u00f3n sobre la materia en internet, donde podr\u00e1 ampliar o completar los datos ofrecidos en esta p\u00e1gina. ASSOCIACI\u00d3 DE FAMILIARS D\u00b4ALZHEIMER I ALTRES DEM\u00c8NCIES DE CATARROJA, no ser\u00e1 responsable del resultado obtenido a trav\u00e9s de dichos enlaces.<br \/>En todo caso, ASSOCIACI\u00d3 DE FAMILIARS D\u00b4ALZHEIMER I ALTRES DEM\u00c8NCIES DE CATARROJA, no asume responsabilidad derivada de los contenidos enlazados desde su p\u00e1gina web, ni puede garantizar la ausencia de virus u otros elementos en los mismos que puedan producir alteraciones en el sistema inform\u00e1tico (hardware y software), excluyendo cualquier responsabilidad por los da\u00f1os de cualquier clase causados al usuario por este motivo.<br \/>Aunque los enlaces son supervisados regularmente para que no suceda, en el caso de que cualquier usuario o un tercero, considerara que el contenido o los servicios prestados por las p\u00e1ginas enlazadas son il\u00edcitos, vulneran valores o principios constitucionales, o lesionan bienes o derechos del propio usuario o de un tercero se ruega que se comunique inmediatamente a ASSOCIACI\u00d3 DE FAMILIARS D\u00b4ALZHEIMER I ALTRES DEM\u00c8NCIES DE CATARROJA, info@afacatarroja.org dicha circunstancia, y especialmente si los enlaces consisten en:<br \/>\uf0b7 Actividades o contenidos susceptibles de ser considerados delictivos conforme la normativa penal espa\u00f1ola.<br \/>\uf0b7 Actividades o contenidos que violen derechos de propiedad intelectual o industrial.<br \/>\uf0b7 Actividades o contenidos que pongan en peligro el orden p\u00fablico, la investigaci\u00f3n penal, la seguridad p\u00fablica y la defensa nacional.<br \/>\uf0b7 Actividades o contenidos que pongan en peligro la protecci\u00f3n de la salud p\u00fablica, el respeto a la dignidad de la persona, al principio de no discriminaci\u00f3n, la protecci\u00f3n de la salud y la infancia o cualquier otro valor o principio constitucional.<br \/><strong>4. Protecci\u00f3n de datos personales<\/strong><br \/>Los datos personales vinculados a esta web respetan las exigencias del Reglamento General de Protecci\u00f3n de Datos 2016\/679 y de la legislaci\u00f3n y normativa vigente en materia de protecci\u00f3n de datos personales tal como la LO 3\/2018 de 5 de diciembre.<br \/>ASSOCIACI\u00d3 DE FAMILIARS D\u00b4ALZHEIMER I ALTRES DEM\u00c8NCIES DE CATARROJA, recoge datos a trav\u00e9s de su p\u00e1gina web, y los trata cumpliendo con la normativa del Reglamento General de Protecci\u00f3n de Datos y la normativa espa\u00f1ola vigente sobre protecci\u00f3n de datos. As\u00ed la remisi\u00f3n de datos por los interesados es absolutamente voluntaria y es debidamente anunciada.<br \/><strong>5. Finalidades<\/strong><br \/>La principal finalidad que tiene la p\u00e1gina web de la asociaci\u00f3n es dar a conocer al p\u00fablico los servicios que presta.<br \/><strong>6. Obligaciones de los usuarios<\/strong><br \/>Se requiere al Usuario que ante la detecci\u00f3n de cualquier contenido da\u00f1ino, ofensivo o impreciso, en la p\u00e1gina web, que avise a ASSOCIACI\u00d3 DE FAMILIARS D\u00b4ALZHEIMER I ALTRES DEM\u00c8NCIES DE CATARROJA, en el menor tiempo posible.<br \/>El Usuario es responsable de aportar informaci\u00f3n veraz, oportuna y completa en relaci\u00f3n con el uso de la p\u00e1gina web.<br \/>Puede ejercer sus derechos:<br \/>&#8211; Mediante un escrito dirigido a: C\/ Almeria, n\u00fam. 9, baix A<br \/>&#8211; Mediante un correo electr\u00f3nico dirigido a: info@afacatarroja.org<br \/><strong>7. Propiedad Intelectual<\/strong><br \/>Los derechos de propiedad intelectual de los art\u00edculos publicados por la asociaci\u00f3n son de sus autores.<br \/>La estructura, dise\u00f1o y forma de presentaci\u00f3n de los elementos (gr\u00e1ficos, im\u00e1genes, ficheros, logotipos, combinaciones de colores y cualquier elemento susceptible de protecci\u00f3n) est\u00e1n protegidos por derechos de propiedad intelectual titularidad de ASSOCIACI\u00d3 DE FAMILIARS D\u00b4ALZHEIMER I ALTRES DEM\u00c8NCIES DE CATARROJA.<br \/>Est\u00e1n prohibidas la reproducci\u00f3n, la transformaci\u00f3n, distribuci\u00f3n, comunicaci\u00f3n p\u00fablica, puesta a disposici\u00f3n del p\u00fablico y, en general, cualquier otra forma de explotaci\u00f3n, parcial o total de los elementos referidos en el apartado anterior. Estos actos de explotaci\u00f3n s\u00f3lo podr\u00e1n ser realizados en virtud de autorizaci\u00f3n expresa de ASSOCIACI\u00d3 DE FAMILIARS D\u00b4ALZHEIMER I ALTRES DEM\u00c8NCIES DE CATARROJA, y que, en todo caso, deber\u00e1n hacer referencia expl\u00edcita a la titularidad de los citados derechos de propiedad intelectual de ASSOCIACI\u00d3 DE FAMILIARS D\u00b4ALZHEIMER I ALTRES DEM\u00c8NCIES DE CATARROJA. S\u00f3lo estar\u00e1 autorizado a la reproducci\u00f3n (impresi\u00f3n o descarga) para uso privado de los contenidos dispuestos en la p\u00e1gina web.<br \/>No se permite la utilizaci\u00f3n de los signos distintivos (marcas, nombres<br \/>comerciales), salvo autorizaci\u00f3n expresa de los leg\u00edtimos titulares.<br \/><strong>8. Responsabilidades<\/strong><br \/>ASSOCIACI\u00d3 DE FAMILIARS D\u00b4ALZHEIMER I ALTRES DEM\u00c8NCIES DE CATARROJA., no ser\u00e1 en ning\u00fan caso, responsable, por los da\u00f1os y perjuicios de cualquier tipo derivados, directa o indirectamente, de la falta de lectura de este aviso, o del incumplimiento de las obligaciones especificadas en las condiciones establecidas en el mismo. Asimismo, de acuerdo con lo expuesto en estas condiciones, ASSOCIACI\u00d3 DE FAMILIARS D\u00b4ALZHEIMER I ALTRES DEM\u00c8NCIES DE CATARROJA., excluye cualquier responsabilidad por los da\u00f1os y perjuicios de toda naturaleza que, fuera de su efectivo control, puedan deberse a la transmisi\u00f3n, difusi\u00f3n, almacenamiento, puesta a disposici\u00f3n, recepci\u00f3n, obtenci\u00f3n o acceso a la p\u00e1gina web o sus contenidos.<br \/>Los usuarios deber\u00e1n realizar un uso adecuado de la p\u00e1gina web, de acuerdo con las condiciones y t\u00e9rminos anteriores, sin que ninguna responsabilidad pueda tener ASSOCIACI\u00d3 DE FAMILIARS D\u00b4ALZHEIMER I ALTRES DEM\u00c8NCIES DE CATARROJA., por la utilizaci\u00f3n indebida.&nbsp;<br \/>Respecto de posibles deficiencias t\u00e9cnicas, ASSOCIACI\u00d3 DE FAMILIARS<br \/>D\u00b4ALZHEIMER I ALTRES DEM\u00c8NCIES DE CATARROJA., no ser\u00e1 responsable en ning\u00fan caso de las alteraciones en el servicio que se produzcan por fallos en la red el\u00e9ctrica, en la red de conexi\u00f3n de datos, en el servidor o en cualesquiera prestaciones.<br \/><strong>9. Ley Aplicable<\/strong><br \/>El presente aviso legal se rige en todos y cada uno de sus extremos por la ley espa\u00f1ola.<br \/><strong>10. Normativa sobre el uso de cookies<\/strong><br \/>Desde la web de ASSOCIACI\u00d3 DE FAMILIARS D\u00b4ALZHEIMER I ALTRES DEM\u00c8NCIES DE CATARROJA SE UTILIZAN COOKIES, en concreto las cookies de sesi\u00f3n para los comentarios, Google Analytics y redes sociales.<br \/><strong>Tipos de Cookies<\/strong><br \/><strong>Cookies Anal\u00edticas.<\/strong> Son cookies que tienen por finalidad el mantenimiento peri\u00f3dico y garantizar el mejor funcionamiento y servicio al usuario, recopilando datos de tu actividad.<br \/>Google Analytics utiliza cookies para ayudarnos a analizar el uso que hacen los usuarios del sitio. La informaci\u00f3n que genera la cookie acerca de tu uso del sitio (incluyendo tu direcci\u00f3n IP) ser\u00e1 directamente transmitida y archivada por Google en sus servidores de Estados Unidos y otros pa\u00edses. Google usar\u00e1 esta informaci\u00f3n por cuenta nuestra con el prop\u00f3sito de seguir la pista de tu uso del sitio, recopilando informes de la actividad del sitio y prestando otros servicios relacionados con la actividad del sitio y el uso de Internet. Google podr\u00e1 transmitir dicha informaci\u00f3n a terceros cuando as\u00ed se lo requiera la legislaci\u00f3n, o cuando dichos terceros procesen la informaci\u00f3n por cuenta de Google. Google no asociar\u00e1 tu direcci\u00f3n IP con ning\u00fan otro dato del que disponga Google. Si lo deseas puedes rechazar el tratamiento de los datos o la informaci\u00f3n rechazando el uso de cookies mediante la selecci\u00f3n de la configuraci\u00f3n apropiada de tu navegador.<br \/>Sin embargo, si lo haces, puede ser que no puedas usar la plena funcionabilidad de este sitio. Al utilizar este sitio consientes el tratamiento de tu informaci\u00f3n por Google en la forma y para los fines arriba indicados.<br \/>Estas cookies de Google Analytics generan un ID de usuario an\u00f3nimo, que es el que se utiliza para hacer un recuento de cuantas veces visita nuestra web el usuario. Tambi\u00e9n registra cuando fue la primera y la \u00faltima vez que visit\u00f3 la web. Asimismo, calcula cuando se ha terminado una sesi\u00f3n, origen de usuario y keywords (o texto de b\u00fasqueda en los buscadores web).<br \/><strong>Cookies de Sesi\u00f3n.<\/strong> Su finalidad principal es identificar el tipo de dispositivo, apoyar la seguridad del sitio web o su funcionalidad b\u00e1sica. No contienen informaci\u00f3n personal que nos permita identificar a una persona. Existen solamente en el tiempo que dura tu visita, y se borran cuando cierras el navegador. No se guarda la direcci\u00f3n IP de los visitantes de la web. Tampoco se guarda el hist\u00f3rico de visitas, la web si tiene una base de datos.<\/p>\n\n\t\t<\/div>\n\t\t\t\t\t<\/div>\n\n\t\n\n<\/div>\n\n","protected":false},"excerpt":{"rendered":"","protected":false},"author":1,"featured_media":0,"parent":0,"menu_order":0,"comment_status":"closed","ping_status":"closed","template":"page-blank.php","meta":{"footnotes":""},"class_list":["post-895","page","type-page","status-publish","hentry"],"_links":{"self":[{"href":"https:\/\/afacatarroja.org\/ca\/wp-json\/wp\/v2\/pages\/895","targetHints":{"allow":["GET"]}}],"collection":[{"href":"https:\/\/afacatarroja.org\/ca\/wp-json\/wp\/v2\/pages"}],"about":[{"href":"https:\/\/afacatarroja.org\/ca\/wp-json\/wp\/v2\/types\/page"}],"author":[{"embeddable":true,"href":"https:\/\/afacatarroja.org\/ca\/wp-json\/wp\/v2\/users\/1"}],"replies":[{"embeddable":true,"href":"https:\/\/afacatarroja.org\/ca\/wp-json\/wp\/v2\/comments?post=895"}],"version-history":[{"count":2,"href":"https:\/\/afacatarroja.org\/ca\/wp-json\/wp\/v2\/pages\/895\/revisions"}],"predecessor-version":[{"id":897,"href":"https:\/\/afacatarroja.org\/ca\/wp-json\/wp\/v2\/pages\/895\/revisions\/897"}],"wp:attachment":[{"href":"https:\/\/afacatarroja.org\/ca\/wp-json\/wp\/v2\/media?parent=895"}],"curies":[{"name":"wp","href":"https:\/\/api.w.org\/{rel}","templated":true}]}}