{"id":882,"date":"2022-05-25T13:11:12","date_gmt":"2022-05-25T11:11:12","guid":{"rendered":"https:\/\/nueva.afacatarroja.org\/?page_id=882"},"modified":"2026-02-09T16:46:44","modified_gmt":"2026-02-09T15:46:44","slug":"contacte","status":"publish","type":"page","link":"https:\/\/afacatarroja.org\/ca\/contacte\/","title":{"rendered":"Contacte"},"content":{"rendered":"\n<div class=\"row row-collapse row-full-width\"  id=\"row-1493595465\">\n\n\n\t<div id=\"col-2067588227\" class=\"col small-12 large-12\"  >\n\t\t\t\t<div class=\"col-inner\"  >\n\t\t\t\n\t\t\t\n\n\n\t<section class=\"section\" id=\"section_1508852380\">\n\t\t<div class=\"section-bg fill\" >\n\t\t\t<img loading=\"lazy\" decoding=\"async\" width=\"1920\" height=\"911\" src=\"https:\/\/afacatarroja.org\/wp-content\/uploads\/2022\/05\/contacto-afac.jpg\" class=\"bg attachment-original size-original\" alt=\"\" \/>\t\t\t\t\t\t<div class=\"section-bg-overlay absolute fill\"><\/div>\n\t\t\t\n\n\t\t<\/div>\n\n\t\t\n\n\t\t<div class=\"section-content relative\">\n\t\t\t\n\n<div class=\"row row-collapse align-center\" style=\"max-width:\" id=\"row-1812175191\">\n\n\n\t<div id=\"col-1307682629\" class=\"col small-12 large-12\"  >\n\t\t\t\t<div class=\"col-inner text-center dark\"  >\n\t\t\t\n\t\t\t\n\n\t<div id=\"text-2856737014\" class=\"text\">\n\t\t\n\n<h1><span style=\"font-size: 100%;\">Contacte<\/span><\/h1>\n\t\t\n<style>\n#text-2856737014 {\n  font-size: 2.25rem;\n  color: rgb(0,0,0);\n}\n#text-2856737014 > * {\n  color: rgb(0,0,0);\n}\n<\/style>\n\t<\/div>\n\t\n\n\t\t<\/div>\n\t\t\t\t\n<style>\n#col-1307682629 > .col-inner {\n  padding: 100px 20px 200px 0px;\n}\n@media (min-width:550px) {\n  #col-1307682629 > .col-inner {\n    padding: 100px 0px 200px 0px;\n  }\n}\n<\/style>\n\t<\/div>\n\n\t\n\n<\/div>\n\n\t\t<\/div>\n\n\t\t\n<style>\n#section_1508852380 {\n  padding-top: 0px;\n  padding-bottom: 0px;\n  min-height: 0px;\n}\n#section_1508852380 .section-bg-overlay {\n  background-color: rgba(0, 0, 0, 0.12);\n}\n#section_1508852380 .section-bg img {\n  object-position: 55%30%;\n}\n@media (min-width:550px) {\n  #section_1508852380 {\n    padding-top: 0px;\n    padding-bottom: 0px;\n  }\n  #section_1508852380 .section-bg-overlay {\n    background-color: rgba(0, 0, 0, 0.21);\n  }\n}\n@media (min-width:850px) {\n  #section_1508852380 {\n    padding-top: 0px;\n    padding-bottom: 0px;\n  }\n  #section_1508852380 .section-bg-overlay {\n    background-color: rgba(255,255,255,.5);\n  }\n}\n<\/style>\n\t<\/section>\n\t\n\n\t\t<\/div>\n\t\t\t\t\t<\/div>\n\n\t\n\n<\/div>\n<div class=\"row row-large\" style=\"max-width:1400px\" id=\"row-211370997\">\n\n\n\t<div id=\"col-813397660\" class=\"col small-12 large-12\"  >\n\t\t\t\t<div class=\"col-inner\" style=\"background-color:rgb(255, 255, 255);\" >\n\t\t\t\n\t\t\t\n\n<div class=\"row row-collapse row-full-width\"  id=\"row-510481358\">\n\n\n\t<div id=\"col-1334646639\" class=\"col medium-12 small-12 large-6\"  >\n\t\t\t\t<div class=\"col-inner\"  >\n\t\t\t\n\t\t\t\n\n\t<div id=\"gap-1802762504\" class=\"gap-element clearfix\" style=\"display:block; height:auto;\">\n\t\t\n<style>\n#gap-1802762504 {\n  padding-top: 20px;\n}\n@media (min-width:550px) {\n  #gap-1802762504 {\n    padding-top: 20px;\n  }\n}\n@media (min-width:850px) {\n  #gap-1802762504 {\n    padding-top: 30px;\n  }\n}\n<\/style>\n\t<\/div>\n\t\n\n<div class=\"row\"  id=\"row-1790520304\">\n\n\n\t<div id=\"col-179763144\" class=\"col medium-6 small-12 large-6\"  >\n\t\t\t\t<div class=\"col-inner\"  >\n\t\t\t\n\t\t\t\n\n\t<div class=\"img has-hover x md-x lg-x y md-y lg-y\" id=\"image_172196685\">\n\t\t\t\t\t\t\t\t<div class=\"img-inner dark\" >\n\t\t\t<img loading=\"lazy\" decoding=\"async\" width=\"66\" height=\"66\" src=\"https:\/\/afacatarroja.org\/wp-content\/uploads\/2022\/05\/localizacion-icon.png\" class=\"attachment-large size-large\" alt=\"\" \/>\t\t\t\t\t\t\n\t\t\t\t\t<\/div>\n\t\t\t\t\t\t\t\t\n<style>\n#image_172196685 {\n  width: 15%;\n}\n@media (min-width:550px) {\n  #image_172196685 {\n    width: 25%;\n  }\n}\n<\/style>\n\t<\/div>\n\t\n\n<h3 class=\"uppercase\">ON ESTEM<\/h3>\n<p>C\/ Carmen Herrero Penella, 21 <br \/>(esquina a C\/ Ronda de l&#8217;Est)<br \/>46470 Catarroja<br \/>VALENCIA<\/p>\n\n\t\t<\/div>\n\t\t\t\t\t<\/div>\n\n\t\n\n\t<div id=\"col-158388679\" class=\"col medium-5 small-12 large-6\"  >\n\t\t\t\t<div class=\"col-inner\"  >\n\t\t\t\n\t\t\t\n\n\t<div class=\"img has-hover x md-x lg-x y md-y lg-y\" id=\"image_959537985\">\n\t\t\t\t\t\t\t\t<div class=\"img-inner dark\" >\n\t\t\t<img loading=\"lazy\" decoding=\"async\" width=\"66\" height=\"66\" src=\"https:\/\/afacatarroja.org\/wp-content\/uploads\/2022\/05\/horario-icon.png\" class=\"attachment-large size-large\" alt=\"\" \/>\t\t\t\t\t\t\n\t\t\t\t\t<\/div>\n\t\t\t\t\t\t\t\t\n<style>\n#image_959537985 {\n  width: 15%;\n}\n@media (min-width:550px) {\n  #image_959537985 {\n    width: 25%;\n  }\n}\n<\/style>\n\t<\/div>\n\t\n\n<h3 class=\"uppercase\">EL NOSTRE HORARI<\/h3>\n<p>Dilluns a Divendres:<br \/>de 9:30 a 13:30 h<br \/>de 16:00 a 20:00 h<\/p>\n\n\t\t<\/div>\n\t\t\t\t\t<\/div>\n\n\t\n\n<\/div>\n<div class=\"row\"  id=\"row-2058594555\">\n\n\n\t<div id=\"col-503275674\" class=\"col medium-6 small-12 large-6\"  >\n\t\t\t\t<div class=\"col-inner\"  >\n\t\t\t\n\t\t\t\n\n\t<div class=\"img has-hover x md-x lg-x y md-y lg-y\" id=\"image_1133017391\">\n\t\t\t\t\t\t\t\t<div class=\"img-inner dark\" >\n\t\t\t<img loading=\"lazy\" decoding=\"async\" width=\"66\" height=\"66\" src=\"https:\/\/afacatarroja.org\/wp-content\/uploads\/2022\/05\/mail-icon.png\" class=\"attachment-large size-large\" alt=\"\" \/>\t\t\t\t\t\t\n\t\t\t\t\t<\/div>\n\t\t\t\t\t\t\t\t\n<style>\n#image_1133017391 {\n  width: 15%;\n}\n@media (min-width:550px) {\n  #image_1133017391 {\n    width: 25%;\n  }\n}\n<\/style>\n\t<\/div>\n\t\n\n<h3 class=\"uppercase\">E-mail<\/h3>\n<p><strong><a href=\"mailto:infoafacatarroja@gmail.com\">infoafacatarroja@gmail.com<\/a><\/strong><\/p>\n\n\t\t<\/div>\n\t\t\t\t\t<\/div>\n\n\t\n\n\t<div id=\"col-530389980\" class=\"col medium-6 small-12 large-6\"  >\n\t\t\t\t<div class=\"col-inner\"  >\n\t\t\t\n\t\t\t\n\n<h3 class=\"uppercase\">XARXES SOCIALS<\/h3>\n<div class=\"social-icons follow-icons\" style=\"font-size:150%\"><a href=\"https:\/\/www.facebook.com\/afacatarroja\/?locale=es_ES\" target=\"_blank\" data-label=\"Facebook\" class=\"icon button circle is-outline tooltip facebook\" title=\"Seguiu-nos a Facebook\" aria-label=\"Seguiu-nos a Facebook\" rel=\"noopener nofollow\"><i class=\"icon-facebook\" aria-hidden=\"true\"><\/i><\/a><a href=\"https:\/\/www.instagram.com\/afacatarroja\/?hl=es\" target=\"_blank\" data-label=\"Instagram\" class=\"icon button circle is-outline tooltip instagram\" title=\"Seguiu-nos a Instagram\" aria-label=\"Seguiu-nos a Instagram\" rel=\"noopener nofollow\"><i class=\"icon-instagram\" aria-hidden=\"true\"><\/i><\/a><\/div>\n\n\n\t\t<\/div>\n\t\t\t\t\t<\/div>\n\n\t\n\n<\/div>\n\t<div id=\"gap-339641399\" class=\"gap-element clearfix\" style=\"display:block; height:auto;\">\n\t\t\n<style>\n#gap-339641399 {\n  padding-top: 41px;\n}\n<\/style>\n\t<\/div>\n\t\n\n<p><iframe src=\"https:\/\/www.google.com\/maps\/embed?pb=!1m18!1m12!1m3!1d3082.885837734119!2d-0.400701487961894!3d39.40408877150193!2m3!1f0!2f0!3f0!3m2!1i1024!2i768!4f13.1!3m3!1m2!1s0xd604e9ddd86b623%3A0x1dfaebda0acdccfc!2sC.%20Carmen%20Herrero%20Penella%2C%2021%2C%2046470%20Catarroja%2C%20Valencia!5e0!3m2!1ses!2ses!4v1770651957349!5m2!1ses!2ses\" width=\"600\" height=\"450\" style=\"border:0;\" allowfullscreen=\"\" loading=\"lazy\" referrerpolicy=\"no-referrer-when-downgrade\"><\/iframe><\/p>\n\n\n\t\t<\/div>\n\t\t\t\t\n<style>\n#col-1334646639 > .col-inner {\n  padding: 0px 0px 0px 20px;\n}\n<\/style>\n\t<\/div>\n\n\t\n\n\t<div id=\"col-721261865\" class=\"col medium-12 small-12 large-6\"  >\n\t\t\t\t<div class=\"col-inner\"  >\n\t\t\t\n\t\t\t\n\n<h2><span style=\"font-size: 120%;\">Envia&#8217;ns la teua consulta<\/span><\/h2>\n\t<div id=\"gap-1701273852\" class=\"gap-element clearfix\" style=\"display:block; height:auto;\">\n\t\t\n<style>\n#gap-1701273852 {\n  padding-top: 20px;\n}\n@media (min-width:550px) {\n  #gap-1701273852 {\n    padding-top: 20px;\n  }\n}\n@media (min-width:850px) {\n  #gap-1701273852 {\n    padding-top: 30px;\n  }\n}\n<\/style>\n\t<\/div>\n\t\n\n\n<div class=\"wpcf7 no-js\" id=\"wpcf7-f1529-o1\" lang=\"es-ES\" dir=\"ltr\" data-wpcf7-id=\"1529\">\n<div class=\"screen-reader-response\"><p role=\"status\" aria-live=\"polite\" aria-atomic=\"true\"><\/p> <ul><\/ul><\/div>\n<form action=\"\/ca\/wp-json\/wp\/v2\/pages\/882#wpcf7-f1529-o1\" method=\"post\" class=\"wpcf7-form init\" aria-label=\"Formulario de contacto\" novalidate=\"novalidate\" data-status=\"init\">\n<fieldset class=\"hidden-fields-container\"><input type=\"hidden\" name=\"_wpcf7\" value=\"1529\" \/><input type=\"hidden\" name=\"_wpcf7_version\" value=\"6.1.5\" \/><input type=\"hidden\" name=\"_wpcf7_locale\" value=\"es_ES\" \/><input type=\"hidden\" name=\"_wpcf7_unit_tag\" value=\"wpcf7-f1529-o1\" \/><input type=\"hidden\" name=\"_wpcf7_container_post\" value=\"0\" \/><input type=\"hidden\" name=\"_wpcf7_posted_data_hash\" value=\"\" \/><input type=\"hidden\" name=\"_cf7a__timestamp\" value=\"fyGhW+OJkAyBeTa4Lh9eFQ==\" \/><input type=\"hidden\" name=\"_cf7a_version\" value=\"1.0\" \/><input type=\"hidden\" name=\"_cf7a_address\" value=\"\" \/><input type=\"hidden\" name=\"_cf7a_referer\" value=\"\" \/><input type=\"hidden\" name=\"_cf7a_protocol\" value=\"\" \/><input type=\"hidden\" name=\"_cf7a_bot_fingerprint\" value=\"fyGhW+OJkAyBeTa4Lh9eFQ==\" \/><input type=\"hidden\" name=\"_cf7a_bot_fingerprint_extras\" \/><input type=\"hidden\" name=\"_cf7a_append_on_submit\" \/>\n<\/fieldset>\n<div class=\"form-flat\">\n\t<p><span class=\"wpcf7-form-control-wrap\" data-name=\"your-name\"><input size=\"40\" maxlength=\"400\" class=\"wpcf7-form-control wpcf7-text wpcf7-validates-as-required\" aria-required=\"true\" aria-invalid=\"false\" placeholder=\"Nom i Cognoms*\" value=\"\" type=\"text\" name=\"your-name\" \/><input type=\"text\" name=\"name\" value=\"\" autocomplete=\"fill\" class=\"fit-the-fullspace\" aria-hidden=\"true\" tabindex=\"-1\" \/><\/span><br \/>\n<span class=\"wpcf7-form-control-wrap\" data-name=\"your-email\"><input size=\"40\" maxlength=\"400\" class=\"wpcf7-form-control wpcf7-email wpcf7-validates-as-required wpcf7-text wpcf7-validates-as-email\" aria-required=\"true\" aria-invalid=\"false\" placeholder=\"E-mail*\" value=\"\" type=\"email\" name=\"your-email\" \/><\/span><br \/>\n<span class=\"wpcf7-form-control-wrap\" data-name=\"your-phone\"><input size=\"40\" maxlength=\"400\" class=\"wpcf7-form-control wpcf7-tel wpcf7-validates-as-required wpcf7-text wpcf7-validates-as-tel\" aria-required=\"true\" aria-invalid=\"false\" placeholder=\"Tel\u00e8fon de contacte*\" value=\"\" type=\"tel\" name=\"your-phone\" \/><\/span><br \/>\n<span class=\"wpcf7-form-control-wrap\" data-name=\"your-message\"><textarea cols=\"40\" rows=\"10\" maxlength=\"2000\" class=\"wpcf7-form-control wpcf7-textarea\" aria-invalid=\"false\" placeholder=\"Escriu ac\u00ed la teua consulta\" name=\"your-message\"><\/textarea><\/span>\n\t<\/p>\n\t<h6><br \/>\n<span><span class=\"wpcf7-form-control-wrap\" data-name=\"privacidad\"><span class=\"wpcf7-form-control wpcf7-acceptance\"><span class=\"wpcf7-list-item\"><input type=\"checkbox\" name=\"privacidad\" value=\"1\" aria-invalid=\"false\" \/><\/span><\/span><\/span> Mitjan\u00e7ant l'emplenament del present formulari, vost\u00e8 presta el seu consentiment de forma expressa perqu\u00e8 ASSOCIACI\u00d3 DE FAMILIARS D'ALZHEIMER I ALTRES DEM\u00c8NCIES DE CATARROJA (AFAC) tracti les dades proporcionades durant el temps estrictament necessari per als fins que justifiquen l'enc\u00e0rrec.<\/span>\n\t<\/h6>\n\t<p><span class=\"wpcf7-form-control-wrap\" data-name=\"random-math-quiz\"><label><span class=\"wpcf7-quiz-label\">12+48=?<\/span> <input type=\"text\" name=\"town\" value=\"\" autocomplete=\"fill\" class=\"fit-the-fullspace\" aria-hidden=\"true\" tabindex=\"-1\" \/><input size=\"40\" class=\"wpcf7-form-control wpcf7-quiz\" autocomplete=\"off\" aria-required=\"true\" aria-invalid=\"false\" type=\"text\" name=\"random-math-quiz\" \/><\/label><input type=\"hidden\" name=\"_wpcf7_quiz_answer_random-math-quiz\" value=\"fdb04f0f475fe61240f8a9ed3f055628\" \/><\/span>\n\t<\/p>\n\t<p><input class=\"wpcf7-form-control wpcf7-submit has-spinner\" type=\"submit\" value=\"Enviar\" \/>\n\t<\/p>\n<\/div><div class=\"wpcf7-response-output\" aria-hidden=\"true\"><\/div>\n<\/form>\n<\/div>\n\n\n\t<div id=\"text-90473461\" class=\"text\">\n\t\t\n\n<p><span style=\"font-size: 110%;\"><strong>Informaci\u00f3 b\u00e0sica sobre protecci\u00f3 de dades de car\u00e0cter personal <\/strong><\/span><\/p>\n<p>En compliment del Reglament General de Protecci\u00f3 relaci\u00f3 a les dades de car\u00e0cter personal que proporcionar\u00e0 s&#8217;informa l&#8217;interessat del seg\u00fcent:<\/p>\n<p><strong>Responsable<\/strong>: ASSOCIACI\u00d3 DE FAMILIARS D\u00b4ALZHEIMER I ALTRES DEM\u00c8NCIES DE CATARROJA<\/p>\n<p><strong>Finalitats<\/strong>: Gesti\u00f3 del contacte i de la consulta realitzada, i si \u00e9s el cas, si es produ\u00efx posterior enc\u00e0rrec professional la gesti\u00f3 professional, administrativa, comptable i fiscal de l&#8217;encargo.<\/p>\n\t\t\n<style>\n#text-90473461 {\n  font-size: 0.8rem;\n}\n<\/style>\n\t<\/div>\n\t\n<div class=\"accordion\">\n\n\t<div id=\"accordion-3493908750\" class=\"accordion-item\">\n\t\t<a id=\"accordion-3493908750-label\" class=\"accordion-title plain\" href=\"#accordion-item-+-info\" aria-expanded=\"false\" aria-controls=\"accordion-3493908750-content\">\n\t\t\t<button class=\"toggle\" aria-label=\"Toggle\"><i class=\"icon-angle-down\" aria-hidden=\"true\"><\/i><\/button>\n\t\t\t<span>+ info<\/span>\n\t\t<\/a>\n\t\t<div id=\"accordion-3493908750-content\" class=\"accordion-inner\" aria-labelledby=\"accordion-3493908750-label\">\n\t\t\t\n\n\t<div id=\"text-1697912682\" class=\"text\">\n\t\t\n\n<p><strong>Amb quina finalitat tractem les seues dades?<\/strong><br \/>Per a atendre la seua sol\u00b7licitud d&#8217;informaci\u00f3 i prestaci\u00f3 de servicis de l&#8217;associaci\u00f3.<\/p>\n<p><strong>Quant temps conservem les seues dades? <\/strong><br \/>Les dades personals proporcionats es conservaran mentres es necessiten per a gestionar el contacte, la consulta o l&#8217;enc\u00e0rrec que ens fa\u00e7a.<\/p>\n\t\t\n<style>\n#text-1697912682 {\n  font-size: 0.8rem;\n}\n<\/style>\n\t<\/div>\n\t\n\n\t\t<\/div>\n\t<\/div>\n\t\n\n<\/div>\n\t<div id=\"text-3176262125\" class=\"text\">\n\t\t\n\n<p><strong>Legitimaci\u00f3<\/strong>: Consentiment expresse de l&#8217;interessat.<\/p>\n\t\t\n<style>\n#text-3176262125 {\n  font-size: 0.8rem;\n}\n<\/style>\n\t<\/div>\n\t\n<div class=\"accordion\">\n\n\t<div id=\"accordion-995348108\" class=\"accordion-item\">\n\t\t<a id=\"accordion-995348108-label\" class=\"accordion-title plain\" href=\"#accordion-item-+-info\" aria-expanded=\"false\" aria-controls=\"accordion-995348108-content\">\n\t\t\t<button class=\"toggle\" aria-label=\"Toggle\"><i class=\"icon-angle-down\" aria-hidden=\"true\"><\/i><\/button>\n\t\t\t<span>+ info<\/span>\n\t\t<\/a>\n\t\t<div id=\"accordion-995348108-content\" class=\"accordion-inner\" aria-labelledby=\"accordion-995348108-label\">\n\t\t\t\n\n\t<div id=\"text-1712363383\" class=\"text\">\n\t\t\n\n<p><strong>Legitimaci\u00f3n<\/strong><br>La Legitimaci\u00f3n del tratamiento de sus datos es el consentimiento expreso que presta enviando el formulario de contacto o la consulta.<\/p>\n<p>Si se produce encargo profesional, la legitimaci\u00f3n del tratamiento ser\u00e1 la relaci\u00f3n contractual que se establezca con y el cumplimiento de las obligaciones profesionales y legales derivadas del mismo.<\/p>\n\t\t\n<style>\n#text-1712363383 {\n  font-size: 0.8rem;\n}\n<\/style>\n\t<\/div>\n\t\n\n\t\t<\/div>\n\t<\/div>\n\t\n\n<\/div>\n\t<div id=\"text-3497944564\" class=\"text\">\n\t\t\n\n<p><strong>Cessions: Respecte del contacte i la consulta no hi haur\u00e0 cessions excepte les previstes per ley.<\/p>\n\t\t\n<style>\n#text-3497944564 {\n  font-size: 0.8rem;\n}\n<\/style>\n\t<\/div>\n\t\n<div class=\"accordion\">\n\n\t<div id=\"accordion-259108522\" class=\"accordion-item\">\n\t\t<a id=\"accordion-259108522-label\" class=\"accordion-title plain\" href=\"#accordion-item-+-info\" aria-expanded=\"false\" aria-controls=\"accordion-259108522-content\">\n\t\t\t<button class=\"toggle\" aria-label=\"Toggle\"><i class=\"icon-angle-down\" aria-hidden=\"true\"><\/i><\/button>\n\t\t\t<span>+ info<\/span>\n\t\t<\/a>\n\t\t<div id=\"accordion-259108522-content\" class=\"accordion-inner\" aria-labelledby=\"accordion-259108522-label\">\n\t\t\t\n\n\t<div id=\"text-90253513\" class=\"text\">\n\t\t\n\n<p><strong>A quins destinataris es comunicaran les seues dades? <\/strong><br \/>Les dades derivats del contacte o la consulta no seran comunicats a tercers.<\/p>\n\t\t\n<style>\n#text-90253513 {\n  font-size: 0.8rem;\n}\n<\/style>\n\t<\/div>\n\t\n\n\t\t<\/div>\n\t<\/div>\n\t\n\n<\/div>\n\t<div id=\"text-2184790314\" class=\"text\">\n\t\t\n\n<p><strong>Drets<\/strong>: Accedir, Rectificar i suprimir les dades, sol\u00b7licitar la portabilitat dels mateixos, oposar-se al tractament i sol\u00b7licitar la limitaci\u00f3 d&#8217;\u00e9ste.<\/p>\n\t\t\n<style>\n#text-2184790314 {\n  font-size: 0.8rem;\n}\n<\/style>\n\t<\/div>\n\t\n<div class=\"accordion\">\n\n\t<div id=\"accordion-4173956996\" class=\"accordion-item\">\n\t\t<a id=\"accordion-4173956996-label\" class=\"accordion-title plain\" href=\"#accordion-item-+-info\" aria-expanded=\"false\" aria-controls=\"accordion-4173956996-content\">\n\t\t\t<button class=\"toggle\" aria-label=\"Toggle\"><i class=\"icon-angle-down\" aria-hidden=\"true\"><\/i><\/button>\n\t\t\t<span>+ info<\/span>\n\t\t<\/a>\n\t\t<div id=\"accordion-4173956996-content\" class=\"accordion-inner\" aria-labelledby=\"accordion-4173956996-label\">\n\t\t\t\n\n\t<div id=\"text-2559245476\" class=\"text\">\n\t\t\n\n<p><strong>Quins s\u00f3n els seus drets?<\/strong> <br \/>Qualsevol persona t\u00e9 dret a obtindre confirmaci\u00f3 sobre si tractem dades personals que li concernixen, o no. Les persones interessades tenen dret a accedir a les seues dades personals i a obtindre c\u00f2pia de les dades personals objecte del tractament, a actualitzar-los, aix\u00ed com a sol\u00b7licitar la rectificaci\u00f3 de les dades inexactes o, si \u00e9s el cas, sol\u00b7licitar la seua supressi\u00f3 quan, entre altres motius, les dades ja no siguen necessaris per als fins per als que van ser arreplegats.<\/p>\n<p>En determinades circumst\u00e0ncies previstes en l&#8217;article 18 RGPD, els interessats podran sol\u00b7licitar la limitaci\u00f3 del tractament de les seues dades, i en este cas \u00fanicament els conservarem per a l&#8217;exercici de l&#8217;enc\u00e0rrec. Com a conseq\u00fc\u00e8ncia de l&#8217;aplicaci\u00f3 del dret a la supressi\u00f3 o oposici\u00f3 al tractament de dades personals en l&#8217;entorn online els interessats t\u00e9 el dret a l&#8217;oblit segons la jurisprud\u00e8ncia del Tribunal de Just\u00edcia de la UE.<\/p>\n<p>Els interessats podran oposar-se al tractament de les seues dades.<\/p>\n<p><strong>Com es poden exercir els drets? <\/strong><br \/>Per mitj\u00e0 d&#8217;un escrit dirigit a: <br \/>C\/ Almeria, n\u00fam. 9, baix A, Catarroja<\/p>\n<p>Per mitj\u00e0 d&#8217;un correu electr\u00f2nic dirigit a: info@afacatarroja.org<\/p>\n<p><strong>Quines vies de reclamaci\u00f3 existixen? <\/strong><br \/>Si considera que els seus drets no s&#8217;han at\u00e9s degudament, t\u00e9 dret a presentar una reclamaci\u00f3 davant de l&#8217;Ag\u00e8ncia Espanyola de Protecci\u00f3 de dades, les dades de contacte de la qual s\u00f3n: <br \/>Tel\u00e8fons: 901 100 099 \/ 91.266.35.17 <br \/>Adre\u00e7a Postal: C\/Jorge Juan, n\u00fam. 6, CP: 28001 Madrid. <br \/>Seu Electr\u00f2nica: https:\/\/sedeagpd.es\/sede-electronica-web\/ <br \/>P\u00e0gina Web: www.agpd.es<\/p>\n<p><strong>Quines categories de dades pot tractar el Responsable? <\/strong><br \/>L&#8217;associaci\u00f3 tractar\u00e0 les dades que ens subministre, que, donada l&#8217;amplitud que poden tindre les consultes o enc\u00e0rrecs, poden ser les dades de les categories seg\u00fcents:<\/p>\n<p>&#8211; Dades de car\u00e0cter identificatiu <br \/>&#8211; Dades de contacte <br \/>&#8211; Dades fiscals <br \/>&#8211; Dades m\u00e8dics de l&#8217;usuari<\/p>\n\t\t\n<style>\n#text-2559245476 {\n  font-size: 0.8rem;\n}\n<\/style>\n\t<\/div>\n\t\n\n\t\t<\/div>\n\t<\/div>\n\t\n\n<\/div>\n\n\t\t<\/div>\n\t\t\t\t\t<\/div>\n\n\t\n\n\n<style>\n#row-510481358 > .col > .col-inner {\n  padding: 0px 15px 0px 15px;\n}\n<\/style>\n<\/div>\n\n\t\t<\/div>\n\t\t\t\t\n<style>\n#col-813397660 > .col-inner {\n  padding: 50px 20px 0px 20px;\n  margin: -0 0px 0px 0px;\n}\n@media (min-width:550px) {\n  #col-813397660 > .col-inner {\n    padding: 50px 20px 30px 20px;\n    margin: 0 0px 0px 0px;\n  }\n}\n@media (min-width:850px) {\n  #col-813397660 > .col-inner {\n    padding: 66px 5% 16px 5%;\n    margin: -135px 0px 0px 0px;\n  }\n}\n<\/style>\n\t<\/div>\n\n\t\n\n<\/div>\n\n","protected":false},"excerpt":{"rendered":"","protected":false},"author":1,"featured_media":0,"parent":0,"menu_order":0,"comment_status":"closed","ping_status":"closed","template":"page-blank.php","meta":{"footnotes":""},"class_list":["post-882","page","type-page","status-publish","hentry"],"_links":{"self":[{"href":"https:\/\/afacatarroja.org\/ca\/wp-json\/wp\/v2\/pages\/882","targetHints":{"allow":["GET"]}}],"collection":[{"href":"https:\/\/afacatarroja.org\/ca\/wp-json\/wp\/v2\/pages"}],"about":[{"href":"https:\/\/afacatarroja.org\/ca\/wp-json\/wp\/v2\/types\/page"}],"author":[{"embeddable":true,"href":"https:\/\/afacatarroja.org\/ca\/wp-json\/wp\/v2\/users\/1"}],"replies":[{"embeddable":true,"href":"https:\/\/afacatarroja.org\/ca\/wp-json\/wp\/v2\/comments?post=882"}],"version-history":[{"count":16,"href":"https:\/\/afacatarroja.org\/ca\/wp-json\/wp\/v2\/pages\/882\/revisions"}],"predecessor-version":[{"id":2803,"href":"https:\/\/afacatarroja.org\/ca\/wp-json\/wp\/v2\/pages\/882\/revisions\/2803"}],"wp:attachment":[{"href":"https:\/\/afacatarroja.org\/ca\/wp-json\/wp\/v2\/media?parent=882"}],"curies":[{"name":"wp","href":"https:\/\/api.w.org\/{rel}","templated":true}]}}