{"id":833,"date":"2022-07-07T08:21:18","date_gmt":"2022-07-07T06:21:18","guid":{"rendered":"https:\/\/nueva.afacatarroja.org\/?page_id=833"},"modified":"2022-09-16T01:24:45","modified_gmt":"2022-09-15T23:24:45","slug":"programa-grup-d-oci","status":"publish","type":"page","link":"https:\/\/afacatarroja.org\/ca\/programa-grup-d-oci\/","title":{"rendered":"Programa grup d&#8217;oci."},"content":{"rendered":"\n\n\t<section class=\"section\" id=\"section_1336250469\">\n\t\t<div class=\"section-bg fill\" >\n\t\t\t\t\t\t\t\t\t\n\t\t\t\n\n\t\t<\/div>\n\n\t\t\n\n\t\t<div class=\"section-content relative\">\n\t\t\t\n\n<div class=\"row align-right\"  id=\"row-809550602\">\n\n\n\t<div id=\"col-1400916057\" class=\"col medium-9 small-12 large-9\"  >\n\t\t\t\t<div class=\"col-inner\"  >\n\t\t\t\n\t\t\t\n\n\n  <div class=\"banner has-hover\" id=\"banner-648366607\">\n          <div class=\"banner-inner fill\">\n        <div class=\"banner-bg fill\" >\n            <img loading=\"lazy\" decoding=\"async\" width=\"1000\" height=\"667\" src=\"https:\/\/afacatarroja.org\/wp-content\/uploads\/2022\/09\/grupo-ocio.jpg\" class=\"bg attachment-original size-original\" alt=\"\" \/>                                    \n                    <\/div>\n\t\t\n        <div class=\"banner-layers container\">\n            <div class=\"fill banner-link\"><\/div>            \n\n\n        <\/div>\n      <\/div>\n\n            \n<style>\n#banner-648366607 {\n  padding-top: 300px;\n  background-color: rgba(255, 255, 255, 0);\n}\n#banner-648366607 .banner-bg img {\n  object-position: 100%50%;\n}\n@media (min-width:550px) {\n  #banner-648366607 {\n    padding-top: 500px;\n  }\n}\n<\/style>\n  <\/div>\n\n\n\n\t\t<\/div>\n\t\t\t\t\n<style>\n#col-1400916057 > .col-inner {\n  margin: 0px 0px -55px 0px;\n}\n<\/style>\n\t<\/div>\n\n\t\n\n<\/div>\n<div class=\"row\"  id=\"row-1548390015\">\n\n\n\t<div id=\"col-1296862737\" class=\"col medium-7 small-12 large-6\"  >\n\t\t\t\t<div class=\"col-inner\" style=\"background-color:rgba(255, 255, 255, 0.9);\" >\n\t\t\t\n\t\t\t\n\n\t<div id=\"text-3972679504\" class=\"text\">\n\t\t\n\n<h2>Programa grup d&#8217;oci.<\/h2>\n\t\t\n<style>\n#text-3972679504 {\n  font-size: 2rem;\n  color: rgb(0,0,0);\n}\n#text-3972679504 > * {\n  color: rgb(0,0,0);\n}\n<\/style>\n\t<\/div>\n\t\n<p>Aquest programa es basa l&#8217;activitat sobre l&#8217;oci, per mitj\u00e0 d&#8217;una ocupaci\u00f3 lliurement triada i realitzada que resulte satisfact\u00f2ria. Tenint un sentit i una identitat espec\u00edfica en cada persona.<\/p>\n<p><strong>Tractarem l&#8217;oci relacionat amb el temps lliure<\/strong>, el qual podria definir-se com un espai temporal destinat a la realitzaci\u00f3 d&#8217;activitats que no s\u00f3n ni treball, ni activitats obligat\u00f2ries.<\/p>\n<p>Llavors, utilitzar i gaudir del temps lliure t\u00e9 una repercussi\u00f3 positiva, tant a nivell personal com en l&#8217;entorn social; sent rellevant per al desenvolupament hum\u00e0 i la identitat de la persona.<\/p>\n\n\t\t<\/div>\n\t\t\t\t\n<style>\n#col-1296862737 > .col-inner {\n  padding: 30px 30px 20px 30px;\n  margin: 25px 0px 0px 0px;\n}\n@media (min-width:550px) {\n  #col-1296862737 > .col-inner {\n    padding: 10% 10% 8% 10%;\n    margin: -395px 0px 0px 0px;\n  }\n}\n<\/style>\n\t<\/div>\n\n\t\n\n<\/div>\n\n\t\t<\/div>\n\n\t\t\n<style>\n#section_1336250469 {\n  padding-top: 50px;\n  padding-bottom: 50px;\n  background-color: rgb(247, 246, 242);\n}\n@media (min-width:850px) {\n  #section_1336250469 {\n    padding-top: 80px;\n    padding-bottom: 80px;\n  }\n}\n<\/style>\n\t<\/section>\n\t\n\n\t<section class=\"section\" id=\"section_216966803\">\n\t\t<div class=\"section-bg fill\" >\n\t\t\t\t\t\t\t\t\t\n\t\t\t\n\n\t\t<\/div>\n\n\t\t\n\n\t\t<div class=\"section-content relative\">\n\t\t\t\n\n\t<div id=\"gap-357197777\" class=\"gap-element clearfix\" style=\"display:block; height:auto;\">\n\t\t\n<style>\n#gap-357197777 {\n  padding-top: 30px;\n}\n<\/style>\n\t<\/div>\n\t\n\n<div class=\"row\"  id=\"row-619097243\">\n\n\n\t<div id=\"col-563074993\" class=\"col medium-6 small-12 large-6\"  >\n\t\t\t\t<div class=\"col-inner\"  >\n\t\t\t\n\t\t\t\n\n\t<div id=\"text-3016076239\" class=\"text\">\n\t\t\n\n<h2>Altres Serveis<\/h2>\n\t\t\n<style>\n#text-3016076239 {\n  font-size: 1.25rem;\n}\n<\/style>\n\t<\/div>\n\t\n\n\t\t<\/div>\n\t\t\t\t\n<style>\n#col-563074993 > .col-inner {\n  margin: 0px 0px -20px 0px;\n}\n<\/style>\n\t<\/div>\n\n\t\n\n<\/div>\n<div class=\"slider-wrapper relative\" id=\"slider-1756185604\" >\n    <div class=\"slider slider-nav-simple slider-nav-large slider-nav-dark slider-style-normal slider-show-nav\"\n        data-flickity-options='{\n            \"cellAlign\": \"center\",\n            \"imagesLoaded\": true,\n            \"lazyLoad\": 1,\n            \"freeScroll\": false,\n            \"wrapAround\": true,\n            \"autoPlay\": 6000,\n            \"pauseAutoPlayOnHover\" : true,\n            \"prevNextButtons\": true,\n            \"contain\" : true,\n            \"adaptiveHeight\" : true,\n            \"dragThreshold\" : 10,\n            \"percentPosition\": true,\n            \"pageDots\": true,\n            \"rightToLeft\": false,\n            \"draggable\": true,\n            \"selectedAttraction\": 0.1,\n            \"parallax\" : 0,\n            \"friction\": 0.6        }'\n        >\n        \n\n<div class=\"row\"  id=\"row-1498765579\">\n\n\n\t<div id=\"col-1713570379\" class=\"col medium-4 small-12 large-4\"  >\n\t\t\t\t<div class=\"col-inner\"  >\n\t\t\t\n\t\t\t\n\n\t<div class=\"box has-hover   has-hover box-text-bottom\" >\n\n\t\t<div class=\"box-image\" >\n\t\t\t<a href=\"\/ca\/servei-d-orientacio-informacio-i-assessorament\" >\t\t\t<div class=\"image-zoom image-cover\" style=\"padding-top:250px;\">\n\t\t\t\t<img loading=\"lazy\" decoding=\"async\" width=\"1000\" height=\"667\" src=\"https:\/\/afacatarroja.org\/wp-content\/uploads\/2022\/06\/servicio-orientacion-asesoramiento-afac.jpg\" class=\"attachment-original size-original\" alt=\"\" srcset=\"https:\/\/afacatarroja.org\/wp-content\/uploads\/2022\/06\/servicio-orientacion-asesoramiento-afac.jpg 1000w, https:\/\/afacatarroja.org\/wp-content\/uploads\/2022\/06\/servicio-orientacion-asesoramiento-afac-300x200.jpg 300w, https:\/\/afacatarroja.org\/wp-content\/uploads\/2022\/06\/servicio-orientacion-asesoramiento-afac-768x512.jpg 768w\" sizes=\"auto, (max-width: 1000px) 100vw, 1000px\" \/>\t\t\t\t\t\t\t\t\t\t\t<\/div>\n\t\t\t<\/a>\t\t<\/div>\n\n\t\t<div class=\"box-text text-left\" >\n\t\t\t<div class=\"box-text-inner\">\n\t\t\t\t\n\n\t<div id=\"gap-2063944773\" class=\"gap-element clearfix\" style=\"display:block; height:auto;\">\n\t\t\n<style>\n#gap-2063944773 {\n  padding-top: 10px;\n}\n<\/style>\n\t<\/div>\n\t\n\n\t<div id=\"text-2186371031\" class=\"text\">\n\t\t\n\n<h4>Servei d\u2019Orientaci\u00f3, informaci\u00f3 i assessorament.<\/h4>\n\t\t\n<style>\n#text-2186371031 {\n  font-size: 1.25rem;\n}\n<\/style>\n\t<\/div>\n\t\n<a href=\"\/ca\/servei-d-orientacio-informacio-i-assessorament\" class=\"button primary is-link is-large lowercase\" style=\"padding:0px 0px 0px 0;\">\n\t\t<span>Veure m\u00e9s<\/span>\n\t<i class=\"icon-angle-right\" aria-hidden=\"true\"><\/i><\/a>\n\n\n\n\t\t\t<\/div>\n\t\t<\/div>\n\t<\/div>\n\t\n\n\t\t<\/div>\n\t\t\t\t\t<\/div>\n\n\t\n\n\t<div id=\"col-1766909763\" class=\"col medium-4 small-12 large-4\"  >\n\t\t\t\t<div class=\"col-inner\"  >\n\t\t\t\n\t\t\t\n\n\t<div class=\"box has-hover   has-hover box-text-bottom\" >\n\n\t\t<div class=\"box-image\" >\n\t\t\t<a href=\"\/ca\/estimulacio-i-activacio-cognitiva\/\" >\t\t\t<div class=\"image-zoom image-cover\" style=\"padding-top:250px;\">\n\t\t\t\t<img loading=\"lazy\" decoding=\"async\" width=\"2560\" height=\"1706\" src=\"https:\/\/afacatarroja.org\/wp-content\/uploads\/2022\/07\/ESTIMULACION-Y-ACTIVACION-cognitiva-scaled.jpg\" class=\"attachment- size-\" alt=\"\" srcset=\"https:\/\/afacatarroja.org\/wp-content\/uploads\/2022\/07\/ESTIMULACION-Y-ACTIVACION-cognitiva-scaled.jpg 2560w, https:\/\/afacatarroja.org\/wp-content\/uploads\/2022\/07\/ESTIMULACION-Y-ACTIVACION-cognitiva-300x200.jpg 300w, https:\/\/afacatarroja.org\/wp-content\/uploads\/2022\/07\/ESTIMULACION-Y-ACTIVACION-cognitiva-1024x683.jpg 1024w, https:\/\/afacatarroja.org\/wp-content\/uploads\/2022\/07\/ESTIMULACION-Y-ACTIVACION-cognitiva-768x512.jpg 768w, https:\/\/afacatarroja.org\/wp-content\/uploads\/2022\/07\/ESTIMULACION-Y-ACTIVACION-cognitiva-1536x1024.jpg 1536w, https:\/\/afacatarroja.org\/wp-content\/uploads\/2022\/07\/ESTIMULACION-Y-ACTIVACION-cognitiva-2048x1365.jpg 2048w\" sizes=\"auto, (max-width: 2560px) 100vw, 2560px\" \/>\t\t\t\t\t\t\t\t\t\t\t<\/div>\n\t\t\t<\/a>\t\t<\/div>\n\n\t\t<div class=\"box-text text-left\" >\n\t\t\t<div class=\"box-text-inner\">\n\t\t\t\t\n\n\t<div id=\"gap-453204909\" class=\"gap-element clearfix\" style=\"display:block; height:auto;\">\n\t\t\n<style>\n#gap-453204909 {\n  padding-top: 10px;\n}\n<\/style>\n\t<\/div>\n\t\n\n\t<div id=\"text-4243752268\" class=\"text\">\n\t\t\n\n<h3>Estimulaci\u00f3 i activaci\u00f3 cognitiva.<\/h3>\n\t\t\n<style>\n#text-4243752268 {\n  font-size: 1.25rem;\n}\n<\/style>\n\t<\/div>\n\t\n<a href=\"\/ca\/estimulacio-i-activacio-cognitiva\/\" class=\"button primary is-link is-large lowercase\" style=\"padding:0px 0px 0px 0;\">\n\t\t<span>Veure m\u00e9s<\/span>\n\t<i class=\"icon-angle-right\" aria-hidden=\"true\"><\/i><\/a>\n\n\n\n\t\t\t<\/div>\n\t\t<\/div>\n\t<\/div>\n\t\n\n\t\t<\/div>\n\t\t\t\t\t<\/div>\n\n\t\n\n\t<div id=\"col-1613470722\" class=\"col medium-4 small-12 large-4\"  >\n\t\t\t\t<div class=\"col-inner\"  >\n\t\t\t\n\t\t\t\n\n\t<div class=\"box has-hover   has-hover box-text-bottom\" >\n\n\t\t<div class=\"box-image\" >\n\t\t\t<a href=\"\/ca\/tallers-d-envelliment-actiu\/\" >\t\t\t<div class=\"image-zoom image-cover\" style=\"padding-top:250px;\">\n\t\t\t\t<img loading=\"lazy\" decoding=\"async\" width=\"1000\" height=\"750\" src=\"https:\/\/afacatarroja.org\/wp-content\/uploads\/2022\/05\/talleres-envejecimiento-activo.jpg\" class=\"attachment-original size-original\" alt=\"\" srcset=\"https:\/\/afacatarroja.org\/wp-content\/uploads\/2022\/05\/talleres-envejecimiento-activo.jpg 1000w, https:\/\/afacatarroja.org\/wp-content\/uploads\/2022\/05\/talleres-envejecimiento-activo-300x225.jpg 300w, https:\/\/afacatarroja.org\/wp-content\/uploads\/2022\/05\/talleres-envejecimiento-activo-768x576.jpg 768w\" sizes=\"auto, (max-width: 1000px) 100vw, 1000px\" \/>\t\t\t\t\t\t\t\t\t\t\t<\/div>\n\t\t\t<\/a>\t\t<\/div>\n\n\t\t<div class=\"box-text text-left\" >\n\t\t\t<div class=\"box-text-inner\">\n\t\t\t\t\n\n\t<div id=\"gap-712537724\" class=\"gap-element clearfix\" style=\"display:block; height:auto;\">\n\t\t\n<style>\n#gap-712537724 {\n  padding-top: 10px;\n}\n<\/style>\n\t<\/div>\n\t\n\n\t<div id=\"text-1402874684\" class=\"text\">\n\t\t\n\n<h4>Tallers d\u2019envelliment actiu.<\/h4>\n\t\t\n<style>\n#text-1402874684 {\n  font-size: 1.25rem;\n}\n<\/style>\n\t<\/div>\n\t\n<a class=\"button primary is-link is-large lowercase\" style=\"padding:0px 0px 0px 0;\">\n\t\t<span>Veure m\u00e9s<\/span>\n\t<i class=\"icon-angle-right\" aria-hidden=\"true\"><\/i><\/a>\n\n\n\n\t\t\t<\/div>\n\t\t<\/div>\n\t<\/div>\n\t\n\n\t\t<\/div>\n\t\t\t\t\t<\/div>\n\n\t\n\n<\/div>\n<div class=\"row\"  id=\"row-278597469\">\n\n\n\t<div id=\"col-1234341034\" class=\"col medium-4 small-12 large-4\"  >\n\t\t\t\t<div class=\"col-inner\"  >\n\t\t\t\n\t\t\t\n\n\t<div class=\"box has-hover   has-hover box-text-bottom\" >\n\n\t\t<div class=\"box-image\" >\n\t\t\t<a href=\"\/ca\/programa-d-atencio-a-la-familia\/\" >\t\t\t<div class=\"image-zoom image-cover\" style=\"padding-top:250px;\">\n\t\t\t\t<img loading=\"lazy\" decoding=\"async\" width=\"1000\" height=\"671\" src=\"https:\/\/afacatarroja.org\/wp-content\/uploads\/2022\/07\/grupo-atencion-familia.jpg\" class=\"attachment-original size-original\" alt=\"\" srcset=\"https:\/\/afacatarroja.org\/wp-content\/uploads\/2022\/07\/grupo-atencion-familia.jpg 1000w, https:\/\/afacatarroja.org\/wp-content\/uploads\/2022\/07\/grupo-atencion-familia-300x201.jpg 300w, https:\/\/afacatarroja.org\/wp-content\/uploads\/2022\/07\/grupo-atencion-familia-768x515.jpg 768w\" sizes=\"auto, (max-width: 1000px) 100vw, 1000px\" \/>\t\t\t\t\t\t\t\t\t\t\t<\/div>\n\t\t\t<\/a>\t\t<\/div>\n\n\t\t<div class=\"box-text text-left\" >\n\t\t\t<div class=\"box-text-inner\">\n\t\t\t\t\n\n\t<div id=\"gap-870532280\" class=\"gap-element clearfix\" style=\"display:block; height:auto;\">\n\t\t\n<style>\n#gap-870532280 {\n  padding-top: 10px;\n}\n<\/style>\n\t<\/div>\n\t\n\n\t<div id=\"text-392194042\" class=\"text\">\n\t\t\n\n<h4>Programa d&#8217;atenci\u00f3 a la fam\u00edlia.<\/h4>\n\t\t\n<style>\n#text-392194042 {\n  font-size: 1.25rem;\n}\n<\/style>\n\t<\/div>\n\t\n<a href=\"\/programa-d-atencio-a-la-familia\/\" class=\"button primary is-link is-large lowercase\" style=\"padding:0px 0px 0px 0;\">\n\t\t<span>Veure m\u00e9s<\/span>\n\t<i class=\"icon-angle-right\" aria-hidden=\"true\"><\/i><\/a>\n\n\n\n\t\t\t<\/div>\n\t\t<\/div>\n\t<\/div>\n\t\n\n\t\t<\/div>\n\t\t\t\t\t<\/div>\n\n\t\n\n\t<div id=\"col-1296751365\" class=\"col medium-4 small-12 large-4\"  >\n\t\t\t\t<div class=\"col-inner\"  >\n\t\t\t\n\t\t\t\n\n\t<div class=\"box has-hover   has-hover box-text-bottom\" >\n\n\t\t<div class=\"box-image\" >\n\t\t\t<a href=\"\/ca\/programa-d-atencio-a-domicili\/\" >\t\t\t<div class=\"image-zoom image-cover\" style=\"padding-top:250px;\">\n\t\t\t\t<img loading=\"lazy\" decoding=\"async\" width=\"600\" height=\"445\" src=\"https:\/\/afacatarroja.org\/wp-content\/uploads\/2022\/05\/servicio-orientacion-asesoramiento.jpg\" class=\"attachment-original size-original\" alt=\"\" srcset=\"https:\/\/afacatarroja.org\/wp-content\/uploads\/2022\/05\/servicio-orientacion-asesoramiento.jpg 600w, https:\/\/afacatarroja.org\/wp-content\/uploads\/2022\/05\/servicio-orientacion-asesoramiento-300x223.jpg 300w\" sizes=\"auto, (max-width: 600px) 100vw, 600px\" \/>\t\t\t\t\t\t\t\t\t\t\t<\/div>\n\t\t\t<\/a>\t\t<\/div>\n\n\t\t<div class=\"box-text text-left\" >\n\t\t\t<div class=\"box-text-inner\">\n\t\t\t\t\n\n\t<div id=\"gap-1679260900\" class=\"gap-element clearfix\" style=\"display:block; height:auto;\">\n\t\t\n<style>\n#gap-1679260900 {\n  padding-top: 10px;\n}\n<\/style>\n\t<\/div>\n\t\n\n\t<div id=\"text-4181733170\" class=\"text\">\n\t\t\n\n<h4>Programa d\u2019atenci\u00f3 a domicili.<\/h4>\n\t\t\n<style>\n#text-4181733170 {\n  font-size: 1.25rem;\n}\n<\/style>\n\t<\/div>\n\t\n<a href=\"\/ca\/programa-d-atencio-a-domicili\/\" class=\"button primary is-link is-large lowercase\" style=\"padding:0px 0px 0px 0;\">\n\t\t<span>Veure m\u00e9s<\/span>\n\t<i class=\"icon-angle-right\" aria-hidden=\"true\"><\/i><\/a>\n\n\n\n\t\t\t<\/div>\n\t\t<\/div>\n\t<\/div>\n\t\n\n\t\t<\/div>\n\t\t\t\t\t<\/div>\n\n\t\n\n\t<div id=\"col-859637301\" class=\"col medium-4 small-12 large-4\"  >\n\t\t\t\t<div class=\"col-inner\"  >\n\t\t\t\n\t\t\t\n\n\t<div class=\"box has-hover   has-hover box-text-bottom\" >\n\n\t\t<div class=\"box-image\" >\n\t\t\t<a href=\"\/ca\/programa-intergeneracional\/\" >\t\t\t<div class=\"image-zoom image-cover\" style=\"padding-top:250px;\">\n\t\t\t\t<img loading=\"lazy\" decoding=\"async\" width=\"1000\" height=\"667\" src=\"https:\/\/afacatarroja.org\/wp-content\/uploads\/2022\/07\/programa-intergeneracional-afac.jpg\" class=\"attachment- size-\" alt=\"\" srcset=\"https:\/\/afacatarroja.org\/wp-content\/uploads\/2022\/07\/programa-intergeneracional-afac.jpg 1000w, https:\/\/afacatarroja.org\/wp-content\/uploads\/2022\/07\/programa-intergeneracional-afac-300x200.jpg 300w, https:\/\/afacatarroja.org\/wp-content\/uploads\/2022\/07\/programa-intergeneracional-afac-768x512.jpg 768w\" sizes=\"auto, (max-width: 1000px) 100vw, 1000px\" \/>\t\t\t\t\t\t\t\t\t\t\t<\/div>\n\t\t\t<\/a>\t\t<\/div>\n\n\t\t<div class=\"box-text text-left\" >\n\t\t\t<div class=\"box-text-inner\">\n\t\t\t\t\n\n\t<div id=\"gap-1800708358\" class=\"gap-element clearfix\" style=\"display:block; height:auto;\">\n\t\t\n<style>\n#gap-1800708358 {\n  padding-top: 10px;\n}\n<\/style>\n\t<\/div>\n\t\n\n\t<div id=\"text-253815333\" class=\"text\">\n\t\t\n\n<h4>Programa intergeneracional.<\/h4>\n\t\t\n<style>\n#text-253815333 {\n  font-size: 1.25rem;\n}\n<\/style>\n\t<\/div>\n\t\n<a href=\"https:\/\/nueva.afacatarroja.org\/programa-intergeneracional\/\" class=\"button primary is-link is-large lowercase\" style=\"padding:0px 0px 0px 0;\">\n\t\t<span>Veure m\u00e9s<\/span>\n\t<i class=\"icon-angle-right\" aria-hidden=\"true\"><\/i><\/a>\n\n\n\n\t\t\t<\/div>\n\t\t<\/div>\n\t<\/div>\n\t\n\n\t\t<\/div>\n\t\t\t\t\t<\/div>\n\n\t\n\n<\/div>\n<div class=\"row\"  id=\"row-1078835749\">\n\n\n\t<div id=\"col-530397686\" class=\"col medium-4 small-12 large-4\"  >\n\t\t\t\t<div class=\"col-inner\"  >\n\t\t\t\n\t\t\t\n\n\t<div class=\"box has-hover   has-hover box-text-bottom\" >\n\n\t\t<div class=\"box-image\" >\n\t\t\t<a href=\"\/ca\/cursos-de-formacio\/\" >\t\t\t<div class=\"image-zoom image-cover\" style=\"padding-top:250px;\">\n\t\t\t\t<img loading=\"lazy\" decoding=\"async\" width=\"1000\" height=\"667\" src=\"https:\/\/afacatarroja.org\/wp-content\/uploads\/2022\/06\/cursos-formacion-afac.jpg\" class=\"attachment-original size-original\" alt=\"\" srcset=\"https:\/\/afacatarroja.org\/wp-content\/uploads\/2022\/06\/cursos-formacion-afac.jpg 1000w, https:\/\/afacatarroja.org\/wp-content\/uploads\/2022\/06\/cursos-formacion-afac-300x200.jpg 300w, https:\/\/afacatarroja.org\/wp-content\/uploads\/2022\/06\/cursos-formacion-afac-768x512.jpg 768w\" sizes=\"auto, (max-width: 1000px) 100vw, 1000px\" \/>\t\t\t\t\t\t\t\t\t\t\t<\/div>\n\t\t\t<\/a>\t\t<\/div>\n\n\t\t<div class=\"box-text text-left\" >\n\t\t\t<div class=\"box-text-inner\">\n\t\t\t\t\n\n\t<div id=\"gap-2058930577\" class=\"gap-element clearfix\" style=\"display:block; height:auto;\">\n\t\t\n<style>\n#gap-2058930577 {\n  padding-top: 10px;\n}\n<\/style>\n\t<\/div>\n\t\n\n\t<div id=\"text-3969233545\" class=\"text\">\n\t\t\n\n<h4>Cursos de formaci\u00f3.<\/h4>\n\t\t\n<style>\n#text-3969233545 {\n  font-size: 1.25rem;\n}\n<\/style>\n\t<\/div>\n\t\n<a href=\"\/ca\/cursos-de-formacio\/\" class=\"button primary is-link is-large lowercase\" style=\"padding:0px 0px 0px 0;\">\n\t\t<span>Veure m\u00e9s<\/span>\n\t<i class=\"icon-angle-right\" aria-hidden=\"true\"><\/i><\/a>\n\n\n\n\t\t\t<\/div>\n\t\t<\/div>\n\t<\/div>\n\t\n\n\t\t<\/div>\n\t\t\t\t\t<\/div>\n\n\t\n\n\t<div id=\"col-1055519165\" class=\"col medium-4 small-12 large-4\"  >\n\t\t\t\t<div class=\"col-inner\"  >\n\t\t\t\n\t\t\t\n\n\t<div class=\"box has-hover   has-hover box-text-bottom\" >\n\n\t\t<div class=\"box-image\" >\n\t\t\t<a href=\"\/ca\/difusio\/\" >\t\t\t<div class=\"image-zoom image-cover\" style=\"padding-top:250px;\">\n\t\t\t\t<img loading=\"lazy\" decoding=\"async\" width=\"600\" height=\"400\" src=\"https:\/\/afacatarroja.org\/wp-content\/uploads\/2022\/05\/comunicacion-y-publicaciones.jpg\" class=\"attachment- size-\" alt=\"\" srcset=\"https:\/\/afacatarroja.org\/wp-content\/uploads\/2022\/05\/comunicacion-y-publicaciones.jpg 600w, https:\/\/afacatarroja.org\/wp-content\/uploads\/2022\/05\/comunicacion-y-publicaciones-300x200.jpg 300w\" sizes=\"auto, (max-width: 600px) 100vw, 600px\" \/>\t\t\t\t\t\t\t\t\t\t\t<\/div>\n\t\t\t<\/a>\t\t<\/div>\n\n\t\t<div class=\"box-text text-left\" >\n\t\t\t<div class=\"box-text-inner\">\n\t\t\t\t\n\n\t<div id=\"gap-900162150\" class=\"gap-element clearfix\" style=\"display:block; height:auto;\">\n\t\t\n<style>\n#gap-900162150 {\n  padding-top: 10px;\n}\n<\/style>\n\t<\/div>\n\t\n\n\t<div id=\"text-3914747981\" class=\"text\">\n\t\t\n\n<h4>Difusi\u00f3.<\/h4>\n\t\t\n<style>\n#text-3914747981 {\n  font-size: 1.25rem;\n}\n<\/style>\n\t<\/div>\n\t\n<a href=\"\/ca\/difusio\/\" class=\"button primary is-link is-large lowercase\" style=\"padding:0px 0px 0px 0;\">\n\t\t<span>Veure m\u00e9s<\/span>\n\t<i class=\"icon-angle-right\" aria-hidden=\"true\"><\/i><\/a>\n\n\n\n\t\t\t<\/div>\n\t\t<\/div>\n\t<\/div>\n\t\n\n\t\t<\/div>\n\t\t\t\t\t<\/div>\n\n\t\n\n<\/div>\n\n     <\/div>\n\n     <div class=\"loading-spin dark large centered\"><\/div>\n\n\t<\/div>\n\n\n\n\t\t<\/div>\n\n\t\t\n<style>\n#section_216966803 {\n  padding-top: 25px;\n  padding-bottom: 25px;\n  margin-bottom: -25px;\n}\n@media (min-width:850px) {\n  #section_216966803 {\n    padding-top: 40px;\n    padding-bottom: 40px;\n  }\n}\n<\/style>\n\t<\/section>\n\t\n\n\t<section class=\"section dark\" id=\"section_1088031395\">\n\t\t<div class=\"section-bg fill\" >\n\t\t\t<img loading=\"lazy\" decoding=\"async\" width=\"1920\" height=\"1280\" src=\"https:\/\/afacatarroja.org\/wp-content\/uploads\/2022\/05\/bg-contacto.jpg\" class=\"bg attachment-original size-original\" alt=\"\" \/>\t\t\t\t\t\t<div class=\"section-bg-overlay absolute fill\"><\/div>\n\t\t\t\n\n\t\t<\/div>\n\n\t\t\n\n\t\t<div class=\"section-content relative\">\n\t\t\t\n\n\t<div id=\"gap-1909183211\" class=\"gap-element clearfix\" style=\"display:block; height:auto;\">\n\t\t\n<style>\n#gap-1909183211 {\n  padding-top: 30px;\n}\n<\/style>\n\t<\/div>\n\t\n\n<div class=\"row align-center\"  id=\"row-641086294\">\n\n\n\t<div id=\"col-275133689\" class=\"col medium-8 small-12 large-8\"  >\n\t\t\t\t<div class=\"col-inner text-center\"  >\n\t\t\t\n\t\t\t\n\n\t<div id=\"text-991510027\" class=\"text\">\n\t\t\n\n<h6>COM COL\u00b7LABORAR AMB AFAC?<\/h6>\n\t\t\n<style>\n#text-991510027 {\n  line-height: 0.75;\n}\n<\/style>\n\t<\/div>\n\t\n\t<div id=\"gap-1753795036\" class=\"gap-element clearfix\" style=\"display:block; height:auto;\">\n\t\t\n<style>\n#gap-1753795036 {\n  padding-top: 5px;\n}\n<\/style>\n\t<\/div>\n\t\n\n\t<div id=\"text-188806990\" class=\"text\">\n\t\t\n\n<h3>PARTICIPA!<\/h3>\n\t\t\n<style>\n#text-188806990 {\n  font-size: 2.25rem;\n  line-height: 1;\n}\n@media (min-width:550px) {\n  #text-188806990 {\n    font-size: 2.5rem;\n  }\n}\n@media (min-width:850px) {\n  #text-188806990 {\n    line-height: 0.75;\n  }\n}\n<\/style>\n\t<\/div>\n\t\n\t<div id=\"stack-3064537635\" class=\"stack stack-row justify-center items-stretch sm:stack-col sm:justify-center\">\n\t\t\n\n<a href=\"\/ca\/fes-te-soci-a\/\" class=\"button white\" style=\"border-radius:99px;padding:5px 30px 5px 30px;\">\n\t\t<span>Fes-te soci\/a<\/span>\n\t<\/a>\n\n\n<a href=\"\/ca\/donatius\/\" class=\"button white is-outline\" style=\"border-radius:99px;padding:5px 30px 5px 30px;\">\n\t\t<span>donatius<\/span>\n\t<\/a>\n\n\n<a href=\"\/ca\/voluntariat\/\" class=\"button white is-outline\" style=\"border-radius:99px;padding:5px 30px 5px 30px;\">\n\t\t<span>voluntariat<\/span>\n\t<\/a>\n\n\n\n\t\t\n<style>\n#stack-3064537635 > * {\n  --stack-gap: 0.75rem;\n}\n<\/style>\n\t<\/div>\n\t\n\n\t\t<\/div>\n\t\t\t\t\t<\/div>\n\n\t\n\n<\/div>\n\n\t\t<\/div>\n\n\t\t\n<style>\n#section_1088031395 {\n  padding-top: 30px;\n  padding-bottom: 30px;\n  min-height: 500px;\n  background-color: rgb(255, 255, 255);\n}\n#section_1088031395 .section-bg-overlay {\n  background-color: rgba(0, 116, 126, 0.59);\n}\n#section_1088031395 .section-bg img {\n  object-position: 73% 16%;\n}\n@media (min-width:550px) {\n  #section_1088031395 {\n    min-height: 500px;\n  }\n}\n@media (min-width:850px) {\n  #section_1088031395 {\n    min-height: 360px;\n  }\n}\n<\/style>\n\t<\/section>\n\t\n\n\n","protected":false},"excerpt":{"rendered":"","protected":false},"author":1,"featured_media":0,"parent":0,"menu_order":0,"comment_status":"closed","ping_status":"closed","template":"page-blank.php","meta":{"footnotes":""},"class_list":["post-833","page","type-page","status-publish","hentry"],"_links":{"self":[{"href":"https:\/\/afacatarroja.org\/ca\/wp-json\/wp\/v2\/pages\/833","targetHints":{"allow":["GET"]}}],"collection":[{"href":"https:\/\/afacatarroja.org\/ca\/wp-json\/wp\/v2\/pages"}],"about":[{"href":"https:\/\/afacatarroja.org\/ca\/wp-json\/wp\/v2\/types\/page"}],"author":[{"embeddable":true,"href":"https:\/\/afacatarroja.org\/ca\/wp-json\/wp\/v2\/users\/1"}],"replies":[{"embeddable":true,"href":"https:\/\/afacatarroja.org\/ca\/wp-json\/wp\/v2\/comments?post=833"}],"version-history":[{"count":10,"href":"https:\/\/afacatarroja.org\/ca\/wp-json\/wp\/v2\/pages\/833\/revisions"}],"predecessor-version":[{"id":1534,"href":"https:\/\/afacatarroja.org\/ca\/wp-json\/wp\/v2\/pages\/833\/revisions\/1534"}],"wp:attachment":[{"href":"https:\/\/afacatarroja.org\/ca\/wp-json\/wp\/v2\/media?parent=833"}],"curies":[{"name":"wp","href":"https:\/\/api.w.org\/{rel}","templated":true}]}}