{"id":823,"date":"2022-07-07T08:15:46","date_gmt":"2022-07-07T06:15:46","guid":{"rendered":"https:\/\/nueva.afacatarroja.org\/?page_id=823"},"modified":"2022-07-22T16:55:24","modified_gmt":"2022-07-22T14:55:24","slug":"programa-intergeneracional","status":"publish","type":"page","link":"https:\/\/afacatarroja.org\/ca\/programa-intergeneracional\/","title":{"rendered":"Programa intergeneracional."},"content":{"rendered":"\n\n\t<section class=\"section\" id=\"section_53559369\">\n\t\t<div class=\"section-bg fill\" >\n\t\t\t\t\t\t\t\t\t\n\t\t\t\n\n\t\t<\/div>\n\n\t\t\n\n\t\t<div class=\"section-content relative\">\n\t\t\t\n\n<div class=\"row align-right\"  id=\"row-408943712\">\n\n\n\t<div id=\"col-1690438018\" class=\"col medium-9 small-12 large-8\"  >\n\t\t\t\t<div class=\"col-inner\"  >\n\t\t\t\n\t\t\t\n\n\n  <div class=\"banner has-hover\" id=\"banner-191308243\">\n          <div class=\"banner-inner fill\">\n        <div class=\"banner-bg fill\" >\n            <img loading=\"lazy\" decoding=\"async\" width=\"1000\" height=\"667\" src=\"https:\/\/afacatarroja.org\/wp-content\/uploads\/2022\/07\/programa-intergeneracional-afac.jpg\" class=\"bg attachment-original size-original\" alt=\"\" \/>                                    \n                    <\/div>\n\t\t\n        <div class=\"banner-layers container\">\n            <div class=\"fill banner-link\"><\/div>            \n\n\n        <\/div>\n      <\/div>\n\n            \n<style>\n#banner-191308243 {\n  padding-top: 300px;\n  background-color: rgba(255, 255, 255, 0);\n}\n@media (min-width:550px) {\n  #banner-191308243 {\n    padding-top: 500px;\n  }\n}\n<\/style>\n  <\/div>\n\n\n\n\t\t<\/div>\n\t\t\t\t\n<style>\n#col-1690438018 > .col-inner {\n  margin: 0px 0px -55px 0px;\n}\n<\/style>\n\t<\/div>\n\n\t\n\n<\/div>\n<div class=\"row\"  id=\"row-1411084009\">\n\n\n\t<div id=\"col-1781553297\" class=\"col medium-7 small-12 large-7\"  >\n\t\t\t\t<div class=\"col-inner\" style=\"background-color:rgba(255, 255, 255, 0.9);\" >\n\t\t\t\n\t\t\t\n\n\t<div id=\"text-2686837025\" class=\"text\">\n\t\t\n\n<h2>Programa intergeneracional.<\/h2>\n\t\t\n<style>\n#text-2686837025 {\n  font-size: 2rem;\n  color: rgb(0,0,0);\n}\n#text-2686837025 > * {\n  color: rgb(0,0,0);\n}\n<\/style>\n\t<\/div>\n\t\n<p>Considerem rellevant la relaci\u00f3 i el suport social com a eina d&#8217;acostament de contacte amb l&#8217;entorn, de benefici per a pal\u00b7liar els diferents s\u00edmptomes que es van presentant i per tant incrementar aix\u00ed la seua satisfacci\u00f3 vital.<\/p>\n<p>Una altra manera d&#8217;intervindre i de mantindre&#8217;s actius \u00e9s <strong>propiciar unes relacions entre generacions i la participaci\u00f3 social.<\/strong><\/p>\n<p>Diverses publicacions expliciten que les interaccions entre infants i majors suposen beneficis individuals i socials per als dos grups. Existeixen indicis que permeten pensar que les persones amb deteriorament cognitiu o dem\u00e8ncia poden experimentar major afecte durant les interaccions amb xicotets de les quals senten en activitats on no hi han.<\/p>\n\n\t\t<\/div>\n\t\t\t\t\n<style>\n#col-1781553297 > .col-inner {\n  padding: 30px 30px 20px 30px;\n  margin: 25px 0px 0px 0px;\n}\n@media (min-width:550px) {\n  #col-1781553297 > .col-inner {\n    padding: 10% 10% 8% 10%;\n    margin: -395px 0px 0px 0px;\n  }\n}\n<\/style>\n\t<\/div>\n\n\t\n\n<\/div>\n\n\t\t<\/div>\n\n\t\t\n<style>\n#section_53559369 {\n  padding-top: 50px;\n  padding-bottom: 50px;\n  background-color: rgb(247, 246, 242);\n}\n@media (min-width:850px) {\n  #section_53559369 {\n    padding-top: 80px;\n    padding-bottom: 80px;\n  }\n}\n<\/style>\n\t<\/section>\n\t\n\n\t<section class=\"section\" id=\"section_1676872942\">\n\t\t<div class=\"section-bg fill\" >\n\t\t\t\t\t\t\t\t\t\n\t\t\t\n\n\t\t<\/div>\n\n\t\t\n\n\t\t<div class=\"section-content relative\">\n\t\t\t\n\n\t<div id=\"gap-1972953667\" class=\"gap-element clearfix\" style=\"display:block; height:auto;\">\n\t\t\n<style>\n#gap-1972953667 {\n  padding-top: 30px;\n}\n<\/style>\n\t<\/div>\n\t\n\n<div class=\"row\"  id=\"row-1201803741\">\n\n\n\t<div id=\"col-835530776\" class=\"col medium-6 small-12 large-6\"  >\n\t\t\t\t<div class=\"col-inner\"  >\n\t\t\t\n\t\t\t\n\n\t<div id=\"text-1553273558\" class=\"text\">\n\t\t\n\n<h2>Altres Serveis<\/h2>\n\t\t\n<style>\n#text-1553273558 {\n  font-size: 1.25rem;\n}\n<\/style>\n\t<\/div>\n\t\n\n\t\t<\/div>\n\t\t\t\t\n<style>\n#col-835530776 > .col-inner {\n  margin: 0px 0px -20px 0px;\n}\n<\/style>\n\t<\/div>\n\n\t\n\n<\/div>\n<div class=\"slider-wrapper relative\" id=\"slider-1582375680\" >\n    <div class=\"slider slider-nav-simple slider-nav-large slider-nav-dark slider-style-normal slider-show-nav\"\n        data-flickity-options='{\n            \"cellAlign\": \"center\",\n            \"imagesLoaded\": true,\n            \"lazyLoad\": 1,\n            \"freeScroll\": false,\n            \"wrapAround\": true,\n            \"autoPlay\": 6000,\n            \"pauseAutoPlayOnHover\" : true,\n            \"prevNextButtons\": true,\n            \"contain\" : true,\n            \"adaptiveHeight\" : true,\n            \"dragThreshold\" : 10,\n            \"percentPosition\": true,\n            \"pageDots\": true,\n            \"rightToLeft\": false,\n            \"draggable\": true,\n            \"selectedAttraction\": 0.1,\n            \"parallax\" : 0,\n            \"friction\": 0.6        }'\n        >\n        \n\n<div class=\"row\"  id=\"row-893476976\">\n\n\n\t<div id=\"col-675839502\" class=\"col medium-4 small-12 large-4\"  >\n\t\t\t\t<div class=\"col-inner\"  >\n\t\t\t\n\t\t\t\n\n\t<div class=\"box has-hover   has-hover box-text-bottom\" >\n\n\t\t<div class=\"box-image\" >\n\t\t\t<a href=\"\/ca\/servei-d-orientacio-informacio-i-assessorament\" >\t\t\t<div class=\"image-zoom image-cover\" style=\"padding-top:250px;\">\n\t\t\t\t<img loading=\"lazy\" decoding=\"async\" width=\"1000\" height=\"667\" src=\"https:\/\/afacatarroja.org\/wp-content\/uploads\/2022\/06\/servicio-orientacion-asesoramiento-afac.jpg\" class=\"attachment-original size-original\" alt=\"\" srcset=\"https:\/\/afacatarroja.org\/wp-content\/uploads\/2022\/06\/servicio-orientacion-asesoramiento-afac.jpg 1000w, https:\/\/afacatarroja.org\/wp-content\/uploads\/2022\/06\/servicio-orientacion-asesoramiento-afac-300x200.jpg 300w, https:\/\/afacatarroja.org\/wp-content\/uploads\/2022\/06\/servicio-orientacion-asesoramiento-afac-768x512.jpg 768w\" sizes=\"auto, (max-width: 1000px) 100vw, 1000px\" \/>\t\t\t\t\t\t\t\t\t\t\t<\/div>\n\t\t\t<\/a>\t\t<\/div>\n\n\t\t<div class=\"box-text text-left\" >\n\t\t\t<div class=\"box-text-inner\">\n\t\t\t\t\n\n\t<div id=\"gap-1954154651\" class=\"gap-element clearfix\" style=\"display:block; height:auto;\">\n\t\t\n<style>\n#gap-1954154651 {\n  padding-top: 10px;\n}\n<\/style>\n\t<\/div>\n\t\n\n\t<div id=\"text-4025789887\" class=\"text\">\n\t\t\n\n<h4>Servei d\u2019Orientaci\u00f3, informaci\u00f3 i assessorament.<\/h4>\n\t\t\n<style>\n#text-4025789887 {\n  font-size: 1.25rem;\n}\n<\/style>\n\t<\/div>\n\t\n<a href=\"\/ca\/servei-d-orientacio-informacio-i-assessorament\" class=\"button primary is-link is-large lowercase\" style=\"padding:0px 0px 0px 0;\">\n\t\t<span>Veure m\u00e9s<\/span>\n\t<i class=\"icon-angle-right\" aria-hidden=\"true\"><\/i><\/a>\n\n\n\n\t\t\t<\/div>\n\t\t<\/div>\n\t<\/div>\n\t\n\n\t\t<\/div>\n\t\t\t\t\t<\/div>\n\n\t\n\n\t<div id=\"col-1106955912\" class=\"col medium-4 small-12 large-4\"  >\n\t\t\t\t<div class=\"col-inner\"  >\n\t\t\t\n\t\t\t\n\n\t<div class=\"box has-hover   has-hover box-text-bottom\" >\n\n\t\t<div class=\"box-image\" >\n\t\t\t<a href=\"\/ca\/estimulacio-i-activacio-cognitiva\/\" >\t\t\t<div class=\"image-zoom image-cover\" style=\"padding-top:250px;\">\n\t\t\t\t<img loading=\"lazy\" decoding=\"async\" width=\"2560\" height=\"1706\" src=\"https:\/\/afacatarroja.org\/wp-content\/uploads\/2022\/07\/ESTIMULACION-Y-ACTIVACION-cognitiva-scaled.jpg\" class=\"attachment- size-\" alt=\"\" srcset=\"https:\/\/afacatarroja.org\/wp-content\/uploads\/2022\/07\/ESTIMULACION-Y-ACTIVACION-cognitiva-scaled.jpg 2560w, https:\/\/afacatarroja.org\/wp-content\/uploads\/2022\/07\/ESTIMULACION-Y-ACTIVACION-cognitiva-300x200.jpg 300w, https:\/\/afacatarroja.org\/wp-content\/uploads\/2022\/07\/ESTIMULACION-Y-ACTIVACION-cognitiva-1024x683.jpg 1024w, https:\/\/afacatarroja.org\/wp-content\/uploads\/2022\/07\/ESTIMULACION-Y-ACTIVACION-cognitiva-768x512.jpg 768w, https:\/\/afacatarroja.org\/wp-content\/uploads\/2022\/07\/ESTIMULACION-Y-ACTIVACION-cognitiva-1536x1024.jpg 1536w, https:\/\/afacatarroja.org\/wp-content\/uploads\/2022\/07\/ESTIMULACION-Y-ACTIVACION-cognitiva-2048x1365.jpg 2048w\" sizes=\"auto, (max-width: 2560px) 100vw, 2560px\" \/>\t\t\t\t\t\t\t\t\t\t\t<\/div>\n\t\t\t<\/a>\t\t<\/div>\n\n\t\t<div class=\"box-text text-left\" >\n\t\t\t<div class=\"box-text-inner\">\n\t\t\t\t\n\n\t<div id=\"gap-915992399\" class=\"gap-element clearfix\" style=\"display:block; height:auto;\">\n\t\t\n<style>\n#gap-915992399 {\n  padding-top: 10px;\n}\n<\/style>\n\t<\/div>\n\t\n\n\t<div id=\"text-848970346\" class=\"text\">\n\t\t\n\n<h3>Estimulaci\u00f3 i activaci\u00f3 cognitiva.<\/h3>\n\t\t\n<style>\n#text-848970346 {\n  font-size: 1.25rem;\n}\n<\/style>\n\t<\/div>\n\t\n<a href=\"\/ca\/estimulacio-i-activacio-cognitiva\/\" class=\"button primary is-link is-large lowercase\" style=\"padding:0px 0px 0px 0;\">\n\t\t<span>Veure m\u00e9s<\/span>\n\t<i class=\"icon-angle-right\" aria-hidden=\"true\"><\/i><\/a>\n\n\n\n\t\t\t<\/div>\n\t\t<\/div>\n\t<\/div>\n\t\n\n\t\t<\/div>\n\t\t\t\t\t<\/div>\n\n\t\n\n\t<div id=\"col-328815522\" class=\"col medium-4 small-12 large-4\"  >\n\t\t\t\t<div class=\"col-inner\"  >\n\t\t\t\n\t\t\t\n\n\t<div class=\"box has-hover   has-hover box-text-bottom\" >\n\n\t\t<div class=\"box-image\" >\n\t\t\t<a href=\"\/ca\/tallers-d-envelliment-actiu\/\" >\t\t\t<div class=\"image-zoom image-cover\" style=\"padding-top:250px;\">\n\t\t\t\t<img loading=\"lazy\" decoding=\"async\" width=\"1000\" height=\"750\" src=\"https:\/\/afacatarroja.org\/wp-content\/uploads\/2022\/05\/talleres-envejecimiento-activo.jpg\" class=\"attachment-original size-original\" alt=\"\" srcset=\"https:\/\/afacatarroja.org\/wp-content\/uploads\/2022\/05\/talleres-envejecimiento-activo.jpg 1000w, https:\/\/afacatarroja.org\/wp-content\/uploads\/2022\/05\/talleres-envejecimiento-activo-300x225.jpg 300w, https:\/\/afacatarroja.org\/wp-content\/uploads\/2022\/05\/talleres-envejecimiento-activo-768x576.jpg 768w\" sizes=\"auto, (max-width: 1000px) 100vw, 1000px\" \/>\t\t\t\t\t\t\t\t\t\t\t<\/div>\n\t\t\t<\/a>\t\t<\/div>\n\n\t\t<div class=\"box-text text-left\" >\n\t\t\t<div class=\"box-text-inner\">\n\t\t\t\t\n\n\t<div id=\"gap-1303105520\" class=\"gap-element clearfix\" style=\"display:block; height:auto;\">\n\t\t\n<style>\n#gap-1303105520 {\n  padding-top: 10px;\n}\n<\/style>\n\t<\/div>\n\t\n\n\t<div id=\"text-2425065577\" class=\"text\">\n\t\t\n\n<h4>Tallers d\u2019envelliment actiu.<\/h4>\n\t\t\n<style>\n#text-2425065577 {\n  font-size: 1.25rem;\n}\n<\/style>\n\t<\/div>\n\t\n<a class=\"button primary is-link is-large lowercase\" style=\"padding:0px 0px 0px 0;\">\n\t\t<span>Veure m\u00e9s<\/span>\n\t<i class=\"icon-angle-right\" aria-hidden=\"true\"><\/i><\/a>\n\n\n\n\t\t\t<\/div>\n\t\t<\/div>\n\t<\/div>\n\t\n\n\t\t<\/div>\n\t\t\t\t\t<\/div>\n\n\t\n\n<\/div>\n<div class=\"row\"  id=\"row-1662342259\">\n\n\n\t<div id=\"col-15380860\" class=\"col medium-4 small-12 large-4\"  >\n\t\t\t\t<div class=\"col-inner\"  >\n\t\t\t\n\t\t\t\n\n\t<div class=\"box has-hover   has-hover box-text-bottom\" >\n\n\t\t<div class=\"box-image\" >\n\t\t\t<a href=\"\/ca\/programa-d-atencio-a-la-familia\/\" >\t\t\t<div class=\"image-zoom image-cover\" style=\"padding-top:250px;\">\n\t\t\t\t<img loading=\"lazy\" decoding=\"async\" width=\"1000\" height=\"671\" src=\"https:\/\/afacatarroja.org\/wp-content\/uploads\/2022\/07\/grupo-atencion-familia.jpg\" class=\"attachment-original size-original\" alt=\"\" srcset=\"https:\/\/afacatarroja.org\/wp-content\/uploads\/2022\/07\/grupo-atencion-familia.jpg 1000w, https:\/\/afacatarroja.org\/wp-content\/uploads\/2022\/07\/grupo-atencion-familia-300x201.jpg 300w, https:\/\/afacatarroja.org\/wp-content\/uploads\/2022\/07\/grupo-atencion-familia-768x515.jpg 768w\" sizes=\"auto, (max-width: 1000px) 100vw, 1000px\" \/>\t\t\t\t\t\t\t\t\t\t\t<\/div>\n\t\t\t<\/a>\t\t<\/div>\n\n\t\t<div class=\"box-text text-left\" >\n\t\t\t<div class=\"box-text-inner\">\n\t\t\t\t\n\n\t<div id=\"gap-2083802510\" class=\"gap-element clearfix\" style=\"display:block; height:auto;\">\n\t\t\n<style>\n#gap-2083802510 {\n  padding-top: 10px;\n}\n<\/style>\n\t<\/div>\n\t\n\n\t<div id=\"text-293521967\" class=\"text\">\n\t\t\n\n<h4>Programa d&#8217;atenci\u00f3 a la fam\u00edlia.<\/h4>\n\t\t\n<style>\n#text-293521967 {\n  font-size: 1.25rem;\n}\n<\/style>\n\t<\/div>\n\t\n<a href=\"\/programa-d-atencio-a-la-familia\/\" class=\"button primary is-link is-large lowercase\" style=\"padding:0px 0px 0px 0;\">\n\t\t<span>Veure m\u00e9s<\/span>\n\t<i class=\"icon-angle-right\" aria-hidden=\"true\"><\/i><\/a>\n\n\n\n\t\t\t<\/div>\n\t\t<\/div>\n\t<\/div>\n\t\n\n\t\t<\/div>\n\t\t\t\t\t<\/div>\n\n\t\n\n\t<div id=\"col-502877756\" class=\"col medium-4 small-12 large-4\"  >\n\t\t\t\t<div class=\"col-inner\"  >\n\t\t\t\n\t\t\t\n\n\t<div class=\"box has-hover   has-hover box-text-bottom\" >\n\n\t\t<div class=\"box-image\" >\n\t\t\t<a href=\"\/ca\/programa-d-atencio-a-domicili\/\" >\t\t\t<div class=\"image-zoom image-cover\" style=\"padding-top:250px;\">\n\t\t\t\t<img loading=\"lazy\" decoding=\"async\" width=\"600\" height=\"445\" src=\"https:\/\/afacatarroja.org\/wp-content\/uploads\/2022\/05\/servicio-orientacion-asesoramiento.jpg\" class=\"attachment-original size-original\" alt=\"\" srcset=\"https:\/\/afacatarroja.org\/wp-content\/uploads\/2022\/05\/servicio-orientacion-asesoramiento.jpg 600w, https:\/\/afacatarroja.org\/wp-content\/uploads\/2022\/05\/servicio-orientacion-asesoramiento-300x223.jpg 300w\" sizes=\"auto, (max-width: 600px) 100vw, 600px\" \/>\t\t\t\t\t\t\t\t\t\t\t<\/div>\n\t\t\t<\/a>\t\t<\/div>\n\n\t\t<div class=\"box-text text-left\" >\n\t\t\t<div class=\"box-text-inner\">\n\t\t\t\t\n\n\t<div id=\"gap-845421912\" class=\"gap-element clearfix\" style=\"display:block; height:auto;\">\n\t\t\n<style>\n#gap-845421912 {\n  padding-top: 10px;\n}\n<\/style>\n\t<\/div>\n\t\n\n\t<div id=\"text-1952758306\" class=\"text\">\n\t\t\n\n<h4>Programa d\u2019atenci\u00f3 a domicili.<\/h4>\n\t\t\n<style>\n#text-1952758306 {\n  font-size: 1.25rem;\n}\n<\/style>\n\t<\/div>\n\t\n<a href=\"\/ca\/programa-d-atencio-a-domicili\/\" class=\"button primary is-link is-large lowercase\" style=\"padding:0px 0px 0px 0;\">\n\t\t<span>Veure m\u00e9s<\/span>\n\t<i class=\"icon-angle-right\" aria-hidden=\"true\"><\/i><\/a>\n\n\n\n\t\t\t<\/div>\n\t\t<\/div>\n\t<\/div>\n\t\n\n\t\t<\/div>\n\t\t\t\t\t<\/div>\n\n\t\n\n\t<div id=\"col-555424622\" class=\"col medium-4 small-12 large-4\"  >\n\t\t\t\t<div class=\"col-inner\"  >\n\t\t\t\n\t\t\t\n\n\t<div class=\"box has-hover   has-hover box-text-bottom\" >\n\n\t\t<div class=\"box-image\" >\n\t\t\t<a href=\"\/ca\/programa-grup-d-oci\/\" >\t\t\t<div class=\"image-zoom image-cover\" style=\"padding-top:250px;\">\n\t\t\t\t<img loading=\"lazy\" decoding=\"async\" width=\"1000\" height=\"667\" src=\"https:\/\/afacatarroja.org\/wp-content\/uploads\/2022\/07\/grupo-ocio.jpg\" class=\"attachment- size-\" alt=\"\" srcset=\"https:\/\/afacatarroja.org\/wp-content\/uploads\/2022\/07\/grupo-ocio.jpg 1000w, https:\/\/afacatarroja.org\/wp-content\/uploads\/2022\/07\/grupo-ocio-300x200.jpg 300w, https:\/\/afacatarroja.org\/wp-content\/uploads\/2022\/07\/grupo-ocio-768x512.jpg 768w\" sizes=\"auto, (max-width: 1000px) 100vw, 1000px\" \/>\t\t\t\t\t\t\t\t\t\t\t<\/div>\n\t\t\t<\/a>\t\t<\/div>\n\n\t\t<div class=\"box-text text-left\" >\n\t\t\t<div class=\"box-text-inner\">\n\t\t\t\t\n\n\t<div id=\"gap-207436021\" class=\"gap-element clearfix\" style=\"display:block; height:auto;\">\n\t\t\n<style>\n#gap-207436021 {\n  padding-top: 10px;\n}\n<\/style>\n\t<\/div>\n\t\n\n\t<div id=\"text-940061194\" class=\"text\">\n\t\t\n\n<h4>Programa grup d\u2019oci.<\/h4>\n\t\t\n<style>\n#text-940061194 {\n  font-size: 1.25rem;\n}\n<\/style>\n\t<\/div>\n\t\n<a href=\"\/programa-grup-d-oci\/\" class=\"button primary is-link is-large lowercase\" style=\"padding:0px 0px 0px 0;\">\n\t\t<span>Veure m\u00e9s<\/span>\n\t<i class=\"icon-angle-right\" aria-hidden=\"true\"><\/i><\/a>\n\n\n\n\t\t\t<\/div>\n\t\t<\/div>\n\t<\/div>\n\t\n\n\t\t<\/div>\n\t\t\t\t\t<\/div>\n\n\t\n\n<\/div>\n<div class=\"row\"  id=\"row-1988940576\">\n\n\n\t<div id=\"col-1051672626\" class=\"col medium-4 small-12 large-4\"  >\n\t\t\t\t<div class=\"col-inner\"  >\n\t\t\t\n\t\t\t\n\n\t<div class=\"box has-hover   has-hover box-text-bottom\" >\n\n\t\t<div class=\"box-image\" >\n\t\t\t<a href=\"\/ca\/cursos-de-formacio\/\" >\t\t\t<div class=\"image-zoom image-cover\" style=\"padding-top:250px;\">\n\t\t\t\t<img loading=\"lazy\" decoding=\"async\" width=\"1000\" height=\"667\" src=\"https:\/\/afacatarroja.org\/wp-content\/uploads\/2022\/06\/cursos-formacion-afac.jpg\" class=\"attachment-original size-original\" alt=\"\" srcset=\"https:\/\/afacatarroja.org\/wp-content\/uploads\/2022\/06\/cursos-formacion-afac.jpg 1000w, https:\/\/afacatarroja.org\/wp-content\/uploads\/2022\/06\/cursos-formacion-afac-300x200.jpg 300w, https:\/\/afacatarroja.org\/wp-content\/uploads\/2022\/06\/cursos-formacion-afac-768x512.jpg 768w\" sizes=\"auto, (max-width: 1000px) 100vw, 1000px\" \/>\t\t\t\t\t\t\t\t\t\t\t<\/div>\n\t\t\t<\/a>\t\t<\/div>\n\n\t\t<div class=\"box-text text-left\" >\n\t\t\t<div class=\"box-text-inner\">\n\t\t\t\t\n\n\t<div id=\"gap-294390540\" class=\"gap-element clearfix\" style=\"display:block; height:auto;\">\n\t\t\n<style>\n#gap-294390540 {\n  padding-top: 10px;\n}\n<\/style>\n\t<\/div>\n\t\n\n\t<div id=\"text-2175887096\" class=\"text\">\n\t\t\n\n<h4>Cursos de formaci\u00f3.<\/h4>\n\t\t\n<style>\n#text-2175887096 {\n  font-size: 1.25rem;\n}\n<\/style>\n\t<\/div>\n\t\n<a href=\"\/ca\/cursos-de-formacio\/\" class=\"button primary is-link is-large lowercase\" style=\"padding:0px 0px 0px 0;\">\n\t\t<span>Veure m\u00e9s<\/span>\n\t<i class=\"icon-angle-right\" aria-hidden=\"true\"><\/i><\/a>\n\n\n\n\t\t\t<\/div>\n\t\t<\/div>\n\t<\/div>\n\t\n\n\t\t<\/div>\n\t\t\t\t\t<\/div>\n\n\t\n\n\t<div id=\"col-641508632\" class=\"col medium-4 small-12 large-4\"  >\n\t\t\t\t<div class=\"col-inner\"  >\n\t\t\t\n\t\t\t\n\n\t<div class=\"box has-hover   has-hover box-text-bottom\" >\n\n\t\t<div class=\"box-image\" >\n\t\t\t<a href=\"\/ca\/difusio\/\" >\t\t\t<div class=\"image-zoom image-cover\" style=\"padding-top:250px;\">\n\t\t\t\t<img loading=\"lazy\" decoding=\"async\" width=\"600\" height=\"400\" src=\"https:\/\/afacatarroja.org\/wp-content\/uploads\/2022\/05\/comunicacion-y-publicaciones.jpg\" class=\"attachment- size-\" alt=\"\" srcset=\"https:\/\/afacatarroja.org\/wp-content\/uploads\/2022\/05\/comunicacion-y-publicaciones.jpg 600w, https:\/\/afacatarroja.org\/wp-content\/uploads\/2022\/05\/comunicacion-y-publicaciones-300x200.jpg 300w\" sizes=\"auto, (max-width: 600px) 100vw, 600px\" \/>\t\t\t\t\t\t\t\t\t\t\t<\/div>\n\t\t\t<\/a>\t\t<\/div>\n\n\t\t<div class=\"box-text text-left\" >\n\t\t\t<div class=\"box-text-inner\">\n\t\t\t\t\n\n\t<div id=\"gap-396708099\" class=\"gap-element clearfix\" style=\"display:block; height:auto;\">\n\t\t\n<style>\n#gap-396708099 {\n  padding-top: 10px;\n}\n<\/style>\n\t<\/div>\n\t\n\n\t<div id=\"text-3753321363\" class=\"text\">\n\t\t\n\n<h4>Difusi\u00f3.<\/h4>\n\t\t\n<style>\n#text-3753321363 {\n  font-size: 1.25rem;\n}\n<\/style>\n\t<\/div>\n\t\n<a href=\"\/ca\/difusio\/\" class=\"button primary is-link is-large lowercase\" style=\"padding:0px 0px 0px 0;\">\n\t\t<span>Veure m\u00e9s<\/span>\n\t<i class=\"icon-angle-right\" aria-hidden=\"true\"><\/i><\/a>\n\n\n\n\t\t\t<\/div>\n\t\t<\/div>\n\t<\/div>\n\t\n\n\t\t<\/div>\n\t\t\t\t\t<\/div>\n\n\t\n\n<\/div>\n\n     <\/div>\n\n     <div class=\"loading-spin dark large centered\"><\/div>\n\n\t<\/div>\n\n\n\n\t\t<\/div>\n\n\t\t\n<style>\n#section_1676872942 {\n  padding-top: 25px;\n  padding-bottom: 25px;\n  margin-bottom: -25px;\n}\n@media (min-width:850px) {\n  #section_1676872942 {\n    padding-top: 40px;\n    padding-bottom: 40px;\n  }\n}\n<\/style>\n\t<\/section>\n\t\n\n\t<section class=\"section dark\" id=\"section_1746923099\">\n\t\t<div class=\"section-bg fill\" >\n\t\t\t<img loading=\"lazy\" decoding=\"async\" width=\"1920\" height=\"1280\" src=\"https:\/\/afacatarroja.org\/wp-content\/uploads\/2022\/05\/bg-contacto.jpg\" class=\"bg attachment-original size-original\" alt=\"\" \/>\t\t\t\t\t\t<div class=\"section-bg-overlay absolute fill\"><\/div>\n\t\t\t\n\n\t\t<\/div>\n\n\t\t\n\n\t\t<div class=\"section-content relative\">\n\t\t\t\n\n\t<div id=\"gap-474801468\" class=\"gap-element clearfix\" style=\"display:block; height:auto;\">\n\t\t\n<style>\n#gap-474801468 {\n  padding-top: 30px;\n}\n<\/style>\n\t<\/div>\n\t\n\n<div class=\"row align-center\"  id=\"row-202517173\">\n\n\n\t<div id=\"col-856160826\" class=\"col medium-8 small-12 large-8\"  >\n\t\t\t\t<div class=\"col-inner text-center\"  >\n\t\t\t\n\t\t\t\n\n\t<div id=\"text-3444618687\" class=\"text\">\n\t\t\n\n<h6>COM COL\u00b7LABORAR AMB AFAC?<\/h6>\n\t\t\n<style>\n#text-3444618687 {\n  line-height: 0.75;\n}\n<\/style>\n\t<\/div>\n\t\n\t<div id=\"gap-263343549\" class=\"gap-element clearfix\" style=\"display:block; height:auto;\">\n\t\t\n<style>\n#gap-263343549 {\n  padding-top: 5px;\n}\n<\/style>\n\t<\/div>\n\t\n\n\t<div id=\"text-2257989322\" class=\"text\">\n\t\t\n\n<h3>PARTICIPA!<\/h3>\n\t\t\n<style>\n#text-2257989322 {\n  font-size: 2.25rem;\n  line-height: 1;\n}\n@media (min-width:550px) {\n  #text-2257989322 {\n    font-size: 2.5rem;\n  }\n}\n@media (min-width:850px) {\n  #text-2257989322 {\n    line-height: 0.75;\n  }\n}\n<\/style>\n\t<\/div>\n\t\n\t<div id=\"stack-4164537181\" class=\"stack stack-row justify-center items-stretch sm:stack-col sm:justify-center\">\n\t\t\n\n<a href=\"\/ca\/fes-te-soci-a\/\" class=\"button white\" style=\"border-radius:99px;padding:5px 30px 5px 30px;\">\n\t\t<span>Fes-te soci\/a<\/span>\n\t<\/a>\n\n\n<a href=\"\/ca\/donatius\/\" class=\"button white is-outline\" style=\"border-radius:99px;padding:5px 30px 5px 30px;\">\n\t\t<span>donatius<\/span>\n\t<\/a>\n\n\n<a href=\"\/ca\/voluntariat\/\" class=\"button white is-outline\" style=\"border-radius:99px;padding:5px 30px 5px 30px;\">\n\t\t<span>voluntariat<\/span>\n\t<\/a>\n\n\n\n\t\t\n<style>\n#stack-4164537181 > * {\n  --stack-gap: 0.75rem;\n}\n<\/style>\n\t<\/div>\n\t\n\n\t\t<\/div>\n\t\t\t\t\t<\/div>\n\n\t\n\n<\/div>\n\n\t\t<\/div>\n\n\t\t\n<style>\n#section_1746923099 {\n  padding-top: 30px;\n  padding-bottom: 30px;\n  min-height: 500px;\n  background-color: rgb(255, 255, 255);\n}\n#section_1746923099 .section-bg-overlay {\n  background-color: rgba(0, 116, 126, 0.59);\n}\n#section_1746923099 .section-bg img {\n  object-position: 73% 16%;\n}\n@media (min-width:550px) {\n  #section_1746923099 {\n    min-height: 500px;\n  }\n}\n@media (min-width:850px) {\n  #section_1746923099 {\n    min-height: 360px;\n  }\n}\n<\/style>\n\t<\/section>\n\t\n","protected":false},"excerpt":{"rendered":"","protected":false},"author":1,"featured_media":0,"parent":0,"menu_order":0,"comment_status":"closed","ping_status":"closed","template":"page-blank.php","meta":{"footnotes":""},"class_list":["post-823","page","type-page","status-publish","hentry"],"_links":{"self":[{"href":"https:\/\/afacatarroja.org\/ca\/wp-json\/wp\/v2\/pages\/823","targetHints":{"allow":["GET"]}}],"collection":[{"href":"https:\/\/afacatarroja.org\/ca\/wp-json\/wp\/v2\/pages"}],"about":[{"href":"https:\/\/afacatarroja.org\/ca\/wp-json\/wp\/v2\/types\/page"}],"author":[{"embeddable":true,"href":"https:\/\/afacatarroja.org\/ca\/wp-json\/wp\/v2\/users\/1"}],"replies":[{"embeddable":true,"href":"https:\/\/afacatarroja.org\/ca\/wp-json\/wp\/v2\/comments?post=823"}],"version-history":[{"count":8,"href":"https:\/\/afacatarroja.org\/ca\/wp-json\/wp\/v2\/pages\/823\/revisions"}],"predecessor-version":[{"id":1293,"href":"https:\/\/afacatarroja.org\/ca\/wp-json\/wp\/v2\/pages\/823\/revisions\/1293"}],"wp:attachment":[{"href":"https:\/\/afacatarroja.org\/ca\/wp-json\/wp\/v2\/media?parent=823"}],"curies":[{"name":"wp","href":"https:\/\/api.w.org\/{rel}","templated":true}]}}