{"id":808,"date":"2022-05-24T22:24:07","date_gmt":"2022-05-24T20:24:07","guid":{"rendered":"https:\/\/nueva.afacatarroja.org\/?page_id=808"},"modified":"2022-07-22T17:03:43","modified_gmt":"2022-07-22T15:03:43","slug":"programa-d-atencio-a-domicili","status":"publish","type":"page","link":"https:\/\/afacatarroja.org\/ca\/programa-d-atencio-a-domicili\/","title":{"rendered":"Programa d&#8217;atenci\u00f3 a domicilio."},"content":{"rendered":"\n\n\t<section class=\"section\" id=\"section_1578878224\">\n\t\t<div class=\"section-bg fill\" >\n\t\t\t\t\t\t\t\t\t\n\t\t\t\n\n\t\t<\/div>\n\n\t\t\n\n\t\t<div class=\"section-content relative\">\n\t\t\t\n\n<div class=\"row align-right\"  id=\"row-408886395\">\n\n\n\t<div id=\"col-783803422\" class=\"col medium-9 small-12 large-9\"  >\n\t\t\t\t<div class=\"col-inner\"  >\n\t\t\t\n\t\t\t\n\n\n  <div class=\"banner has-hover\" id=\"banner-1140991807\">\n          <div class=\"banner-inner fill\">\n        <div class=\"banner-bg fill\" >\n            <img loading=\"lazy\" decoding=\"async\" width=\"600\" height=\"445\" src=\"https:\/\/afacatarroja.org\/wp-content\/uploads\/2022\/05\/servicio-orientacion-asesoramiento.jpg\" class=\"bg attachment-original size-original\" alt=\"\" \/>                                    \n                    <\/div>\n\t\t\n        <div class=\"banner-layers container\">\n            <div class=\"fill banner-link\"><\/div>            \n\n\n        <\/div>\n      <\/div>\n\n            \n<style>\n#banner-1140991807 {\n  padding-top: 300px;\n  background-color: rgba(255, 255, 255, 0);\n}\n@media (min-width:550px) {\n  #banner-1140991807 {\n    padding-top: 500px;\n  }\n}\n<\/style>\n  <\/div>\n\n\n\n\t\t<\/div>\n\t\t\t\t\n<style>\n#col-783803422 > .col-inner {\n  margin: 0px 0px -55px 0px;\n}\n<\/style>\n\t<\/div>\n\n\t\n\n<\/div>\n<div class=\"row\"  id=\"row-908241329\">\n\n\n\t<div id=\"col-55094402\" class=\"col medium-7 small-12 large-6\"  >\n\t\t\t\t<div class=\"col-inner\" style=\"background-color:rgba(255, 255, 255, 0.9);\" >\n\t\t\t\n\t\t\t\n\n\t<div id=\"text-2929596692\" class=\"text\">\n\t\t\n\n<h2>Programa d&#8217;atenci\u00f3 a domicili.<\/h2>\n\t\t\n<style>\n#text-2929596692 {\n  font-size: 2rem;\n  color: rgb(0,0,0);\n}\n#text-2929596692 > * {\n  color: rgb(0,0,0);\n}\n<\/style>\n\t<\/div>\n\t\n<p>Conjunt de serveis que <strong>permeten que la persona malalta siga cuidada dins del seu entorn habitual<\/strong>, amb les m\u00e0ximes condicions d&#8217;autonomia i confort, cobrint les seues necessitats multidimensionals, com ara: nivell dom\u00e8stic, f\u00edsic, ps\u00edquic, social i m\u00e8dic.<\/p>\n<p>Aquests serveis han d&#8217;estar coordinats i planificats per les professionals segons les situacions individuals de cada fam\u00edlia.<\/p>\n\n\t\t<\/div>\n\t\t\t\t\n<style>\n#col-55094402 > .col-inner {\n  padding: 30px 30px 20px 30px;\n  margin: 25px 0px 0px 0px;\n}\n@media (min-width:550px) {\n  #col-55094402 > .col-inner {\n    padding: 10% 10% 8% 10%;\n    margin: -395px 0px 0px 0px;\n  }\n}\n<\/style>\n\t<\/div>\n\n\t\n\n\t<div id=\"col-230245419\" class=\"col small-12 large-12\"  >\n\t\t\t\t<div class=\"col-inner\"  >\n\t\t\t\n\t\t\t\n\n<blockquote>\n<p>L&#8217;objectiu principal \u00e9s oferir un recurs psicol\u00f2gic a la fam\u00edlia i\/o cuidador\/a principal i a la persona diagnosticada amb dem\u00e8ncia, mitjan\u00e7ant sessions d&#8217;una hora de duraci\u00f3 i amb una freq\u00fc\u00e8ncia d&#8217;una sessi\u00f3 per setmana. Amb la finalitat d&#8217;aconseguir la perman\u00e8ncia de la persona malalta en el seu entorn habitual el major de temps possible, augmentant la qualitat de vida, tamb\u00e9, per al familiar.<\/p>\n<\/blockquote>\n\n\t\t<\/div>\n\t\t\t\t\n<style>\n#col-230245419 > .col-inner {\n  padding: 40px 0px 0px 0px;\n}\n<\/style>\n\t<\/div>\n\n\t\n\n<\/div>\n\n\t\t<\/div>\n\n\t\t\n<style>\n#section_1578878224 {\n  padding-top: 50px;\n  padding-bottom: 50px;\n  background-color: rgb(247, 246, 242);\n}\n@media (min-width:850px) {\n  #section_1578878224 {\n    padding-top: 80px;\n    padding-bottom: 80px;\n  }\n}\n<\/style>\n\t<\/section>\n\t\n\n\t<section class=\"section\" id=\"section_926125133\">\n\t\t<div class=\"section-bg fill\" >\n\t\t\t\t\t\t\t\t\t\n\t\t\t\n\n\t\t<\/div>\n\n\t\t\n\n\t\t<div class=\"section-content relative\">\n\t\t\t\n\n\t<div id=\"gap-1823786690\" class=\"gap-element clearfix\" style=\"display:block; height:auto;\">\n\t\t\n<style>\n#gap-1823786690 {\n  padding-top: 30px;\n}\n<\/style>\n\t<\/div>\n\t\n\n<div class=\"row\"  id=\"row-210685772\">\n\n\n\t<div id=\"col-1866504613\" class=\"col medium-6 small-12 large-6\"  >\n\t\t\t\t<div class=\"col-inner\"  >\n\t\t\t\n\t\t\t\n\n\t<div id=\"text-1243099124\" class=\"text\">\n\t\t\n\n<h2>Altres Serveis<\/h2>\n\t\t\n<style>\n#text-1243099124 {\n  font-size: 1.25rem;\n}\n<\/style>\n\t<\/div>\n\t\n\n\t\t<\/div>\n\t\t\t\t\n<style>\n#col-1866504613 > .col-inner {\n  margin: 0px 0px -20px 0px;\n}\n<\/style>\n\t<\/div>\n\n\t\n\n<\/div>\n<div class=\"slider-wrapper relative\" id=\"slider-1444836248\" >\n    <div class=\"slider slider-nav-simple slider-nav-large slider-nav-dark slider-style-normal slider-show-nav\"\n        data-flickity-options='{\n            \"cellAlign\": \"center\",\n            \"imagesLoaded\": true,\n            \"lazyLoad\": 1,\n            \"freeScroll\": false,\n            \"wrapAround\": true,\n            \"autoPlay\": 6000,\n            \"pauseAutoPlayOnHover\" : true,\n            \"prevNextButtons\": true,\n            \"contain\" : true,\n            \"adaptiveHeight\" : true,\n            \"dragThreshold\" : 10,\n            \"percentPosition\": true,\n            \"pageDots\": true,\n            \"rightToLeft\": false,\n            \"draggable\": true,\n            \"selectedAttraction\": 0.1,\n            \"parallax\" : 0,\n            \"friction\": 0.6        }'\n        >\n        \n\n<div class=\"row\"  id=\"row-367843740\">\n\n\n\t<div id=\"col-1715699896\" class=\"col medium-4 small-12 large-4\"  >\n\t\t\t\t<div class=\"col-inner\"  >\n\t\t\t\n\t\t\t\n\n\t<div class=\"box has-hover   has-hover box-text-bottom\" >\n\n\t\t<div class=\"box-image\" >\n\t\t\t<a href=\"\/ca\/servei-d-orientacio-informacio-i-assessorament\" >\t\t\t<div class=\"image-zoom image-cover\" style=\"padding-top:250px;\">\n\t\t\t\t<img loading=\"lazy\" decoding=\"async\" width=\"1000\" height=\"667\" src=\"https:\/\/afacatarroja.org\/wp-content\/uploads\/2022\/06\/servicio-orientacion-asesoramiento-afac.jpg\" class=\"attachment-original size-original\" alt=\"\" srcset=\"https:\/\/afacatarroja.org\/wp-content\/uploads\/2022\/06\/servicio-orientacion-asesoramiento-afac.jpg 1000w, https:\/\/afacatarroja.org\/wp-content\/uploads\/2022\/06\/servicio-orientacion-asesoramiento-afac-300x200.jpg 300w, https:\/\/afacatarroja.org\/wp-content\/uploads\/2022\/06\/servicio-orientacion-asesoramiento-afac-768x512.jpg 768w\" sizes=\"auto, (max-width: 1000px) 100vw, 1000px\" \/>\t\t\t\t\t\t\t\t\t\t\t<\/div>\n\t\t\t<\/a>\t\t<\/div>\n\n\t\t<div class=\"box-text text-left\" >\n\t\t\t<div class=\"box-text-inner\">\n\t\t\t\t\n\n\t<div id=\"gap-1202733827\" class=\"gap-element clearfix\" style=\"display:block; height:auto;\">\n\t\t\n<style>\n#gap-1202733827 {\n  padding-top: 10px;\n}\n<\/style>\n\t<\/div>\n\t\n\n\t<div id=\"text-422418999\" class=\"text\">\n\t\t\n\n<h4>Servei d\u2019Orientaci\u00f3, informaci\u00f3 i assessorament.<\/h4>\n\t\t\n<style>\n#text-422418999 {\n  font-size: 1.25rem;\n}\n<\/style>\n\t<\/div>\n\t\n<a href=\"\/ca\/servei-d-orientacio-informacio-i-assessorament\" class=\"button primary is-link is-large lowercase\" style=\"padding:0px 0px 0px 0;\">\n\t\t<span>Veure m\u00e9s<\/span>\n\t<i class=\"icon-angle-right\" aria-hidden=\"true\"><\/i><\/a>\n\n\n\n\t\t\t<\/div>\n\t\t<\/div>\n\t<\/div>\n\t\n\n\t\t<\/div>\n\t\t\t\t\t<\/div>\n\n\t\n\n\t<div id=\"col-1472176961\" class=\"col medium-4 small-12 large-4\"  >\n\t\t\t\t<div class=\"col-inner\"  >\n\t\t\t\n\t\t\t\n\n\t<div class=\"box has-hover   has-hover box-text-bottom\" >\n\n\t\t<div class=\"box-image\" >\n\t\t\t<a href=\"\/ca\/estimulacio-i-activacio-cognitiva\/\" >\t\t\t<div class=\"image-zoom image-cover\" style=\"padding-top:250px;\">\n\t\t\t\t<img loading=\"lazy\" decoding=\"async\" width=\"2560\" height=\"1706\" src=\"https:\/\/afacatarroja.org\/wp-content\/uploads\/2022\/07\/ESTIMULACION-Y-ACTIVACION-cognitiva-scaled.jpg\" class=\"attachment-original size-original\" alt=\"\" srcset=\"https:\/\/afacatarroja.org\/wp-content\/uploads\/2022\/07\/ESTIMULACION-Y-ACTIVACION-cognitiva-scaled.jpg 2560w, https:\/\/afacatarroja.org\/wp-content\/uploads\/2022\/07\/ESTIMULACION-Y-ACTIVACION-cognitiva-300x200.jpg 300w, https:\/\/afacatarroja.org\/wp-content\/uploads\/2022\/07\/ESTIMULACION-Y-ACTIVACION-cognitiva-1024x683.jpg 1024w, https:\/\/afacatarroja.org\/wp-content\/uploads\/2022\/07\/ESTIMULACION-Y-ACTIVACION-cognitiva-768x512.jpg 768w, https:\/\/afacatarroja.org\/wp-content\/uploads\/2022\/07\/ESTIMULACION-Y-ACTIVACION-cognitiva-1536x1024.jpg 1536w, https:\/\/afacatarroja.org\/wp-content\/uploads\/2022\/07\/ESTIMULACION-Y-ACTIVACION-cognitiva-2048x1365.jpg 2048w\" sizes=\"auto, (max-width: 2560px) 100vw, 2560px\" \/>\t\t\t\t\t\t\t\t\t\t\t<\/div>\n\t\t\t<\/a>\t\t<\/div>\n\n\t\t<div class=\"box-text text-left\" >\n\t\t\t<div class=\"box-text-inner\">\n\t\t\t\t\n\n\t<div id=\"gap-1151288815\" class=\"gap-element clearfix\" style=\"display:block; height:auto;\">\n\t\t\n<style>\n#gap-1151288815 {\n  padding-top: 10px;\n}\n<\/style>\n\t<\/div>\n\t\n\n\t<div id=\"text-3973408632\" class=\"text\">\n\t\t\n\n<h4>Estimulaci\u00f3 i activaci\u00f3 cognitiva.<\/h4>\n\t\t\n<style>\n#text-3973408632 {\n  font-size: 1.25rem;\n}\n<\/style>\n\t<\/div>\n\t\n<a href=\"\/ca\/estimulacio-i-activacio-cognitiva\/\" class=\"button primary is-link is-large lowercase\" style=\"padding:0px 0px 0px 0;\">\n\t\t<span>Veure m\u00e9s<\/span>\n\t<i class=\"icon-angle-right\" aria-hidden=\"true\"><\/i><\/a>\n\n\n\n\t\t\t<\/div>\n\t\t<\/div>\n\t<\/div>\n\t\n\n\t\t<\/div>\n\t\t\t\t\t<\/div>\n\n\t\n\n\t<div id=\"col-826359891\" class=\"col medium-4 small-12 large-4\"  >\n\t\t\t\t<div class=\"col-inner\"  >\n\t\t\t\n\t\t\t\n\n\t<div class=\"box has-hover   has-hover box-text-bottom\" >\n\n\t\t<div class=\"box-image\" >\n\t\t\t<a href=\"\/ca\/tallers-d-envelliment-actiu\/\" >\t\t\t<div class=\"image-zoom image-cover\" style=\"padding-top:250px;\">\n\t\t\t\t<img loading=\"lazy\" decoding=\"async\" width=\"1000\" height=\"750\" src=\"https:\/\/afacatarroja.org\/wp-content\/uploads\/2022\/05\/talleres-envejecimiento-activo.jpg\" class=\"attachment-original size-original\" alt=\"\" srcset=\"https:\/\/afacatarroja.org\/wp-content\/uploads\/2022\/05\/talleres-envejecimiento-activo.jpg 1000w, https:\/\/afacatarroja.org\/wp-content\/uploads\/2022\/05\/talleres-envejecimiento-activo-300x225.jpg 300w, https:\/\/afacatarroja.org\/wp-content\/uploads\/2022\/05\/talleres-envejecimiento-activo-768x576.jpg 768w\" sizes=\"auto, (max-width: 1000px) 100vw, 1000px\" \/>\t\t\t\t\t\t\t\t\t\t\t<\/div>\n\t\t\t<\/a>\t\t<\/div>\n\n\t\t<div class=\"box-text text-left\" >\n\t\t\t<div class=\"box-text-inner\">\n\t\t\t\t\n\n\t<div id=\"gap-902093793\" class=\"gap-element clearfix\" style=\"display:block; height:auto;\">\n\t\t\n<style>\n#gap-902093793 {\n  padding-top: 10px;\n}\n<\/style>\n\t<\/div>\n\t\n\n\t<div id=\"text-2694477099\" class=\"text\">\n\t\t\n\n<h4>Tallers d\u2019envelliment actiu.<\/h4>\n\t\t\n<style>\n#text-2694477099 {\n  font-size: 1.25rem;\n}\n<\/style>\n\t<\/div>\n\t\n<a class=\"button primary is-link is-large lowercase\" style=\"padding:0px 0px 0px 0;\">\n\t\t<span>Veure m\u00e9s<\/span>\n\t<i class=\"icon-angle-right\" aria-hidden=\"true\"><\/i><\/a>\n\n\n\n\t\t\t<\/div>\n\t\t<\/div>\n\t<\/div>\n\t\n\n\t\t<\/div>\n\t\t\t\t\t<\/div>\n\n\t\n\n<\/div>\n<div class=\"row\"  id=\"row-280690906\">\n\n\n\t<div id=\"col-1316102325\" class=\"col medium-4 small-12 large-4\"  >\n\t\t\t\t<div class=\"col-inner\"  >\n\t\t\t\n\t\t\t\n\n\t<div class=\"box has-hover   has-hover box-text-bottom\" >\n\n\t\t<div class=\"box-image\" >\n\t\t\t<a href=\"\/ca\/programa-d-atencio-a-la-familia\/\" >\t\t\t<div class=\"image-zoom image-cover\" style=\"padding-top:250px;\">\n\t\t\t\t<img loading=\"lazy\" decoding=\"async\" width=\"1000\" height=\"671\" src=\"https:\/\/afacatarroja.org\/wp-content\/uploads\/2022\/07\/grupo-atencion-familia.jpg\" class=\"attachment-original size-original\" alt=\"\" srcset=\"https:\/\/afacatarroja.org\/wp-content\/uploads\/2022\/07\/grupo-atencion-familia.jpg 1000w, https:\/\/afacatarroja.org\/wp-content\/uploads\/2022\/07\/grupo-atencion-familia-300x201.jpg 300w, https:\/\/afacatarroja.org\/wp-content\/uploads\/2022\/07\/grupo-atencion-familia-768x515.jpg 768w\" sizes=\"auto, (max-width: 1000px) 100vw, 1000px\" \/>\t\t\t\t\t\t\t\t\t\t\t<\/div>\n\t\t\t<\/a>\t\t<\/div>\n\n\t\t<div class=\"box-text text-left\" >\n\t\t\t<div class=\"box-text-inner\">\n\t\t\t\t\n\n\t<div id=\"gap-508919557\" class=\"gap-element clearfix\" style=\"display:block; height:auto;\">\n\t\t\n<style>\n#gap-508919557 {\n  padding-top: 10px;\n}\n<\/style>\n\t<\/div>\n\t\n\n\t<div id=\"text-3722774803\" class=\"text\">\n\t\t\n\n<h4>Programa d&#8217;atenci\u00f3 a la fam\u00edlia.<\/h4>\n\t\t\n<style>\n#text-3722774803 {\n  font-size: 1.25rem;\n}\n<\/style>\n\t<\/div>\n\t\n<a href=\"\/programa-d-atencio-a-la-familia\/\" class=\"button primary is-link is-large lowercase\" style=\"padding:0px 0px 0px 0;\">\n\t\t<span>Veure m\u00e9s<\/span>\n\t<i class=\"icon-angle-right\" aria-hidden=\"true\"><\/i><\/a>\n\n\n\n\t\t\t<\/div>\n\t\t<\/div>\n\t<\/div>\n\t\n\n\t\t<\/div>\n\t\t\t\t\t<\/div>\n\n\t\n\n\t<div id=\"col-67898248\" class=\"col medium-4 small-12 large-4\"  >\n\t\t\t\t<div class=\"col-inner\"  >\n\t\t\t\n\t\t\t\n\n\t<div class=\"box has-hover   has-hover box-text-bottom\" >\n\n\t\t<div class=\"box-image\" >\n\t\t\t<a href=\"\/ca\/programa-intergeneracional\/\" >\t\t\t<div class=\"image-zoom image-cover\" style=\"padding-top:250px;\">\n\t\t\t\t<img loading=\"lazy\" decoding=\"async\" width=\"1000\" height=\"667\" src=\"https:\/\/afacatarroja.org\/wp-content\/uploads\/2022\/07\/programa-intergeneracional-afac.jpg\" class=\"attachment- size-\" alt=\"\" srcset=\"https:\/\/afacatarroja.org\/wp-content\/uploads\/2022\/07\/programa-intergeneracional-afac.jpg 1000w, https:\/\/afacatarroja.org\/wp-content\/uploads\/2022\/07\/programa-intergeneracional-afac-300x200.jpg 300w, https:\/\/afacatarroja.org\/wp-content\/uploads\/2022\/07\/programa-intergeneracional-afac-768x512.jpg 768w\" sizes=\"auto, (max-width: 1000px) 100vw, 1000px\" \/>\t\t\t\t\t\t\t\t\t\t\t<\/div>\n\t\t\t<\/a>\t\t<\/div>\n\n\t\t<div class=\"box-text text-left\" >\n\t\t\t<div class=\"box-text-inner\">\n\t\t\t\t\n\n\t<div id=\"gap-809393536\" class=\"gap-element clearfix\" style=\"display:block; height:auto;\">\n\t\t\n<style>\n#gap-809393536 {\n  padding-top: 10px;\n}\n<\/style>\n\t<\/div>\n\t\n\n\t<div id=\"text-2198751810\" class=\"text\">\n\t\t\n\n<h4>Programa intergeneracional.<\/h4>\n\t\t\n<style>\n#text-2198751810 {\n  font-size: 1.25rem;\n}\n<\/style>\n\t<\/div>\n\t\n<a href=\"https:\/\/nueva.afacatarroja.org\/programa-intergeneracional\/\" class=\"button primary is-link is-large lowercase\" style=\"padding:0px 0px 0px 0;\">\n\t\t<span>Veure m\u00e9s<\/span>\n\t<i class=\"icon-angle-right\" aria-hidden=\"true\"><\/i><\/a>\n\n\n\n\t\t\t<\/div>\n\t\t<\/div>\n\t<\/div>\n\t\n\n\t\t<\/div>\n\t\t\t\t\t<\/div>\n\n\t\n\n\t<div id=\"col-1787834466\" class=\"col medium-4 small-12 large-4\"  >\n\t\t\t\t<div class=\"col-inner\"  >\n\t\t\t\n\t\t\t\n\n\t<div class=\"box has-hover   has-hover box-text-bottom\" >\n\n\t\t<div class=\"box-image\" >\n\t\t\t<a href=\"\/ca\/programa-grup-d-oci\/\" >\t\t\t<div class=\"image-zoom image-cover\" style=\"padding-top:250px;\">\n\t\t\t\t<img loading=\"lazy\" decoding=\"async\" width=\"1000\" height=\"667\" src=\"https:\/\/afacatarroja.org\/wp-content\/uploads\/2022\/07\/grupo-ocio.jpg\" class=\"attachment- size-\" alt=\"\" srcset=\"https:\/\/afacatarroja.org\/wp-content\/uploads\/2022\/07\/grupo-ocio.jpg 1000w, https:\/\/afacatarroja.org\/wp-content\/uploads\/2022\/07\/grupo-ocio-300x200.jpg 300w, https:\/\/afacatarroja.org\/wp-content\/uploads\/2022\/07\/grupo-ocio-768x512.jpg 768w\" sizes=\"auto, (max-width: 1000px) 100vw, 1000px\" \/>\t\t\t\t\t\t\t\t\t\t\t<\/div>\n\t\t\t<\/a>\t\t<\/div>\n\n\t\t<div class=\"box-text text-left\" >\n\t\t\t<div class=\"box-text-inner\">\n\t\t\t\t\n\n\t<div id=\"gap-1852673344\" class=\"gap-element clearfix\" style=\"display:block; height:auto;\">\n\t\t\n<style>\n#gap-1852673344 {\n  padding-top: 10px;\n}\n<\/style>\n\t<\/div>\n\t\n\n\t<div id=\"text-2178043332\" class=\"text\">\n\t\t\n\n<h4>Programa grup d\u2019oci.<\/h4>\n\t\t\n<style>\n#text-2178043332 {\n  font-size: 1.25rem;\n}\n<\/style>\n\t<\/div>\n\t\n<a href=\"\/programa-grup-d-oci\/\" class=\"button primary is-link is-large lowercase\" style=\"padding:0px 0px 0px 0;\">\n\t\t<span>Veure m\u00e9s<\/span>\n\t<i class=\"icon-angle-right\" aria-hidden=\"true\"><\/i><\/a>\n\n\n\n\t\t\t<\/div>\n\t\t<\/div>\n\t<\/div>\n\t\n\n\t\t<\/div>\n\t\t\t\t\t<\/div>\n\n\t\n\n<\/div>\n<div class=\"row\"  id=\"row-2117697803\">\n\n\n\t<div id=\"col-460023577\" class=\"col medium-4 small-12 large-4\"  >\n\t\t\t\t<div class=\"col-inner\"  >\n\t\t\t\n\t\t\t\n\n\t<div class=\"box has-hover   has-hover box-text-bottom\" >\n\n\t\t<div class=\"box-image\" >\n\t\t\t<a href=\"\/ca\/cursos-de-formacio\/\" >\t\t\t<div class=\"image-zoom image-cover\" style=\"padding-top:250px;\">\n\t\t\t\t<img loading=\"lazy\" decoding=\"async\" width=\"1000\" height=\"667\" src=\"https:\/\/afacatarroja.org\/wp-content\/uploads\/2022\/06\/cursos-formacion-afac.jpg\" class=\"attachment-original size-original\" alt=\"\" srcset=\"https:\/\/afacatarroja.org\/wp-content\/uploads\/2022\/06\/cursos-formacion-afac.jpg 1000w, https:\/\/afacatarroja.org\/wp-content\/uploads\/2022\/06\/cursos-formacion-afac-300x200.jpg 300w, https:\/\/afacatarroja.org\/wp-content\/uploads\/2022\/06\/cursos-formacion-afac-768x512.jpg 768w\" sizes=\"auto, (max-width: 1000px) 100vw, 1000px\" \/>\t\t\t\t\t\t\t\t\t\t\t<\/div>\n\t\t\t<\/a>\t\t<\/div>\n\n\t\t<div class=\"box-text text-left\" >\n\t\t\t<div class=\"box-text-inner\">\n\t\t\t\t\n\n\t<div id=\"gap-1270465277\" class=\"gap-element clearfix\" style=\"display:block; height:auto;\">\n\t\t\n<style>\n#gap-1270465277 {\n  padding-top: 10px;\n}\n<\/style>\n\t<\/div>\n\t\n\n\t<div id=\"text-2508253893\" class=\"text\">\n\t\t\n\n<h4>Cursos de formaci\u00f3.<\/h4>\n\t\t\n<style>\n#text-2508253893 {\n  font-size: 1.25rem;\n}\n<\/style>\n\t<\/div>\n\t\n<a href=\"\/ca\/cursos-de-formacio\/\" class=\"button primary is-link is-large lowercase\" style=\"padding:0px 0px 0px 0;\">\n\t\t<span>Veure m\u00e9s<\/span>\n\t<i class=\"icon-angle-right\" aria-hidden=\"true\"><\/i><\/a>\n\n\n\n\t\t\t<\/div>\n\t\t<\/div>\n\t<\/div>\n\t\n\n\t\t<\/div>\n\t\t\t\t\t<\/div>\n\n\t\n\n\t<div id=\"col-493420545\" class=\"col medium-4 small-12 large-4\"  >\n\t\t\t\t<div class=\"col-inner\"  >\n\t\t\t\n\t\t\t\n\n\t<div class=\"box has-hover   has-hover box-text-bottom\" >\n\n\t\t<div class=\"box-image\" >\n\t\t\t<a href=\"\/ca\/difusio\/\" >\t\t\t<div class=\"image-zoom image-cover\" style=\"padding-top:250px;\">\n\t\t\t\t<img loading=\"lazy\" decoding=\"async\" width=\"600\" height=\"400\" src=\"https:\/\/afacatarroja.org\/wp-content\/uploads\/2022\/05\/comunicacion-y-publicaciones.jpg\" class=\"attachment- size-\" alt=\"\" srcset=\"https:\/\/afacatarroja.org\/wp-content\/uploads\/2022\/05\/comunicacion-y-publicaciones.jpg 600w, https:\/\/afacatarroja.org\/wp-content\/uploads\/2022\/05\/comunicacion-y-publicaciones-300x200.jpg 300w\" sizes=\"auto, (max-width: 600px) 100vw, 600px\" \/>\t\t\t\t\t\t\t\t\t\t\t<\/div>\n\t\t\t<\/a>\t\t<\/div>\n\n\t\t<div class=\"box-text text-left\" >\n\t\t\t<div class=\"box-text-inner\">\n\t\t\t\t\n\n\t<div id=\"gap-917234090\" class=\"gap-element clearfix\" style=\"display:block; height:auto;\">\n\t\t\n<style>\n#gap-917234090 {\n  padding-top: 10px;\n}\n<\/style>\n\t<\/div>\n\t\n\n\t<div id=\"text-2772161572\" class=\"text\">\n\t\t\n\n<h4>Difusi\u00f3.<\/h4>\n\t\t\n<style>\n#text-2772161572 {\n  font-size: 1.25rem;\n}\n<\/style>\n\t<\/div>\n\t\n<a href=\"\/ca\/difusio\/\" class=\"button primary is-link is-large lowercase\" style=\"padding:0px 0px 0px 0;\">\n\t\t<span>Veure m\u00e9s<\/span>\n\t<i class=\"icon-angle-right\" aria-hidden=\"true\"><\/i><\/a>\n\n\n\n\t\t\t<\/div>\n\t\t<\/div>\n\t<\/div>\n\t\n\n\t\t<\/div>\n\t\t\t\t\t<\/div>\n\n\t\n\n<\/div>\n\n     <\/div>\n\n     <div class=\"loading-spin dark large centered\"><\/div>\n\n\t<\/div>\n\n\n\n\t\t<\/div>\n\n\t\t\n<style>\n#section_926125133 {\n  padding-top: 25px;\n  padding-bottom: 25px;\n  margin-bottom: -25px;\n}\n@media (min-width:850px) {\n  #section_926125133 {\n    padding-top: 40px;\n    padding-bottom: 40px;\n  }\n}\n<\/style>\n\t<\/section>\n\t\n\n\t<section class=\"section dark\" id=\"section_1865692341\">\n\t\t<div class=\"section-bg fill\" >\n\t\t\t<img loading=\"lazy\" decoding=\"async\" width=\"1920\" height=\"1280\" src=\"https:\/\/afacatarroja.org\/wp-content\/uploads\/2022\/05\/bg-contacto.jpg\" class=\"bg attachment-original size-original\" alt=\"\" \/>\t\t\t\t\t\t<div class=\"section-bg-overlay absolute fill\"><\/div>\n\t\t\t\n\n\t\t<\/div>\n\n\t\t\n\n\t\t<div class=\"section-content relative\">\n\t\t\t\n\n\t<div id=\"gap-931822364\" class=\"gap-element clearfix\" style=\"display:block; height:auto;\">\n\t\t\n<style>\n#gap-931822364 {\n  padding-top: 30px;\n}\n<\/style>\n\t<\/div>\n\t\n\n<div class=\"row align-center\"  id=\"row-306887154\">\n\n\n\t<div id=\"col-1094217283\" class=\"col medium-8 small-12 large-8\"  >\n\t\t\t\t<div class=\"col-inner text-center\"  >\n\t\t\t\n\t\t\t\n\n\t<div id=\"text-2110352713\" class=\"text\">\n\t\t\n\n<h6>COM COL\u00b7LABORAR AMB AFAC?<\/h6>\n\t\t\n<style>\n#text-2110352713 {\n  line-height: 0.75;\n}\n<\/style>\n\t<\/div>\n\t\n\t<div id=\"gap-381896445\" class=\"gap-element clearfix\" style=\"display:block; height:auto;\">\n\t\t\n<style>\n#gap-381896445 {\n  padding-top: 5px;\n}\n<\/style>\n\t<\/div>\n\t\n\n\t<div id=\"text-2121627037\" class=\"text\">\n\t\t\n\n<h3>PARTICIPA!<\/h3>\n\t\t\n<style>\n#text-2121627037 {\n  font-size: 2.25rem;\n  line-height: 1;\n}\n@media (min-width:550px) {\n  #text-2121627037 {\n    font-size: 2.5rem;\n  }\n}\n@media (min-width:850px) {\n  #text-2121627037 {\n    line-height: 0.75;\n  }\n}\n<\/style>\n\t<\/div>\n\t\n\t<div id=\"stack-4247043080\" class=\"stack stack-row justify-center items-stretch sm:stack-col sm:justify-center\">\n\t\t\n\n<a href=\"\/ca\/fes-te-soci-a\/\" class=\"button white\" style=\"border-radius:99px;padding:5px 30px 5px 30px;\">\n\t\t<span>Fes-te soci\/a<\/span>\n\t<\/a>\n\n\n<a href=\"\/ca\/donatius\/\" class=\"button white is-outline\" style=\"border-radius:99px;padding:5px 30px 5px 30px;\">\n\t\t<span>donatius<\/span>\n\t<\/a>\n\n\n<a href=\"\/ca\/voluntariat\/\" class=\"button white is-outline\" style=\"border-radius:99px;padding:5px 30px 5px 30px;\">\n\t\t<span>voluntariat<\/span>\n\t<\/a>\n\n\n\n\t\t\n<style>\n#stack-4247043080 > * {\n  --stack-gap: 0.75rem;\n}\n<\/style>\n\t<\/div>\n\t\n\n\t\t<\/div>\n\t\t\t\t\t<\/div>\n\n\t\n\n<\/div>\n\n\t\t<\/div>\n\n\t\t\n<style>\n#section_1865692341 {\n  padding-top: 30px;\n  padding-bottom: 30px;\n  min-height: 500px;\n  background-color: rgb(255, 255, 255);\n}\n#section_1865692341 .section-bg-overlay {\n  background-color: rgba(0, 116, 126, 0.59);\n}\n#section_1865692341 .section-bg img {\n  object-position: 73% 16%;\n}\n@media (min-width:550px) {\n  #section_1865692341 {\n    min-height: 500px;\n  }\n}\n@media (min-width:850px) {\n  #section_1865692341 {\n    min-height: 360px;\n  }\n}\n<\/style>\n\t<\/section>\n\t\n\n\n","protected":false},"excerpt":{"rendered":"","protected":false},"author":1,"featured_media":0,"parent":0,"menu_order":0,"comment_status":"closed","ping_status":"closed","template":"page-blank.php","meta":{"footnotes":""},"class_list":["post-808","page","type-page","status-publish","hentry"],"_links":{"self":[{"href":"https:\/\/afacatarroja.org\/ca\/wp-json\/wp\/v2\/pages\/808","targetHints":{"allow":["GET"]}}],"collection":[{"href":"https:\/\/afacatarroja.org\/ca\/wp-json\/wp\/v2\/pages"}],"about":[{"href":"https:\/\/afacatarroja.org\/ca\/wp-json\/wp\/v2\/types\/page"}],"author":[{"embeddable":true,"href":"https:\/\/afacatarroja.org\/ca\/wp-json\/wp\/v2\/users\/1"}],"replies":[{"embeddable":true,"href":"https:\/\/afacatarroja.org\/ca\/wp-json\/wp\/v2\/comments?post=808"}],"version-history":[{"count":13,"href":"https:\/\/afacatarroja.org\/ca\/wp-json\/wp\/v2\/pages\/808\/revisions"}],"predecessor-version":[{"id":1299,"href":"https:\/\/afacatarroja.org\/ca\/wp-json\/wp\/v2\/pages\/808\/revisions\/1299"}],"wp:attachment":[{"href":"https:\/\/afacatarroja.org\/ca\/wp-json\/wp\/v2\/media?parent=808"}],"curies":[{"name":"wp","href":"https:\/\/api.w.org\/{rel}","templated":true}]}}