{"id":693,"date":"2022-05-23T13:39:57","date_gmt":"2022-05-23T11:39:57","guid":{"rendered":"https:\/\/nueva.afacatarroja.org\/quienes-somos\/"},"modified":"2026-01-26T18:03:56","modified_gmt":"2026-01-26T17:03:56","slug":"qui-som","status":"publish","type":"page","link":"https:\/\/afacatarroja.org\/ca\/qui-som\/","title":{"rendered":"Qui som"},"content":{"rendered":"\n\n\t<section class=\"section\" id=\"section_700035296\">\n\t\t<div class=\"section-bg fill\" >\n\t\t\t<img loading=\"lazy\" decoding=\"async\" width=\"1600\" height=\"837\" src=\"https:\/\/afacatarroja.org\/wp-content\/uploads\/2022\/06\/la-asociacion-header.jpg\" class=\"bg attachment-original size-original\" alt=\"\" \/>\t\t\t\t\t\t<div class=\"section-bg-overlay absolute fill\"><\/div>\n\t\t\t\n\n\t\t<\/div>\n\n\t\t\n\n\t\t<div class=\"section-content relative\">\n\t\t\t\n\n<div class=\"row\" style=\"max-width:1200px\" id=\"row-1255207926\">\n\n\n\t<div id=\"col-820623312\" class=\"col medium-5 small-12 large-5\"  >\n\t\t\t\t<div class=\"col-inner\"  >\n\t\t\t\n\t\t\t\n\n\t<div id=\"gap-142552456\" class=\"gap-element clearfix\" style=\"display:block; height:auto;\">\n\t\t\n<style>\n#gap-142552456 {\n  padding-top: 0px;\n}\n@media (min-width:850px) {\n  #gap-142552456 {\n    padding-top: 30px;\n  }\n}\n<\/style>\n\t<\/div>\n\t\n\n\n\t\t<\/div>\n\t\t\t\t\t<\/div>\n\n\t\n\n\t<div id=\"col-1451063468\" class=\"col medium-12 small-12 large-7\"  >\n\t\t\t\t<div class=\"col-inner\"  >\n\t\t\t\n\t\t\t\n\n\t<div id=\"gap-659394338\" class=\"gap-element clearfix\" style=\"display:block; height:auto;\">\n\t\t\n<style>\n#gap-659394338 {\n  padding-top: 30px;\n}\n<\/style>\n\t<\/div>\n\t\n\n\t<div id=\"text-800941699\" class=\"text\">\n\t\t\n\n<h6>DES DE 2018<\/h6>\n\t\t\n<style>\n#text-800941699 {\n  font-size: 1rem;\n  color: #c4007a;\n}\n#text-800941699 > * {\n  color: #c4007a;\n}\n@media (min-width:550px) {\n  #text-800941699 {\n    font-size: 1.25rem;\n  }\n}\n<\/style>\n\t<\/div>\n\t\n\t<div id=\"text-3996301333\" class=\"text\">\n\t\t\n\n<h1>L&#8217; Associaci\u00f3<\/h1>\n\t\t\n<style>\n#text-3996301333 {\n  font-size: 2.5rem;\n  color: rgb(0,0,0);\n}\n#text-3996301333 > * {\n  color: rgb(0,0,0);\n}\n@media (min-width:550px) {\n  #text-3996301333 {\n    font-size: 3rem;\n  }\n}\n<\/style>\n\t<\/div>\n\t\n\n\t\t<\/div>\n\t\t\t\t\n<style>\n#col-1451063468 > .col-inner {\n  padding: 0px 0px 0px 0;\n}\n@media (min-width:550px) {\n  #col-1451063468 > .col-inner {\n    padding: 0px 0px 0px 30px;\n  }\n}\n<\/style>\n\t<\/div>\n\n\t\n\n<\/div>\n\n\t\t<\/div>\n\n\t\t\n<style>\n#section_700035296 {\n  padding-top: 30px;\n  padding-bottom: 30px;\n  min-height: 300px;\n}\n#section_700035296 .section-bg-overlay {\n  background-color: rgba(255, 255, 255, 0.7);\n}\n#section_700035296 .section-bg img {\n  object-position: 65% 50%;\n}\n@media (min-width:550px) {\n  #section_700035296 {\n    min-height: 450px;\n  }\n}\n@media (min-width:850px) {\n  #section_700035296 {\n    min-height: 200px;\n  }\n}\n<\/style>\n\t<\/section>\n\t\n<div class=\"row\" style=\"max-width:1200px\" id=\"row-2043473816\">\n\n\n\t<div id=\"col-1928411474\" class=\"col medium-12 small-12 large-5\"  >\n\t\t\t\t<div class=\"col-inner\"  >\n\t\t\t\n\t\t\t\n\n\n  <div class=\"banner has-hover\" id=\"banner-916543738\">\n          <div class=\"banner-inner fill\">\n        <div class=\"banner-bg fill\" >\n            <img loading=\"lazy\" decoding=\"async\" width=\"1024\" height=\"768\" src=\"https:\/\/afacatarroja.org\/wp-content\/uploads\/2026\/01\/EQUIP-INTERDISCIPLNARI-AFAC.png\" class=\"bg attachment-original size-original\" alt=\"\" \/>                                    \n                    <\/div>\n\t\t\n        <div class=\"banner-layers container\">\n            <div class=\"fill banner-link\"><\/div>            \n\n\n        <\/div>\n      <\/div>\n\n            \n<style>\n#banner-916543738 {\n  padding-top: 300px;\n  background-color: rgb(255, 255, 255);\n}\n#banner-916543738 .banner-bg img {\n  object-position: 45% 56%;\n}\n@media (min-width:550px) {\n  #banner-916543738 {\n    padding-top: 500px;\n  }\n}\n@media (min-width:850px) {\n  #banner-916543738 {\n    padding-top: 360px;\n  }\n}\n<\/style>\n  <\/div>\n\n\n\t<div id=\"gap-81315312\" class=\"gap-element clearfix\" style=\"display:block; height:auto;\">\n\t\t\n<style>\n#gap-81315312 {\n  padding-top: 0px;\n}\n@media (min-width:850px) {\n  #gap-81315312 {\n    padding-top: 40px;\n  }\n}\n<\/style>\n\t<\/div>\n\t\n\n\n\t\t<\/div>\n\t\t\t\t\n<style>\n#col-1928411474 > .col-inner {\n  margin: -100px 0px 0px 0px;\n}\n@media (min-width:550px) {\n  #col-1928411474 > .col-inner {\n    margin: -150px 0px 0px 0px;\n  }\n}\n@media (min-width:850px) {\n  #col-1928411474 > .col-inner {\n    margin: -250px 0px 0px 0px;\n  }\n}\n<\/style>\n\t<\/div>\n\n\t\n\n\t<div id=\"col-1993587083\" class=\"col medium-11 small-12 large-7\"  >\n\t\t\t\t<div class=\"col-inner\"  >\n\t\t\t\n\t\t\t\n\n\t<div id=\"gap-1102164411\" class=\"gap-element clearfix\" style=\"display:block; height:auto;\">\n\t\t\n<style>\n#gap-1102164411 {\n  padding-top: 30px;\n}\n<\/style>\n\t<\/div>\n\t\n\n<p>L\u2019<strong>Associaci\u00f3 de Familiars de malalts d\u2019Alzheimer i altres dem\u00e8ncies de Catarroja (AFAC)<\/strong> naix en 2018 gr\u00e0cies a un grup de familiars que, amb la intenci\u00f3 de millorar la qualitat de vida de les persones afectades per alguna &nbsp;dem\u00e8ncia, aix\u00ed com la de les seues fam\u00edlies, buscant la manera de donar-se suport m\u00fatuament.<\/p>\n<p>AFAC \u00e9s una associaci\u00f3 sense \u00e0nim de lucre, de car\u00e0cter comarcal, que t\u00e9 per finalitat fer front a les malalties neurodegeneratives, aix\u00ed com donar-los visibilitat, amb el prop\u00f2sit de normalitzar aquest tipus de malalties.<\/p>\n\n\t\t<\/div>\n\t\t\t\t\n<style>\n#col-1993587083 > .col-inner {\n  padding: 0px 0px 0px 0;\n}\n@media (min-width:550px) {\n  #col-1993587083 > .col-inner {\n    padding: 0px 0px 0px 30px;\n  }\n}\n<\/style>\n\t<\/div>\n\n\t\n\n<\/div>\n<div class=\"row\" style=\"max-width:1200px\" id=\"row-462884679\">\n\n\n\t<div id=\"col-2000005213\" class=\"col medium-12 small-12 large-5\"  >\n\t\t\t\t<div class=\"col-inner\"  >\n\t\t\t\n\t\t\t\n\n\n  <div class=\"banner has-hover\" id=\"banner-467618940\">\n          <div class=\"banner-inner fill\">\n        <div class=\"banner-bg fill\" >\n            <img loading=\"lazy\" decoding=\"async\" width=\"1024\" height=\"768\" src=\"https:\/\/afacatarroja.org\/wp-content\/uploads\/2026\/01\/JUNTA-DIRECTIVA.png\" class=\"bg attachment-original size-original\" alt=\"\" \/>                                    \n                    <\/div>\n\t\t\n        <div class=\"banner-layers container\">\n            <div class=\"fill banner-link\"><\/div>            \n\n\n        <\/div>\n      <\/div>\n\n            \n<style>\n#banner-467618940 {\n  padding-top: 300px;\n  background-color: rgb(255, 255, 255);\n}\n#banner-467618940 .banner-bg img {\n  object-position: 1% 56%;\n}\n@media (min-width:550px) {\n  #banner-467618940 {\n    padding-top: 500px;\n  }\n}\n@media (min-width:850px) {\n  #banner-467618940 {\n    padding-top: 350px;\n  }\n}\n<\/style>\n  <\/div>\n\n\n\t<div id=\"gap-213864087\" class=\"gap-element clearfix\" style=\"display:block; height:auto;\">\n\t\t\n<style>\n#gap-213864087 {\n  padding-top: 0px;\n}\n@media (min-width:850px) {\n  #gap-213864087 {\n    padding-top: 100px;\n  }\n}\n<\/style>\n\t<\/div>\n\t\n\n\n\t\t<\/div>\n\t\t\t\t\n<style>\n#col-2000005213 > .col-inner {\n  margin: -100px 0px 0px 0px;\n}\n@media (min-width:550px) {\n  #col-2000005213 > .col-inner {\n    margin: -150px 0px 0px 0px;\n  }\n}\n@media (min-width:850px) {\n  #col-2000005213 > .col-inner {\n    margin: 0px 0px 0px 0px;\n  }\n}\n<\/style>\n\t<\/div>\n\n\t\n\n\t<div id=\"col-1551436194\" class=\"col medium-11 small-12 large-7\"  >\n\t\t\t\t<div class=\"col-inner\"  >\n\t\t\t\n\t\t\t\n\n\t<div id=\"gap-1405973716\" class=\"gap-element clearfix\" style=\"display:block; height:auto;\">\n\t\t\n<style>\n#gap-1405973716 {\n  padding-top: 30px;\n}\n<\/style>\n\t<\/div>\n\t\n\n\t<div id=\"text-152341357\" class=\"text\">\n\t\t\n\n<h3 style=\"text-align: left;\"><strong>MARC INSTITUCIONAL<\/strong><\/h3>\n<p style=\"text-align: left;\">La nostra associaci\u00f3 t\u00e9 personalitat jur\u00eddica pr\u00f2pia i capacitat plena d&#8217;obrar per a administrar i disposar dels seus b\u00e9ns i complir les finalitats que es proposa. S&#8217;acull al que disposa la Llei org\u00e0nica 1\/2002, de 22 de mar\u00e7, Reguladora del Dret d&#8217;Associaci\u00f3, i a la Llei 14\/2008, de 18 de novembre, d&#8217;Associacions de la Comunitat Valenciana, i a l&#8217;empara del qual disposa l&#8217;article 22 de la Constituci\u00f3.<\/p>\n<p style=\"text-align: left;\">L&#8217;Assemblea General \u00e9s l&#8217;\u00f2rgan suprem de govern de l&#8217;Associaci\u00f3, integrat per totes les persones associades per dret propi irrenunciable i en igualtat absoluta, que adopta els seus acords pel principi majoritari o de democr\u00e0cia interna.<\/p>\n<p style=\"text-align: left;\">L&#8217;Associaci\u00f3 es regeix, s&#8217;administra i es representa per l&#8217;\u00f2rgan de representaci\u00f3 denominat <strong>Junta Directiva<\/strong>, format per la presidenta, la secret\u00e0ria, la tresorera i les 5 vocals.<\/p>\n<p><img loading=\"lazy\" decoding=\"async\" class=\"alignnone wp-image-2714 size-full\" src=\"https:\/\/afacatarroja.org\/wp-content\/uploads\/2026\/01\/equipo-profesional_va.png\" alt=\"\" width=\"205\" height=\"240\" \/>\u00a0 <img loading=\"lazy\" decoding=\"async\" class=\"alignnone size-full wp-image-1326\" src=\"https:\/\/nueva.afacatarroja.org\/wp-content\/uploads\/2022\/08\/junta-directiva_va.png\" alt=\"\" width=\"205\" height=\"240\" \/>\u00a0 <img loading=\"lazy\" decoding=\"async\" class=\"alignnone wp-image-2757 size-full\" src=\"https:\/\/afacatarroja.org\/wp-content\/uploads\/2026\/01\/equipo-profesional_va-3.png\" alt=\"\" width=\"205\" height=\"240\" \/><\/p>\n\t\t\n<style>\n#text-152341357 {\n  text-align: center;\n}\n<\/style>\n\t<\/div>\n\t\n\n\t\t<\/div>\n\t\t\t\t\n<style>\n#col-1551436194 > .col-inner {\n  padding: 0px 0px 0px 0;\n}\n@media (min-width:550px) {\n  #col-1551436194 > .col-inner {\n    padding: 0px 0px 0px 30px;\n  }\n}\n<\/style>\n\t<\/div>\n\n\t\n\n<\/div>\n\n\t<section class=\"section dark\" id=\"section_1610894807\">\n\t\t<div class=\"section-bg fill\" >\n\t\t\t<img loading=\"lazy\" decoding=\"async\" width=\"1920\" height=\"1280\" src=\"https:\/\/afacatarroja.org\/wp-content\/uploads\/2022\/05\/bg-contacto.jpg\" class=\"bg attachment-original size-original\" alt=\"\" \/>\t\t\t\t\t\t<div class=\"section-bg-overlay absolute fill\"><\/div>\n\t\t\t\n\n\t\t<\/div>\n\n\t\t\n\n\t\t<div class=\"section-content relative\">\n\t\t\t\n\n\t<div id=\"gap-1923873108\" class=\"gap-element clearfix\" style=\"display:block; height:auto;\">\n\t\t\n<style>\n#gap-1923873108 {\n  padding-top: 30px;\n}\n<\/style>\n\t<\/div>\n\t\n\n<div class=\"row align-center\"  id=\"row-1632885744\">\n\n\n\t<div id=\"col-1830729396\" class=\"col medium-8 small-12 large-8\"  >\n\t\t\t\t<div class=\"col-inner text-center\"  >\n\t\t\t\n\t\t\t\n\n\t<div id=\"text-2348688545\" class=\"text\">\n\t\t\n\n<h6>COM COL\u00b7LABORAR AMB AFAC?<\/h6>\n\t\t\n<style>\n#text-2348688545 {\n  line-height: 0.75;\n}\n<\/style>\n\t<\/div>\n\t\n\t<div id=\"gap-1328829559\" class=\"gap-element clearfix\" style=\"display:block; height:auto;\">\n\t\t\n<style>\n#gap-1328829559 {\n  padding-top: 5px;\n}\n<\/style>\n\t<\/div>\n\t\n\n\t<div id=\"text-3558746792\" class=\"text\">\n\t\t\n\n<h3>PARTICIPA!<\/h3>\n\t\t\n<style>\n#text-3558746792 {\n  font-size: 2.25rem;\n  line-height: 1;\n}\n@media (min-width:550px) {\n  #text-3558746792 {\n    font-size: 2.5rem;\n  }\n}\n@media (min-width:850px) {\n  #text-3558746792 {\n    line-height: 0.75;\n  }\n}\n<\/style>\n\t<\/div>\n\t\n\t<div id=\"stack-1773222423\" class=\"stack stack-row justify-center items-stretch sm:stack-col sm:justify-center\">\n\t\t\n\n<a href=\"\/ca\/fes-te-soci-a\/\" class=\"button white\" style=\"border-radius:99px;padding:5px 30px 5px 30px;\">\n\t\t<span>Fes-te soci\/a<\/span>\n\t<\/a>\n\n\n<a href=\"\/ca\/donatius\/\" class=\"button white is-outline\" style=\"border-radius:99px;padding:5px 30px 5px 30px;\">\n\t\t<span>donatius<\/span>\n\t<\/a>\n\n\n<a href=\"\/ca\/voluntariat\/\" class=\"button white is-outline\" style=\"border-radius:99px;padding:5px 30px 5px 30px;\">\n\t\t<span>voluntariat<\/span>\n\t<\/a>\n\n\n\n\t\t\n<style>\n#stack-1773222423 > * {\n  --stack-gap: 0.75rem;\n}\n<\/style>\n\t<\/div>\n\t\n\n\t\t<\/div>\n\t\t\t\t\t<\/div>\n\n\t\n\n<\/div>\n\n\t\t<\/div>\n\n\t\t\n<style>\n#section_1610894807 {\n  padding-top: 30px;\n  padding-bottom: 30px;\n  min-height: 500px;\n  background-color: rgb(255, 255, 255);\n}\n#section_1610894807 .section-bg-overlay {\n  background-color: rgba(0, 116, 126, 0.59);\n}\n#section_1610894807 .section-bg img {\n  object-position: 73% 16%;\n}\n@media (min-width:550px) {\n  #section_1610894807 {\n    min-height: 500px;\n  }\n}\n@media (min-width:850px) {\n  #section_1610894807 {\n    min-height: 360px;\n  }\n}\n<\/style>\n\t<\/section>\n\t\n\n\n","protected":false},"excerpt":{"rendered":"","protected":false},"author":1,"featured_media":0,"parent":0,"menu_order":0,"comment_status":"closed","ping_status":"closed","template":"page-blank.php","meta":{"footnotes":""},"class_list":["post-693","page","type-page","status-publish","hentry"],"_links":{"self":[{"href":"https:\/\/afacatarroja.org\/ca\/wp-json\/wp\/v2\/pages\/693","targetHints":{"allow":["GET"]}}],"collection":[{"href":"https:\/\/afacatarroja.org\/ca\/wp-json\/wp\/v2\/pages"}],"about":[{"href":"https:\/\/afacatarroja.org\/ca\/wp-json\/wp\/v2\/types\/page"}],"author":[{"embeddable":true,"href":"https:\/\/afacatarroja.org\/ca\/wp-json\/wp\/v2\/users\/1"}],"replies":[{"embeddable":true,"href":"https:\/\/afacatarroja.org\/ca\/wp-json\/wp\/v2\/comments?post=693"}],"version-history":[{"count":14,"href":"https:\/\/afacatarroja.org\/ca\/wp-json\/wp\/v2\/pages\/693\/revisions"}],"predecessor-version":[{"id":2769,"href":"https:\/\/afacatarroja.org\/ca\/wp-json\/wp\/v2\/pages\/693\/revisions\/2769"}],"wp:attachment":[{"href":"https:\/\/afacatarroja.org\/ca\/wp-json\/wp\/v2\/media?parent=693"}],"curies":[{"name":"wp","href":"https:\/\/api.w.org\/{rel}","templated":true}]}}